{"id":27997,"date":"2025-02-20T23:29:41","date_gmt":"2025-02-20T22:29:41","guid":{"rendered":"http:\/\/olemosaic.com\/producto\/bol-de-coco-amarillo-salamandra-tenerife\/"},"modified":"2025-07-25T20:12:05","modified_gmt":"2025-07-25T18:12:05","slug":"bol-noix-de-coco-jaune-salamandre-tenerife","status":"publish","type":"product","link":"https:\/\/olemosaic.com\/fr\/produit\/bol-noix-de-coco-jaune-salamandre-tenerife\/","title":{"rendered":"Bol en noix de coco jaune. Salamandre. Tenerife."},"content":{"rendered":"<p>Ce bol en noix de coco jaune, d\u00e9cor\u00e9 d&rsquo;une sympathique salamandre, est une pi\u00e8ce unique qui capture l&rsquo;essence de Tenerife et de sa riche faune. \u00c9labor\u00e9 \u00e0 partir de coques de noix de coco, le bol pr\u00e9sente un design artisanal qui se distingue par sa peinture minutieuse \u00e0 la main. La salamandre, repr\u00e9sent\u00e9e dans des tons jaunes vibrants, contraste magnifiquement avec le fond sombre du bol, cr\u00e9ant une pi\u00e8ce visuellement attrayante et frappante. Autour de ce motif central, des c\u0153urs dor\u00e9s apportent une touche d&rsquo;\u00e9l\u00e9gance et de chaleur, faisant de ce bol non seulement un souvenir, mais aussi un objet d\u00e9coratif c\u00e9l\u00e9brant la beaut\u00e9 des \u00eeles Canaries.<\/p>\n<p>L&rsquo;inscription \u00ab\u00a0TENERIFE\u00a0\u00bb au centre du bol sert de souvenir distinctif de l&rsquo;\u00eele, en faisant un cadeau parfait pour ceux qui recherchent un souvenir authentique et significatif de leur visite. De plus, la salamandre est associ\u00e9e \u00e0 la biodiversit\u00e9 unique de Tenerife, soulignant le lien culturel et naturel entre le produit et la r\u00e9gion.<\/p>\n<p>Chez Ol\u00e9 Mosaic, nous nous sp\u00e9cialisons dans la distribution de souvenirs authentiques et de qualit\u00e9 en gros, et ce bol en noix de coco jaune repr\u00e9sente une excellente option pour les boutiques de cadeaux touristiques souhaitant proposer des produits uniques et m\u00e9morables. Avec son design attrayant et sa pertinence culturelle, ce bol se positionne comme l&rsquo;un des souvenirs de Tenerife les plus remarquables pour les touristes du monde entier.<\/p>\n","protected":false},"excerpt":{"rendered":"<p>Bol en noix de coco jaune d\u00e9cor\u00e9 d&rsquo;une salamandre, repr\u00e9sentant l&rsquo;essence de Tenerife. Ce bol attrayant, fabriqu\u00e9 avec une coque de noix de coco, pr\u00e9sente un design artisanal, peint \u00e0 la main, avec une salamandre jaune comme motif central sur un fond sombre, entour\u00e9e de c\u0153urs dor\u00e9s. L&rsquo;inscription \u00ab\u00a0TENERIFE\u00a0\u00bb lui donne une touche distinctive, en faisant un souvenir parfait et fonctionnel pour se rappeler la beaut\u00e9 des \u00eeles Canaries.<\/p>\n","protected":false},"featured_media":10228,"template":"","meta":{"_acf_changed":false},"product_brand":[],"product_cat":[521],"product_tag":[530],"class_list":{"0":"post-27997","1":"product","2":"type-product","3":"status-publish","4":"has-post-thumbnail","6":"product_cat-bols","7":"product_tag-animaux","8":"pa_ciudad-tenerife","9":"pa_motivo-salamandres","10":"pa_pais-espana","12":"first","13":"instock","14":"shipping-taxable","15":"product-type-simple"},"acf":[],"_links":{"self":[{"href":"https:\/\/olemosaic.com\/fr\/wp-json\/wp\/v2\/product\/27997","targetHints":{"allow":["GET"]}}],"collection":[{"href":"https:\/\/olemosaic.com\/fr\/wp-json\/wp\/v2\/product"}],"about":[{"href":"https:\/\/olemosaic.com\/fr\/wp-json\/wp\/v2\/types\/product"}],"wp:featuredmedia":[{"embeddable":true,"href":"https:\/\/olemosaic.com\/fr\/wp-json\/wp\/v2\/media\/10228"}],"wp:attachment":[{"href":"https:\/\/olemosaic.com\/fr\/wp-json\/wp\/v2\/media?parent=27997"}],"wp:term":[{"taxonomy":"product_brand","embeddable":true,"href":"https:\/\/olemosaic.com\/fr\/wp-json\/wp\/v2\/product_brand?post=27997"},{"taxonomy":"product_cat","embeddable":true,"href":"https:\/\/olemosaic.com\/fr\/wp-json\/wp\/v2\/product_cat?post=27997"},{"taxonomy":"product_tag","embeddable":true,"href":"https:\/\/olemosaic.com\/fr\/wp-json\/wp\/v2\/product_tag?post=27997"}],"curies":[{"name":"wp","href":"https:\/\/api.w.org\/{rel}","templated":true}]}}