{"id":27989,"date":"2025-02-20T23:29:40","date_gmt":"2025-02-20T22:29:40","guid":{"rendered":"http:\/\/olemosaic.com\/producto\/bol-de-coco-amarillo-delfin-gran-canaria\/"},"modified":"2025-07-25T18:42:45","modified_gmt":"2025-07-25T16:42:45","slug":"bol-noix-de-coco-jaune-dauphin-grande-canarie","status":"publish","type":"product","link":"https:\/\/olemosaic.com\/fr\/produit\/bol-noix-de-coco-jaune-dauphin-grande-canarie\/","title":{"rendered":"Bol en noix de coco jaune. Dauphin. Grande Canarie."},"content":{"rendered":"<p>Ce bol en noix de coco jaune, orn\u00e9 de charmants dauphins, est un v\u00e9ritable tr\u00e9sor de Grande Canarie qui capture l&rsquo;essence de sa vie marine vibrante. Peint \u00e0 la main avec soin, son design se distingue par la repr\u00e9sentation de deux dauphins jouant joyeusement, entour\u00e9s d&rsquo;un fond de c\u0153urs jaunes qui ajoutent une touche de chaleur et de joie. Le nom \u00ab Gran Canaria \u00bb, \u00e9l\u00e9gamment inscrit au centre, renforce sa connexion culturelle avec l&rsquo;\u00eele.<\/p>\n<p>La forme organique du bol, \u00e9labor\u00e9e \u00e0 partir de la coque de noix de coco, offre non seulement un aspect unique et naturel, mais refl\u00e8te \u00e9galement la riche biodiversit\u00e9 et l&rsquo;environnement marin qui caract\u00e9risent la Grande Canarie. Les d\u00e9tails dor\u00e9s qui ressortent dans la d\u00e9coration permettent \u00e0 ce souvenir de resplendir d&rsquo;un \u00e9clat sp\u00e9cial, en faisant une pi\u00e8ce distinctive qui attire le regard et \u00e9veille l&rsquo;int\u00e9r\u00eat.<\/p>\n<p>Ce bol en noix de coco jaune n&rsquo;est pas seulement un objet d\u00e9coratif, mais un symbole de la connexion de la Grande Canarie avec l&rsquo;oc\u00e9an et sa beaut\u00e9 naturelle in\u00e9gal\u00e9e, constituant un excellent cadeau pour les touristes \u00e0 la recherche de souvenirs repr\u00e9sentatifs et authentiques. Chez Ol\u00e9 Mosaic, nous distribuons des souvenirs de Grande Canarie en gros, garantissant l&rsquo;authenticit\u00e9 et la qualit\u00e9 que recherchent les boutiques de cadeaux touristiques. Ce bol est, sans aucun doute, une option id\u00e9ale pour ceux qui souhaitent emporter un morceau de la magie canarienne, fusionnant art et nature en un seul produit.<\/p>\n","protected":false},"excerpt":{"rendered":"<p>Bol en noix de coco jaune avec d\u00e9coration de dauphins, inspir\u00e9 par la beaut\u00e9 naturelle de la Grande Canarie. Ce produit artisanal pr\u00e9sente un design fait main, peint \u00e0 la main, montrant deux dauphins jouant dans un environnement charmant, sur un fond de c\u0153urs jaunes et de d\u00e9tails dor\u00e9s. Le bol capture l&rsquo;essence de l&rsquo;oc\u00e9an et de la vie marine canarienne, mettant en valeur le nom \u00ab Gran Canaria \u00bb au centre, ce qui ajoute une touche distinctive et color\u00e9e \u00e0 n&rsquo;importe quel foyer.<\/p>\n","protected":false},"featured_media":10261,"template":"","meta":{"_acf_changed":false},"product_brand":[],"product_cat":[521],"product_tag":[530],"class_list":{"0":"post-27989","1":"product","2":"type-product","3":"status-publish","4":"has-post-thumbnail","6":"product_cat-bols","7":"product_tag-animaux","8":"pa_ciudad-gran-canaria","9":"pa_motivo-dauphins","10":"pa_pais-espana","12":"first","13":"instock","14":"shipping-taxable","15":"product-type-simple"},"acf":[],"_links":{"self":[{"href":"https:\/\/olemosaic.com\/fr\/wp-json\/wp\/v2\/product\/27989","targetHints":{"allow":["GET"]}}],"collection":[{"href":"https:\/\/olemosaic.com\/fr\/wp-json\/wp\/v2\/product"}],"about":[{"href":"https:\/\/olemosaic.com\/fr\/wp-json\/wp\/v2\/types\/product"}],"wp:featuredmedia":[{"embeddable":true,"href":"https:\/\/olemosaic.com\/fr\/wp-json\/wp\/v2\/media\/10261"}],"wp:attachment":[{"href":"https:\/\/olemosaic.com\/fr\/wp-json\/wp\/v2\/media?parent=27989"}],"wp:term":[{"taxonomy":"product_brand","embeddable":true,"href":"https:\/\/olemosaic.com\/fr\/wp-json\/wp\/v2\/product_brand?post=27989"},{"taxonomy":"product_cat","embeddable":true,"href":"https:\/\/olemosaic.com\/fr\/wp-json\/wp\/v2\/product_cat?post=27989"},{"taxonomy":"product_tag","embeddable":true,"href":"https:\/\/olemosaic.com\/fr\/wp-json\/wp\/v2\/product_tag?post=27989"}],"curies":[{"name":"wp","href":"https:\/\/api.w.org\/{rel}","templated":true}]}}