{"id":27987,"date":"2025-02-20T23:29:40","date_gmt":"2025-02-20T22:29:40","guid":{"rendered":"http:\/\/olemosaic.com\/producto\/bol-de-coco-amarillo-caballito-de-mar-barcelona\/"},"modified":"2025-07-25T18:43:28","modified_gmt":"2025-07-25T16:43:28","slug":"bol-noix-de-coco-jaune-hippocampe-barcelone","status":"publish","type":"product","link":"https:\/\/olemosaic.com\/fr\/produit\/bol-noix-de-coco-jaune-hippocampe-barcelone\/","title":{"rendered":"Bol en noix de coco jaune. Hippocampe. Barcelone."},"content":{"rendered":"<p>Ce bol en noix de coco jaune est une pi\u00e8ce d\u00e9corative exceptionnelle, id\u00e9ale pour ceux qui souhaitent emporter un souvenir authentique de Barcelone. Le motif, peint \u00e0 la main, pr\u00e9sente un \u00e9l\u00e9gant hippocampe qui se d\u00e9tache avec sa tonalit\u00e9 dor\u00e9e sur un fond sombre, offrant un contraste visuel captivant. Les c\u0153urs jaunes qui l&rsquo;entourent cr\u00e9ent une atmosph\u00e8re vibrante et accueillante, \u00e9voquant la chaleur de la M\u00e9diterran\u00e9e et la joie caract\u00e9ristique de la cit\u00e9 comtale.<\/p>\n<p>L&rsquo;hippocampe, symbole de la mer qui baigne les c\u00f4tes de Barcelone, ne capte pas seulement l&rsquo;attention par sa beaut\u00e9, mais repr\u00e9sente \u00e9galement la riche vie marine de la r\u00e9gion. Ce bol n&rsquo;est pas seulement un \u00e9l\u00e9ment d\u00e9coratif ; c&rsquo;est un hommage \u00e0 la culture locale et \u00e0 la connexion de la ville avec l&rsquo;oc\u00e9an. Gr\u00e2ce \u00e0 son artisanat exceptionnel, ce souvenir encapsule l&rsquo;essence de Barcelone, devenant un cadeau parfait pour les touristes ou une pi\u00e8ce singuli\u00e8re pour la maison.<\/p>\n<p>Chez Ol\u00e9 Mosaic, nous sommes experts dans la distribution de souvenirs en gros, proposant des produits qui refl\u00e8tent l&rsquo;authenticit\u00e9 et l&rsquo;art de l&rsquo;Espagne. Ce bol en noix de coco jaune est une excellente option pour les boutiques de cadeaux touristiques cherchant \u00e0 proposer des articles uniques et significatifs. Avec notre s\u00e9lection de souvenirs de Barcelone, nous garantissons qualit\u00e9 et pertinence culturelle dans chaque pi\u00e8ce, en faisant un souvenir m\u00e9morable qui transcende les fronti\u00e8res.<\/p>\n","protected":false},"excerpt":{"rendered":"<p>Bol en noix de coco jaune d\u00e9cor\u00e9 d&rsquo;un \u00e9l\u00e9gant hippocampe, un motif embl\u00e9matique de Barcelone. Cet article artistique pr\u00e9sente un design artisanal, peint \u00e0 la main, avec des d\u00e9tails dor\u00e9s sur un fond sombre. Des c\u0153urs jaunes entourent le motif central, cr\u00e9ant une sensation vibrante et accueillante. Id\u00e9al comme souvenir ou pi\u00e8ce d\u00e9corative, ce bol capture l&rsquo;essence de la mer M\u00e9diterran\u00e9e et le charme culturel de la ville, devenant un cadeau m\u00e9morable.<\/p>\n","protected":false},"featured_media":10253,"template":"","meta":{"_acf_changed":false},"product_brand":[],"product_cat":[521],"product_tag":[530],"class_list":{"0":"post-27987","1":"product","2":"type-product","3":"status-publish","4":"has-post-thumbnail","6":"product_cat-bols","7":"product_tag-animaux","8":"pa_ciudad-barcelona","9":"pa_motivo-hippocampes","10":"pa_pais-espana","12":"first","13":"instock","14":"shipping-taxable","15":"product-type-simple"},"acf":[],"_links":{"self":[{"href":"https:\/\/olemosaic.com\/fr\/wp-json\/wp\/v2\/product\/27987","targetHints":{"allow":["GET"]}}],"collection":[{"href":"https:\/\/olemosaic.com\/fr\/wp-json\/wp\/v2\/product"}],"about":[{"href":"https:\/\/olemosaic.com\/fr\/wp-json\/wp\/v2\/types\/product"}],"wp:featuredmedia":[{"embeddable":true,"href":"https:\/\/olemosaic.com\/fr\/wp-json\/wp\/v2\/media\/10253"}],"wp:attachment":[{"href":"https:\/\/olemosaic.com\/fr\/wp-json\/wp\/v2\/media?parent=27987"}],"wp:term":[{"taxonomy":"product_brand","embeddable":true,"href":"https:\/\/olemosaic.com\/fr\/wp-json\/wp\/v2\/product_brand?post=27987"},{"taxonomy":"product_cat","embeddable":true,"href":"https:\/\/olemosaic.com\/fr\/wp-json\/wp\/v2\/product_cat?post=27987"},{"taxonomy":"product_tag","embeddable":true,"href":"https:\/\/olemosaic.com\/fr\/wp-json\/wp\/v2\/product_tag?post=27987"}],"curies":[{"name":"wp","href":"https:\/\/api.w.org\/{rel}","templated":true}]}}