{"id":27986,"date":"2025-02-20T23:29:40","date_gmt":"2025-02-20T22:29:40","guid":{"rendered":"http:\/\/olemosaic.com\/producto\/bol-de-coco-amarillo-bailaora\/"},"modified":"2025-07-25T20:26:09","modified_gmt":"2025-07-25T18:26:09","slug":"bol-noix-de-coco-jaune-danseuse-flamenco","status":"publish","type":"product","link":"https:\/\/olemosaic.com\/fr\/produit\/bol-noix-de-coco-jaune-danseuse-flamenco\/","title":{"rendered":"Bol en noix de coco jaune. Danseuse de flamenco."},"content":{"rendered":"<p>Ce bol en noix de coco jaune est une pi\u00e8ce artisanale qui capture l&rsquo;essence vibrante du flamenco, un art profond\u00e9ment enracin\u00e9 dans la culture espagnole. \u00c9labor\u00e9 avec minutie, sa couleur jaune spectaculaire se d\u00e9tache sur la base en noix de coco, avec un motif peint \u00e0 la main repr\u00e9sentant une danseuse de flamenco dans une pose dynamique, \u00e9voquant l&rsquo;\u00e9nergie et l&rsquo;esprit de la danse flamenco. Ce motif central est entour\u00e9 d&rsquo;une d\u00e9licate bordure de c\u0153urs qui ajoute une touche romantique et charmante \u00e0 la pi\u00e8ce, tandis que sa finition brillante r\u00e9fl\u00e9chit la lumi\u00e8re, cr\u00e9ant un effet visuel attrayant.<\/p>\n<p>La connexion culturelle de ce bol avec la tradition flamenca est significative, car le flamenco est un symbole de l&rsquo;identit\u00e9 espagnole, particuli\u00e8rement dans des r\u00e9gions comme l&rsquo;Andalousie. Ce bol n&rsquo;est pas seulement parfait pour servir des ap\u00e9ritifs ou comme pi\u00e8ce d\u00e9corative, mais il agit \u00e9galement comme un souvenir authentique des riches traditions culturelles de l&rsquo;Espagne.<\/p>\n<p>Chez Ol\u00e9 Mosaic, nous sommes fiers de proposer des souvenirs de qualit\u00e9 qui c\u00e9l\u00e8brent la diversit\u00e9 culturelle de notre pays. Ce bol en noix de coco jaune est un excellent choix pour les boutiques de cadeaux touristiques, car il se distingue comme un souvenir unique qui attire aussi bien les amateurs d&rsquo;art que ceux qui recherchent un souvenir authentique de leur exp\u00e9rience en Espagne. En tant que distributeurs de souvenirs, nous garantissons que chaque pi\u00e8ce refl\u00e8te l&rsquo;artisanat et le patrimoine culturel que nos clients appr\u00e9cient.<\/p>\n","protected":false},"excerpt":{"rendered":"<p>Bol en noix de coco jaune avec l&rsquo;illustration d&rsquo;une danseuse de flamenco. Ce bol attrayant, \u00e9labor\u00e9 de mani\u00e8re artisanale, se distingue par sa couleur jaune vibrante et les d\u00e9licats c\u0153urs qui ornent son bord. Peint dans un style artisanal, il pr\u00e9sente un motif central qui \u00e9voque l&rsquo;art flamenco, repr\u00e9sentant la danseuse dans une pose dynamique. Sa finition brillante et ses d\u00e9tails pleins de vie en font une pi\u00e8ce id\u00e9ale pour d\u00e9corer ou pour servir en toute occasion.<\/p>\n","protected":false},"featured_media":13472,"template":"","meta":{"_acf_changed":false},"product_brand":[],"product_cat":[521],"product_tag":[],"class_list":{"0":"post-27986","1":"product","2":"type-product","3":"status-publish","4":"has-post-thumbnail","6":"product_cat-bols","7":"pa_motivo-danseurs","9":"first","10":"instock","11":"shipping-taxable","12":"product-type-simple"},"acf":[],"_links":{"self":[{"href":"https:\/\/olemosaic.com\/fr\/wp-json\/wp\/v2\/product\/27986","targetHints":{"allow":["GET"]}}],"collection":[{"href":"https:\/\/olemosaic.com\/fr\/wp-json\/wp\/v2\/product"}],"about":[{"href":"https:\/\/olemosaic.com\/fr\/wp-json\/wp\/v2\/types\/product"}],"wp:featuredmedia":[{"embeddable":true,"href":"https:\/\/olemosaic.com\/fr\/wp-json\/wp\/v2\/media\/13472"}],"wp:attachment":[{"href":"https:\/\/olemosaic.com\/fr\/wp-json\/wp\/v2\/media?parent=27986"}],"wp:term":[{"taxonomy":"product_brand","embeddable":true,"href":"https:\/\/olemosaic.com\/fr\/wp-json\/wp\/v2\/product_brand?post=27986"},{"taxonomy":"product_cat","embeddable":true,"href":"https:\/\/olemosaic.com\/fr\/wp-json\/wp\/v2\/product_cat?post=27986"},{"taxonomy":"product_tag","embeddable":true,"href":"https:\/\/olemosaic.com\/fr\/wp-json\/wp\/v2\/product_tag?post=27986"}],"curies":[{"name":"wp","href":"https:\/\/api.w.org\/{rel}","templated":true}]}}