{"id":27975,"date":"2025-02-20T23:29:40","date_gmt":"2025-02-20T22:29:40","guid":{"rendered":"http:\/\/olemosaic.com\/producto\/bol-de-coco-amarillo-mariposa\/"},"modified":"2025-07-25T20:14:27","modified_gmt":"2025-07-25T18:14:27","slug":"bol-noix-de-coco-jaune-papillon","status":"publish","type":"product","link":"https:\/\/olemosaic.com\/fr\/produit\/bol-noix-de-coco-jaune-papillon\/","title":{"rendered":"Bol en noix de coco jaune. Papillon."},"content":{"rendered":"<p>Ce bol en noix de coco jaune est une pi\u00e8ce artisanale charmante, id\u00e9ale pour donner une touche sp\u00e9ciale \u00e0 n&rsquo;importe quel foyer. Son design est v\u00e9ritablement captivant : le fond marron fonc\u00e9, parsem\u00e9 de tons jaunes et oranges vibrants, \u00e9voque la chaleur du soleil et la splendeur de la nature. Au centre, un papillon \u00e0 l&rsquo;effet peint \u00e0 la main se distingue par sa joyeuse couleur jaune, symbolisant la vie et la transformation, tandis que le bord arrondi du bol est d\u00e9cor\u00e9 d&rsquo;un d\u00e9licat motif de c\u0153urs, qui apportent un air de douceur et de joie \u00e0 la pi\u00e8ce.<\/p>\n<p>Ce bol n&rsquo;est pas seulement un bel \u00e9l\u00e9ment d\u00e9coratif, il encapsule \u00e9galement la riche tradition artisanale de la r\u00e9gion, o\u00f9 chaque pi\u00e8ce est soigneusement \u00e9labor\u00e9e par des artisans qui pr\u00e9servent des techniques transmises de g\u00e9n\u00e9ration en g\u00e9n\u00e9ration. En tant que souvenir repr\u00e9sentatif, il est parfait pour \u00eatre expos\u00e9 dans n&rsquo;importe quel espace ou comme cadeau \u00e9vocateur pour ceux qui recherchent quelque chose d&rsquo;authentique de leur visite.<\/p>\n<p>Ol\u00e9 Mosaic est fier de proposer ces souvenirs uniques en gros, offrant aux boutiques de cadeaux touristiques une s\u00e9lection qui met en avant l&rsquo;authenticit\u00e9 et l&rsquo;art espagnol. Ce bol en noix de coco jaune est l&rsquo;option parfaite pour embellir n&rsquo;importe quel foyer, combinant fonctionnalit\u00e9 avec une riche h\u00e9ritage culturel.<\/p>\n","protected":false},"excerpt":{"rendered":"<p>Bol en noix de coco jaune d\u00e9cor\u00e9 d&rsquo;un d\u00e9licat motif de papillon, id\u00e9al pour donner une touche sp\u00e9ciale \u00e0 votre foyer. Ce bol artisanal pr\u00e9sente un fond marron fonc\u00e9 parsem\u00e9 de tons jaunes et oranges qui rehaussent la beaut\u00e9 du design. Le papillon, au design artisanal et peint \u00e0 la main au centre, est entour\u00e9 d&rsquo;une bordure en forme de c\u0153urs, ce qui apporte chaleur et joie. Parfait pour l&rsquo;exposition ou comme cadeau \u00e9voquant la riche tradition artisanale.<\/p>\n","protected":false},"featured_media":13439,"template":"","meta":{"_acf_changed":false},"product_brand":[],"product_cat":[521],"product_tag":[530],"class_list":{"0":"post-27975","1":"product","2":"type-product","3":"status-publish","4":"has-post-thumbnail","6":"product_cat-bols","7":"product_tag-animaux","8":"pa_motivo-papillons","10":"first","11":"instock","12":"shipping-taxable","13":"product-type-simple"},"acf":[],"_links":{"self":[{"href":"https:\/\/olemosaic.com\/fr\/wp-json\/wp\/v2\/product\/27975","targetHints":{"allow":["GET"]}}],"collection":[{"href":"https:\/\/olemosaic.com\/fr\/wp-json\/wp\/v2\/product"}],"about":[{"href":"https:\/\/olemosaic.com\/fr\/wp-json\/wp\/v2\/types\/product"}],"wp:featuredmedia":[{"embeddable":true,"href":"https:\/\/olemosaic.com\/fr\/wp-json\/wp\/v2\/media\/13439"}],"wp:attachment":[{"href":"https:\/\/olemosaic.com\/fr\/wp-json\/wp\/v2\/media?parent=27975"}],"wp:term":[{"taxonomy":"product_brand","embeddable":true,"href":"https:\/\/olemosaic.com\/fr\/wp-json\/wp\/v2\/product_brand?post=27975"},{"taxonomy":"product_cat","embeddable":true,"href":"https:\/\/olemosaic.com\/fr\/wp-json\/wp\/v2\/product_cat?post=27975"},{"taxonomy":"product_tag","embeddable":true,"href":"https:\/\/olemosaic.com\/fr\/wp-json\/wp\/v2\/product_tag?post=27975"}],"curies":[{"name":"wp","href":"https:\/\/api.w.org\/{rel}","templated":true}]}}