{"id":27944,"date":"2025-02-20T22:29:39","date_gmt":"2025-02-20T22:29:39","guid":{"rendered":"http:\/\/olemosaic.com\/producto\/bol-de-coco-amarillo-sardina-lisboa-2\/"},"modified":"2025-07-25T18:42:19","modified_gmt":"2025-07-25T16:42:19","slug":"bol-noix-de-coco-jaune-sardine-lisbonne-2","status":"publish","type":"product","link":"https:\/\/olemosaic.com\/fr\/produit\/bol-noix-de-coco-jaune-sardine-lisbonne-2\/","title":{"rendered":"Bol en noix de coco jaune. Sardine. Lisbonne."},"content":{"rendered":"<p>Ce bol en noix de coco jaune est un charmant souvenir qui capture l&rsquo;essence de la riche tradition de p\u00eache de Lisbonne. Son design vibrant et unique pr\u00e9sente une sardine dor\u00e9e au centre, symbole embl\u00e9matique de la gastronomie portugaise, entour\u00e9e d&rsquo;un cadre de c\u0153urs jaunes qui apportent une touche de joie et de chaleur. La base noire, parsem\u00e9e de petits d\u00e9tails dor\u00e9s, contraste magnifiquement avec les couleurs vives, cr\u00e9ant un effet visuel attrayant qui souligne sa beaut\u00e9 artisanale.<\/p>\n<p>Fabriqu\u00e9 en noix de coco, ce bol est l\u00e9ger et r\u00e9sistant, ce qui en fait un article polyvalent, id\u00e9al pour servir de d\u00e9licieux plats ou comme pi\u00e8ce d\u00e9corative dans n&rsquo;importe quel foyer. Sa forme ronde et ses motifs d\u00e9licats sont le reflet de la culture locale, faisant de ce bol un souvenir parfait pour ceux qui souhaitent emporter avec eux un morceau de Lisbonne. Ce bol n&rsquo;est pas seulement pratique, il repr\u00e9sente \u00e9galement l&rsquo;authenticit\u00e9 et la connexion culturelle avec une ville c\u00e9l\u00e8bre pour sa riche histoire maritime et son amour pour la cuisine \u00e0 base de poisson.<\/p>\n<p>Chez Ol\u00e9 Mosaic, en tant que distributeurs de souvenirs en gros, nous proposons des articles comme ce bol en noix de coco jaune, qui allient fonctionnalit\u00e9 et signification culturelle. C&rsquo;est une excellente option pour les boutiques de cadeaux touristiques qui cherchent \u00e0 offrir des produits authentiques et repr\u00e9sentatifs du Portugal.<\/p>\n","protected":false},"excerpt":{"rendered":"<p>Bol en noix de coco jaune d\u00e9cor\u00e9 d&rsquo;un design \u00e9l\u00e9gant de sardine, repr\u00e9sentant la riche tradition de p\u00eache de Lisbonne. Ce joli bol pr\u00e9sente une base noire parsem\u00e9e de d\u00e9tails dor\u00e9s, avec un cadre de c\u0153urs jaunes qui rehaussent son charme. Sa forme ronde et le mat\u00e9riau en noix de coco en font un article l\u00e9ger et r\u00e9sistant, id\u00e9al pour servir ou exposer. Parfait pour ajouter une touche de culture portugaise \u00e0 n&rsquo;importe quel foyer.<\/p>\n","protected":false},"featured_media":10177,"template":"","meta":{"_acf_changed":false},"product_brand":[],"product_cat":[521],"product_tag":[530],"class_list":{"0":"post-27944","1":"product","2":"type-product","3":"status-publish","4":"has-post-thumbnail","6":"product_cat-bols","7":"product_tag-animaux","8":"pa_ciudad-lisboa","9":"pa_motivo-sardines","10":"pa_pais-portugal","12":"first","13":"instock","14":"shipping-taxable","15":"product-type-simple"},"acf":[],"_links":{"self":[{"href":"https:\/\/olemosaic.com\/fr\/wp-json\/wp\/v2\/product\/27944","targetHints":{"allow":["GET"]}}],"collection":[{"href":"https:\/\/olemosaic.com\/fr\/wp-json\/wp\/v2\/product"}],"about":[{"href":"https:\/\/olemosaic.com\/fr\/wp-json\/wp\/v2\/types\/product"}],"wp:featuredmedia":[{"embeddable":true,"href":"https:\/\/olemosaic.com\/fr\/wp-json\/wp\/v2\/media\/10177"}],"wp:attachment":[{"href":"https:\/\/olemosaic.com\/fr\/wp-json\/wp\/v2\/media?parent=27944"}],"wp:term":[{"taxonomy":"product_brand","embeddable":true,"href":"https:\/\/olemosaic.com\/fr\/wp-json\/wp\/v2\/product_brand?post=27944"},{"taxonomy":"product_cat","embeddable":true,"href":"https:\/\/olemosaic.com\/fr\/wp-json\/wp\/v2\/product_cat?post=27944"},{"taxonomy":"product_tag","embeddable":true,"href":"https:\/\/olemosaic.com\/fr\/wp-json\/wp\/v2\/product_tag?post=27944"}],"curies":[{"name":"wp","href":"https:\/\/api.w.org\/{rel}","templated":true}]}}