{"id":27942,"date":"2025-02-20T22:29:39","date_gmt":"2025-02-20T22:29:39","guid":{"rendered":"http:\/\/olemosaic.com\/producto\/bol-de-coco-amarillo-caballito-de-mar-mallorca\/"},"modified":"2025-07-25T20:12:36","modified_gmt":"2025-07-25T18:12:36","slug":"bol-noix-de-coco-jaune-hippocampe-majorque","status":"publish","type":"product","link":"https:\/\/olemosaic.com\/fr\/produit\/bol-noix-de-coco-jaune-hippocampe-majorque\/","title":{"rendered":"Bol en noix de coco jaune. Hippocampe. Majorque."},"content":{"rendered":"<p>Ce bol en noix de coco jaune est un souvenir attrayant qui \u00e9voque la beaut\u00e9 de la mer M\u00e9diterran\u00e9e \u00e0 Majorque. Avec un design vibrant, son fond sombre est parsem\u00e9 d&rsquo;art dans des tons jaunes et de c\u0153urs, cr\u00e9ant un contraste visuel qui attire l&rsquo;attention. Au centre, le mot \u00ab\u00a0MAJORQUE\u00a0\u00bb est \u00e9l\u00e9gamment imprim\u00e9, soulignant son identit\u00e9 insulaire.<\/p>\n<p>L&rsquo;hippocampe, symbole embl\u00e9matique de la vie marine, est repr\u00e9sent\u00e9 avec pr\u00e9cision, apportant une touche ludique et festive. Ce bol ne sert pas seulement d&rsquo;\u00e9l\u00e9ment d\u00e9coratif, mais il est \u00e9galement id\u00e9al pour servir des ap\u00e9ritifs ou comme accessoire utile dans n&rsquo;importe quel foyer. Sa forme arrondie et ses finitions douces le rendent facile \u00e0 manipuler, ce qui en fait une option pratique pour les r\u00e9unions et les c\u00e9l\u00e9brations.<\/p>\n<p>L&rsquo;authenticit\u00e9 de ce bol en noix de coco jaune refl\u00e8te le riche h\u00e9ritage culturel des Bal\u00e9ares, o\u00f9 les traditions artisanales s&rsquo;entrelacent avec la beaut\u00e9 naturelle de l&rsquo;\u00eele. Chez Ol\u00e9 Mosaic, nous nous consacrons \u00e0 offrir des souvenirs de qualit\u00e9 qui repr\u00e9sentent v\u00e9ritablement l&rsquo;esprit de chaque lieu. Ce bol est une excellente option pour les boutiques de cadeaux touristiques qui recherchent des produits authentiques avec une signification culturelle. En tant que grossistes de souvenirs, nous garantissons que chaque pi\u00e8ce est unique et met en valeur l&rsquo;essence de Majorque.<\/p>\n","protected":false},"excerpt":{"rendered":"<p>Bol en noix de coco jaune d\u00e9cor\u00e9 d&rsquo;un hippocampe voyant, repr\u00e9sentant l&rsquo;essence de la M\u00e9diterran\u00e9e \u00e0 Majorque. Le bol pr\u00e9sente un design joyeux, avec un fond sombre parsem\u00e9 d&rsquo;art dans des tons jaunes et de c\u0153urs, cr\u00e9ant un contraste visuel attrayant. Le mot \u00ab\u00a0MAJORQUE\u00a0\u00bb est \u00e9l\u00e9gamment imprim\u00e9 au centre, ce qui fait de ce bol une pi\u00e8ce unique et color\u00e9e qui \u00e9voque la beaut\u00e9 c\u00f4ti\u00e8re de l&rsquo;\u00eele. Id\u00e9al pour servir des ap\u00e9ritifs ou comme \u00e9l\u00e9ment d\u00e9coratif.<\/p>\n","protected":false},"featured_media":10244,"template":"","meta":{"_acf_changed":false},"product_brand":[],"product_cat":[521],"product_tag":[530],"class_list":{"0":"post-27942","1":"product","2":"type-product","3":"status-publish","4":"has-post-thumbnail","6":"product_cat-bols","7":"product_tag-animaux","8":"pa_ciudad-mallorca","9":"pa_motivo-hippocampes","10":"pa_pais-espana","12":"first","13":"instock","14":"shipping-taxable","15":"product-type-simple"},"acf":[],"_links":{"self":[{"href":"https:\/\/olemosaic.com\/fr\/wp-json\/wp\/v2\/product\/27942","targetHints":{"allow":["GET"]}}],"collection":[{"href":"https:\/\/olemosaic.com\/fr\/wp-json\/wp\/v2\/product"}],"about":[{"href":"https:\/\/olemosaic.com\/fr\/wp-json\/wp\/v2\/types\/product"}],"wp:featuredmedia":[{"embeddable":true,"href":"https:\/\/olemosaic.com\/fr\/wp-json\/wp\/v2\/media\/10244"}],"wp:attachment":[{"href":"https:\/\/olemosaic.com\/fr\/wp-json\/wp\/v2\/media?parent=27942"}],"wp:term":[{"taxonomy":"product_brand","embeddable":true,"href":"https:\/\/olemosaic.com\/fr\/wp-json\/wp\/v2\/product_brand?post=27942"},{"taxonomy":"product_cat","embeddable":true,"href":"https:\/\/olemosaic.com\/fr\/wp-json\/wp\/v2\/product_cat?post=27942"},{"taxonomy":"product_tag","embeddable":true,"href":"https:\/\/olemosaic.com\/fr\/wp-json\/wp\/v2\/product_tag?post=27942"}],"curies":[{"name":"wp","href":"https:\/\/api.w.org\/{rel}","templated":true}]}}