{"id":27941,"date":"2025-02-20T23:29:39","date_gmt":"2025-02-20T22:29:39","guid":{"rendered":"http:\/\/olemosaic.com\/producto\/bol-de-coco-amarillo-isla-mallorca\/"},"modified":"2025-07-25T18:42:39","modified_gmt":"2025-07-25T16:42:39","slug":"bol-noix-de-coco-jaune-ile-majorque","status":"publish","type":"product","link":"https:\/\/olemosaic.com\/fr\/produit\/bol-noix-de-coco-jaune-ile-majorque\/","title":{"rendered":"Bol en noix de coco jaune. \u00cele. Majorque."},"content":{"rendered":"<p>Ce bol en noix de coco jaune d\u00e9cor\u00e9 est une repr\u00e9sentation exquise du charme et de la beaut\u00e9 de Majorque, id\u00e9al pour ceux qui recherchent un souvenir authentique et culturel de cette merveilleuse \u00eele des Bal\u00e9ares. Fabriqu\u00e9 \u00e0 partir de coques de noix de coco, ce bol pr\u00e9sente une finition noire brillante qui contraste magnifiquement avec les taches jaunes, qui d\u00e9limitent de mani\u00e8re vibrante la silhouette de l&rsquo;\u00eele et font ressortir le mot \u00ab\u00a0MAJORQUE\u00a0\u00bb \u00e0 l&rsquo;int\u00e9rieur. Son design artisanal en fait non seulement une pi\u00e8ce d\u00e9corative attrayante, mais il est \u00e9galement fonctionnel, car il est parfait pour servir des ap\u00e9ritifs ou comme centre de table.<\/p>\n<p>Le bol capture l&rsquo;essence m\u00e9diterran\u00e9enne de Majorque, \u00e9voquant ses paysages ensoleill\u00e9s et la chaleur de ses habitants. Chaque pi\u00e8ce est \u00e9labor\u00e9e artisanalement, ce qui garantit que chaque bol est unique, refl\u00e9tant le riche h\u00e9ritage culturel de l&rsquo;\u00eele. Ce souvenir de Majorque est une excellente option pour les visiteurs qui cherchent \u00e0 emporter un morceau du folklore local color\u00e9, id\u00e9al pour se souvenir de la paix et de la beaut\u00e9 qu&rsquo;offrent ses plages et ses paysages naturels.<\/p>\n<p>Chez Ol\u00e9 Mosaic, nous sommes fiers de proposer des produits authentiques comme ce bol en noix de coco jaune, parfaits pour les boutiques de cadeaux touristiques qui souhaitent offrir des souvenirs de qualit\u00e9. En tant que grossiste de souvenirs, nous assurons l&rsquo;authenticit\u00e9 et l&rsquo;attrait culturel de chaque article, offrant aux touristes un souvenir m\u00e9morable de leur visite \u00e0 Majorque.<\/p>\n","protected":false},"excerpt":{"rendered":"<p>Bol en noix de coco jaune d\u00e9cor\u00e9 d&rsquo;une carte vibrante de Majorque. Ce bol attrayant, fabriqu\u00e9 en noix de coco, pr\u00e9sente une finition noire brillante avec des taches jaunes qui soulignent la forme de l&rsquo;\u00eele et le mot \u00ab\u00a0MAJORQUE\u00a0\u00bb \u00e0 l&rsquo;int\u00e9rieur. Id\u00e9al comme pi\u00e8ce d\u00e9corative ou pour servir des ap\u00e9ritifs, son design artisanal capture l&rsquo;essence de l&rsquo;\u00eele des Bal\u00e9ares, apportant une touche exotique et culturelle \u00e0 n&rsquo;importe quel foyer.<\/p>\n","protected":false},"featured_media":10197,"template":"","meta":{"_acf_changed":false},"product_brand":[],"product_cat":[521],"product_tag":[],"class_list":{"0":"post-27941","1":"product","2":"type-product","3":"status-publish","4":"has-post-thumbnail","6":"product_cat-bols","7":"pa_ciudad-mallorca","8":"pa_motivo-iles","9":"pa_pais-espana","11":"first","12":"instock","13":"shipping-taxable","14":"product-type-simple"},"acf":[],"_links":{"self":[{"href":"https:\/\/olemosaic.com\/fr\/wp-json\/wp\/v2\/product\/27941","targetHints":{"allow":["GET"]}}],"collection":[{"href":"https:\/\/olemosaic.com\/fr\/wp-json\/wp\/v2\/product"}],"about":[{"href":"https:\/\/olemosaic.com\/fr\/wp-json\/wp\/v2\/types\/product"}],"wp:featuredmedia":[{"embeddable":true,"href":"https:\/\/olemosaic.com\/fr\/wp-json\/wp\/v2\/media\/10197"}],"wp:attachment":[{"href":"https:\/\/olemosaic.com\/fr\/wp-json\/wp\/v2\/media?parent=27941"}],"wp:term":[{"taxonomy":"product_brand","embeddable":true,"href":"https:\/\/olemosaic.com\/fr\/wp-json\/wp\/v2\/product_brand?post=27941"},{"taxonomy":"product_cat","embeddable":true,"href":"https:\/\/olemosaic.com\/fr\/wp-json\/wp\/v2\/product_cat?post=27941"},{"taxonomy":"product_tag","embeddable":true,"href":"https:\/\/olemosaic.com\/fr\/wp-json\/wp\/v2\/product_tag?post=27941"}],"curies":[{"name":"wp","href":"https:\/\/api.w.org\/{rel}","templated":true}]}}