{"id":27939,"date":"2025-02-20T23:29:38","date_gmt":"2025-02-20T22:29:38","guid":{"rendered":"http:\/\/olemosaic.com\/producto\/bol-de-coco-amarillo-sagrada-familia-barcelona\/"},"modified":"2025-07-25T19:17:23","modified_gmt":"2025-07-25T17:17:23","slug":"bol-noix-de-coco-jaune-sagrada-familia-barcelone","status":"publish","type":"product","link":"https:\/\/olemosaic.com\/fr\/produit\/bol-noix-de-coco-jaune-sagrada-familia-barcelone\/","title":{"rendered":"Bol en noix de coco jaune. Sagrada Familia. Barcelone."},"content":{"rendered":"<p>Ce bol en noix de coco jaune, d\u00e9cor\u00e9 d&rsquo;une repr\u00e9sentation de la Sagrada Familia, est un v\u00e9ritable tr\u00e9sor artisanal qui capture l&rsquo;essence de Barcelone. Peint \u00e0 la main avec minutie, son design pr\u00e9sente un fond marron fonc\u00e9 qui contraste parfaitement avec les d\u00e9tails jaunes vibrants et les c\u0153urs qui ornent son bord, apportant une touche charmante et contemporaine \u00e0 l&rsquo;art traditionnel de la c\u00e9ramique. La Sagrada Familia, monument embl\u00e9matique de la ville, se d\u00e9tache au centre, symbolisant non seulement l&rsquo;architecture iconique d&rsquo;Antoni Gaud\u00ed, mais aussi l&rsquo;esprit culturel de Barcelone. Ce bol, en plus d&rsquo;\u00eatre un article d\u00e9coratif, est fonctionnel, id\u00e9al pour servir des ap\u00e9ritifs ou simplement comme pi\u00e8ce ma\u00eetresse dans n&rsquo;importe quel foyer. Son design unique et color\u00e9 en fait le cadeau parfait pour ceux qui recherchent des souvenirs authentiques refl\u00e9tant la richesse culturelle et artistique de la r\u00e9gion. Chez Ol\u00e9 Mosaic, nous nous sp\u00e9cialisons dans la distribution de souvenirs en gros, et ce bol en noix de coco jaune est une magnifique option pour les boutiques de cadeaux touristiques souhaitant proposer des produits \u00e9voquant des souvenirs chers de Barcelone. Ce bol repr\u00e9sente la fusion de la tradition et de la modernit\u00e9, id\u00e9al pour ceux qui recherchent un souvenir qui transcende l&rsquo;ordinaire et c\u00e9l\u00e8bre la vibrante culture catalane.<\/p>\n","protected":false},"excerpt":{"rendered":"<p>Bol en noix de coco jaune d\u00e9cor\u00e9 d&rsquo;une repr\u00e9sentation de la Sagrada Familia, symbole embl\u00e9matique de Barcelone. Ce produit artisanal se distingue par son design peint \u00e0 la main, comprenant un fond marron fonc\u00e9 avec des d\u00e9tails jaunes et des c\u0153urs sur le bord. La combinaison de couleurs vibrantes et la technique de la c\u00e9ramique traditionnelle lui conf\u00e8rent une touche charmante et authentique, id\u00e9ale aussi bien pour la d\u00e9coration que pour un usage fonctionnel.<\/p>\n","protected":false},"featured_media":13464,"template":"","meta":{"_acf_changed":false},"product_brand":[],"product_cat":[521],"product_tag":[],"class_list":{"0":"post-27939","1":"product","2":"type-product","3":"status-publish","4":"has-post-thumbnail","6":"product_cat-bols","7":"pa_ciudad-barcelona","8":"pa_motivo-sagrada-familia","9":"pa_pais-espana","11":"first","12":"instock","13":"shipping-taxable","14":"product-type-simple"},"acf":[],"_links":{"self":[{"href":"https:\/\/olemosaic.com\/fr\/wp-json\/wp\/v2\/product\/27939","targetHints":{"allow":["GET"]}}],"collection":[{"href":"https:\/\/olemosaic.com\/fr\/wp-json\/wp\/v2\/product"}],"about":[{"href":"https:\/\/olemosaic.com\/fr\/wp-json\/wp\/v2\/types\/product"}],"wp:featuredmedia":[{"embeddable":true,"href":"https:\/\/olemosaic.com\/fr\/wp-json\/wp\/v2\/media\/13464"}],"wp:attachment":[{"href":"https:\/\/olemosaic.com\/fr\/wp-json\/wp\/v2\/media?parent=27939"}],"wp:term":[{"taxonomy":"product_brand","embeddable":true,"href":"https:\/\/olemosaic.com\/fr\/wp-json\/wp\/v2\/product_brand?post=27939"},{"taxonomy":"product_cat","embeddable":true,"href":"https:\/\/olemosaic.com\/fr\/wp-json\/wp\/v2\/product_cat?post=27939"},{"taxonomy":"product_tag","embeddable":true,"href":"https:\/\/olemosaic.com\/fr\/wp-json\/wp\/v2\/product_tag?post=27939"}],"curies":[{"name":"wp","href":"https:\/\/api.w.org\/{rel}","templated":true}]}}