{"id":27937,"date":"2025-02-20T23:29:38","date_gmt":"2025-02-20T22:29:38","guid":{"rendered":"http:\/\/olemosaic.com\/producto\/bol-de-coco-amarillo-salamandra-gran-canaria\/"},"modified":"2025-07-25T19:31:22","modified_gmt":"2025-07-25T17:31:22","slug":"bol-noix-de-coco-jaune-salamandre-gran-canaria","status":"publish","type":"product","link":"https:\/\/olemosaic.com\/fr\/produit\/bol-noix-de-coco-jaune-salamandre-gran-canaria\/","title":{"rendered":"Bol en noix de coco jaune. Salamandre. Gran Canaria."},"content":{"rendered":"<p>Ce bol en noix de coco jaune, orn\u00e9 d&rsquo;une charmante salamandre, est un authentique souvenir de Gran Canaria qui capture l&rsquo;essence de sa riche culture et de sa biodiversit\u00e9. Chaque bol est m\u00e9ticuleusement peint \u00e0 la main, pr\u00e9sentant un fond jaune vibrant qui fait ressortir la figure centrale d&rsquo;une salamandre noire, symbole de la faune end\u00e9mique de l&rsquo;\u00eele. Le design inclut un motif de c\u0153urs attachant qui encadre la salamandre, ajoutant une touche de tendresse et de cr\u00e9ativit\u00e9. Dans la partie inf\u00e9rieure, l&rsquo;inscription \u00ab\u00a0Gran Canaria\u00a0\u00bb se distingue, transformant ce bol en un souvenir unique de votre visite sur l&rsquo;\u00eele.<\/p>\n<p>Fabriqu\u00e9 en noix de coco, ce bol allie esth\u00e9tique et fonctionnalit\u00e9, \u00e9tant le compl\u00e9ment id\u00e9al pour la maison, que ce soit comme objet d\u00e9coratif ou pour servir des ap\u00e9ritifs. Son lien culturel se manifeste dans la repr\u00e9sentation de la salamandre, un symbole qui refl\u00e8te la riche vie sauvage de Gran Canaria et son environnement naturel. Ce bol n&rsquo;est pas seulement un objet, mais un morceau de la tradition canarienne que l&rsquo;on peut appr\u00e9cier dans n&rsquo;importe quel foyer.<\/p>\n<p>Chez Ol\u00e9 Mosaic, nous sommes fiers de proposer des souvenirs authentiques et de qualit\u00e9 en gros, comme ce bol exclusif en noix de coco, parfait pour les boutiques de cadeaux touristiques recherchant des produits repr\u00e9sentant fid\u00e8lement la culture locale. Ce bol salamandre est une excellente option pour les touristes souhaitant ramener un morceau de Gran Canaria et de son charme chez eux.<\/p>\n","protected":false},"excerpt":{"rendered":"<p>Bol en noix de coco jaune d\u00e9cor\u00e9 d&rsquo;une sympathique salamandre, un souvenir parfait de Gran Canaria. Ce bol exclusif pr\u00e9sente un design artisanal, peint \u00e0 la main, dans des tons jaunes et noirs, avec un motif de c\u0153urs encadrant la figure centrale de la salamandre. L&rsquo;inscription \u00ab\u00a0Gran Canaria\u00a0\u00bb ressort en bas, ajoutant une touche distinctive. Fabriqu\u00e9 en noix de coco, il allie fonctionnalit\u00e9 et esth\u00e9tique, ce qui en fait un compl\u00e9ment id\u00e9al pour la maison.<\/p>\n","protected":false},"featured_media":10221,"template":"","meta":{"_acf_changed":false},"product_brand":[],"product_cat":[521],"product_tag":[530],"class_list":{"0":"post-27937","1":"product","2":"type-product","3":"status-publish","4":"has-post-thumbnail","6":"product_cat-bols","7":"product_tag-animaux","8":"pa_ciudad-gran-canaria","9":"pa_motivo-salamandres","10":"pa_pais-espana","12":"first","13":"instock","14":"shipping-taxable","15":"product-type-simple"},"acf":[],"_links":{"self":[{"href":"https:\/\/olemosaic.com\/fr\/wp-json\/wp\/v2\/product\/27937","targetHints":{"allow":["GET"]}}],"collection":[{"href":"https:\/\/olemosaic.com\/fr\/wp-json\/wp\/v2\/product"}],"about":[{"href":"https:\/\/olemosaic.com\/fr\/wp-json\/wp\/v2\/types\/product"}],"wp:featuredmedia":[{"embeddable":true,"href":"https:\/\/olemosaic.com\/fr\/wp-json\/wp\/v2\/media\/10221"}],"wp:attachment":[{"href":"https:\/\/olemosaic.com\/fr\/wp-json\/wp\/v2\/media?parent=27937"}],"wp:term":[{"taxonomy":"product_brand","embeddable":true,"href":"https:\/\/olemosaic.com\/fr\/wp-json\/wp\/v2\/product_brand?post=27937"},{"taxonomy":"product_cat","embeddable":true,"href":"https:\/\/olemosaic.com\/fr\/wp-json\/wp\/v2\/product_cat?post=27937"},{"taxonomy":"product_tag","embeddable":true,"href":"https:\/\/olemosaic.com\/fr\/wp-json\/wp\/v2\/product_tag?post=27937"}],"curies":[{"name":"wp","href":"https:\/\/api.w.org\/{rel}","templated":true}]}}