{"id":27925,"date":"2025-02-20T23:29:38","date_gmt":"2025-02-20T22:29:38","guid":{"rendered":"http:\/\/olemosaic.com\/producto\/bol-de-coco-amarillo-delfin-barcelona\/"},"modified":"2025-07-25T20:28:44","modified_gmt":"2025-07-25T18:28:44","slug":"bol-en-noix-de-coco-jaune-dauphin-barcelone","status":"publish","type":"product","link":"https:\/\/olemosaic.com\/fr\/produit\/bol-en-noix-de-coco-jaune-dauphin-barcelone\/","title":{"rendered":"Bol en noix de coco jaune. Dauphin. Barcelone."},"content":{"rendered":"<p>Ce bol en noix de coco jaune d\u00e9cor\u00e9 de deux dauphins est un charmant souvenir qui capture l&rsquo;essence marine de Barcelone. Son design peint \u00e0 la main se distingue par un fond sombre orn\u00e9 de c\u0153urs aux tons chauds qui offrent une touche de joie et de vitalit\u00e9. Au centre, les dauphins, soigneusement illustr\u00e9s dans un jaune vibrant, \u00e9mergent avec \u00e9l\u00e9gance, symbolisant la connexion de la M\u00e9diterran\u00e9e avec la ville. Le bord dor\u00e9 rehausse la luminosit\u00e9 du bol, lui offrant une finition distinctive qui en fait un objet d\u00e9coratif id\u00e9al ou une pi\u00e8ce fonctionnelle pour servir des ap\u00e9ritifs.<\/p>\n<p>Ce bol n&rsquo;est pas seulement un souvenir visuellement attrayant, il repr\u00e9sente \u00e9galement la riche vie marine qui entoure Barcelone, une destination touristique c\u00e9l\u00e8bre pour ses plages et sa culture vibrante. Chez Ol\u00e9 Mosaic, nous comprenons l&rsquo;importance de proposer des souvenirs authentiques et pertinents, et ce bol de dauphins est une excellente option pour les boutiques de souvenirs touristiques \u00e0 la recherche de produits qui mettent en valeur l&rsquo;identit\u00e9 locale. En tant que distributeurs de souvenirs, nous garantissons la qualit\u00e9 et la singularit\u00e9 de chaque pi\u00e8ce, faisant de ce bol un cadeau parfait pour ceux qui souhaitent emporter un petit morceau de Barcelone.<\/p>\n","protected":false},"excerpt":{"rendered":"<p>Bol en noix de coco jaune d\u00e9cor\u00e9 de deux dauphins, \u00e9voquant l&rsquo;essence marine de Barcelone. Ce joli bol, au design artisanal peint \u00e0 la main, pr\u00e9sente un fond sombre parsem\u00e9 de c\u0153urs et un bord dor\u00e9. Les dauphins, \u00e9l\u00e9gamment illustr\u00e9s en jaune, contrastent vivement avec le fond. Id\u00e9al comme pi\u00e8ce d\u00e9corative ou pour servir des ap\u00e9ritifs, il \u00e9voque la fra\u00eecheur de la M\u00e9diterran\u00e9e.<\/p>\n","protected":false},"featured_media":10265,"template":"","meta":{"_acf_changed":false},"product_brand":[],"product_cat":[521],"product_tag":[530],"class_list":{"0":"post-27925","1":"product","2":"type-product","3":"status-publish","4":"has-post-thumbnail","6":"product_cat-bols","7":"product_tag-animaux","8":"pa_ciudad-barcelona","9":"pa_motivo-dauphins","10":"pa_pais-espana","12":"first","13":"instock","14":"shipping-taxable","15":"product-type-simple"},"acf":[],"_links":{"self":[{"href":"https:\/\/olemosaic.com\/fr\/wp-json\/wp\/v2\/product\/27925","targetHints":{"allow":["GET"]}}],"collection":[{"href":"https:\/\/olemosaic.com\/fr\/wp-json\/wp\/v2\/product"}],"about":[{"href":"https:\/\/olemosaic.com\/fr\/wp-json\/wp\/v2\/types\/product"}],"wp:featuredmedia":[{"embeddable":true,"href":"https:\/\/olemosaic.com\/fr\/wp-json\/wp\/v2\/media\/10265"}],"wp:attachment":[{"href":"https:\/\/olemosaic.com\/fr\/wp-json\/wp\/v2\/media?parent=27925"}],"wp:term":[{"taxonomy":"product_brand","embeddable":true,"href":"https:\/\/olemosaic.com\/fr\/wp-json\/wp\/v2\/product_brand?post=27925"},{"taxonomy":"product_cat","embeddable":true,"href":"https:\/\/olemosaic.com\/fr\/wp-json\/wp\/v2\/product_cat?post=27925"},{"taxonomy":"product_tag","embeddable":true,"href":"https:\/\/olemosaic.com\/fr\/wp-json\/wp\/v2\/product_tag?post=27925"}],"curies":[{"name":"wp","href":"https:\/\/api.w.org\/{rel}","templated":true}]}}