{"id":27923,"date":"2025-02-20T23:29:38","date_gmt":"2025-02-20T22:29:38","guid":{"rendered":"http:\/\/olemosaic.com\/producto\/bol-de-coco-amarillo-mano\/"},"modified":"2025-07-25T20:06:29","modified_gmt":"2025-07-25T18:06:29","slug":"bol-en-noix-de-coco-jaune-main","status":"publish","type":"product","link":"https:\/\/olemosaic.com\/fr\/produit\/bol-en-noix-de-coco-jaune-main\/","title":{"rendered":"Bol en noix de coco jaune. Main."},"content":{"rendered":"<p>Ce bol en noix de coco jaune, d\u00e9cor\u00e9 \u00e0 la main, est un bijou de l&rsquo;art populaire espagnol, id\u00e9al pour ceux qui recherchent des souvenirs authentiques et repr\u00e9sentatifs de la culture locale. Avec un design central montrant une main avec un \u0153il, symbole connu pour son association avec la protection et la chance, il transmet un message positif et plein d&rsquo;espoir. Autour de la main, une charmante bordure de c\u0153urs, tous dans un jaune vif \u00e9clatant qui ressort sur la couleur marron de la base du bol, cr\u00e9e un contraste visuel attrayant et chaleureux.<\/p>\n<p>Ce bol n&rsquo;est pas seulement fonctionnel, id\u00e9al pour servir des ap\u00e9ritifs ou comme \u00e9l\u00e9ment d\u00e9coratif dans n&rsquo;importe quel foyer, mais il est aussi une authentique repr\u00e9sentation du folklore espagnol. Son design color\u00e9 et attrayant apporte une touche joyeuse \u00e0 n&rsquo;importe quel espace, en faisant le souvenir parfait pour ceux qui visitent l&rsquo;Espagne et souhaitent emporter un morceau de sa culture. Chez Ol\u00e9 Mosaic, d\u00e9di\u00e9s \u00e0 la distribution de souvenirs en gros, nous proposons ce type de produits qui c\u00e9l\u00e8brent la tradition et la cr\u00e9ativit\u00e9 artisanale. Ce bol en noix de coco jaune est une excellente option pour les boutiques de souvenirs touristiques, garantissant que leurs clients emportent chez eux une pi\u00e8ce d&rsquo;art authentique et significative.<\/p>\n","protected":false},"excerpt":{"rendered":"<p>Bol en noix de coco jaune d\u00e9cor\u00e9 dans un style artisanal, \u00e9voquant l&rsquo;art populaire espagnol. Ce bol attrayant pr\u00e9sente au centre le dessin d&rsquo;une main avec un \u0153il, symbole de protection et de chance, entour\u00e9e de c\u0153urs et de d\u00e9tails en jaune vif. La base de la pi\u00e8ce est d&rsquo;une riche couleur marron, qui contraste \u00e9l\u00e9gamment avec les \u00e9l\u00e9ments dor\u00e9s. Id\u00e9al pour servir des ap\u00e9ritifs ou comme \u00e9l\u00e9ment d\u00e9coratif color\u00e9 dans n&rsquo;importe quel foyer.<\/p>\n","protected":false},"featured_media":13456,"template":"","meta":{"_acf_changed":false},"product_brand":[],"product_cat":[521],"product_tag":[],"class_list":{"0":"post-27923","1":"product","2":"type-product","3":"status-publish","4":"has-post-thumbnail","6":"product_cat-bols","7":"pa_motivo-mains","9":"first","10":"instock","11":"shipping-taxable","12":"product-type-simple"},"acf":[],"_links":{"self":[{"href":"https:\/\/olemosaic.com\/fr\/wp-json\/wp\/v2\/product\/27923","targetHints":{"allow":["GET"]}}],"collection":[{"href":"https:\/\/olemosaic.com\/fr\/wp-json\/wp\/v2\/product"}],"about":[{"href":"https:\/\/olemosaic.com\/fr\/wp-json\/wp\/v2\/types\/product"}],"wp:featuredmedia":[{"embeddable":true,"href":"https:\/\/olemosaic.com\/fr\/wp-json\/wp\/v2\/media\/13456"}],"wp:attachment":[{"href":"https:\/\/olemosaic.com\/fr\/wp-json\/wp\/v2\/media?parent=27923"}],"wp:term":[{"taxonomy":"product_brand","embeddable":true,"href":"https:\/\/olemosaic.com\/fr\/wp-json\/wp\/v2\/product_brand?post=27923"},{"taxonomy":"product_cat","embeddable":true,"href":"https:\/\/olemosaic.com\/fr\/wp-json\/wp\/v2\/product_cat?post=27923"},{"taxonomy":"product_tag","embeddable":true,"href":"https:\/\/olemosaic.com\/fr\/wp-json\/wp\/v2\/product_tag?post=27923"}],"curies":[{"name":"wp","href":"https:\/\/api.w.org\/{rel}","templated":true}]}}