{"id":27921,"date":"2025-02-20T23:29:37","date_gmt":"2025-02-20T22:29:37","guid":{"rendered":"http:\/\/olemosaic.com\/producto\/bol-de-ceramica-de-95-cm-punt-de-trobada-beige\/"},"modified":"2025-07-25T18:57:43","modified_gmt":"2025-07-25T16:57:43","slug":"bol-en-ceramique-de-9-5-cm-punt-de-trobada-beige","status":"publish","type":"product","link":"https:\/\/olemosaic.com\/fr\/produit\/bol-en-ceramique-de-9-5-cm-punt-de-trobada-beige\/","title":{"rendered":"Bol en c\u00e9ramique de 9,5 cm. Punt de trobada. Beige"},"content":{"rendered":"<p>Ce bol en c\u00e9ramique de 9,5 cm est un bijou unique qui refl\u00e8te l&rsquo;art vibrant de la tradition c\u00e9ramique espagnole. Peint \u00e0 la main, il pr\u00e9sente un ext\u00e9rieur dans un ton beige doux qui contraste parfaitement avec l&rsquo;int\u00e9rieur, d\u00e9cor\u00e9 d&rsquo;un motif abstrait parsem\u00e9 de formes color\u00e9es en rouge, bleu, jaune et noir. Ces teintes \u00e9voquent la richesse culturelle de la r\u00e9gion, enrichissant tout espace de son esth\u00e9tique distinctive. La forme carr\u00e9e du bol, aux bords doucement arrondis, apporte une touche moderne et \u00e9l\u00e9gante, en faisant une excellente ressource tant pour servir des ap\u00e9ritifs que pour \u00eatre utilis\u00e9 comme un \u00e9l\u00e9ment d\u00e9coratif attrayant dans la maison.<\/p>\n<p>Son design artistique n&rsquo;en fait pas seulement un objet fonctionnel, mais aussi un symbole de la connexion avec l&rsquo;h\u00e9ritage culturel de l&rsquo;Espagne, \u00e9tant un souvenir repr\u00e9sentatif de la ma\u00eetrise artisanale du pays. Ce bol est un choix id\u00e9al pour les touristes \u00e0 la recherche de souvenirs authentiques et significatifs lors de leur visite. Chez Ol\u00e9 Mosaic, notre engagement envers la qualit\u00e9 et la tradition se refl\u00e8te dans chaque pi\u00e8ce que nous distribuons, faisant de ce bol en c\u00e9ramique un produit phare de notre collection. En tant que grossistes de souvenirs, nous proposons des articles qui c\u00e9l\u00e8brent et pr\u00e9servent l&rsquo;essence de notre culture, garantissant que chaque client trouve dans nos pi\u00e8ces un petit morceau de la riche histoire espagnole.<\/p>\n","protected":false},"excerpt":{"rendered":"<p>Bol en c\u00e9ramique de 9,5 cm, design artisanal, peint \u00e0 la main, inspir\u00e9 par l&rsquo;art vibrant de la r\u00e9gion. Ce charmant bol aux tons beiges pr\u00e9sente un int\u00e9rieur d\u00e9cor\u00e9 d&rsquo;un motif abstrait comprenant des formes color\u00e9es en rouge, bleu, jaune et noir, \u00e9voquant la richesse culturelle de la tradition c\u00e9ramique. Sa forme carr\u00e9e aux bords doux lui donne une touche moderne, id\u00e9ale pour servir des ap\u00e9ritifs ou comme \u00e9l\u00e9ment d\u00e9coratif dans n&rsquo;importe quelle pi\u00e8ce.<\/p>\n","protected":false},"featured_media":10044,"template":"","meta":{"_acf_changed":false},"product_brand":[],"product_cat":[521],"product_tag":[585],"class_list":{"0":"post-27921","1":"product","2":"type-product","3":"status-publish","4":"has-post-thumbnail","6":"product_cat-bols","7":"product_tag-ceramique","8":"pa_motivo-punt-de-trobada","10":"first","11":"instock","12":"shipping-taxable","13":"product-type-simple"},"acf":[],"_links":{"self":[{"href":"https:\/\/olemosaic.com\/fr\/wp-json\/wp\/v2\/product\/27921","targetHints":{"allow":["GET"]}}],"collection":[{"href":"https:\/\/olemosaic.com\/fr\/wp-json\/wp\/v2\/product"}],"about":[{"href":"https:\/\/olemosaic.com\/fr\/wp-json\/wp\/v2\/types\/product"}],"wp:featuredmedia":[{"embeddable":true,"href":"https:\/\/olemosaic.com\/fr\/wp-json\/wp\/v2\/media\/10044"}],"wp:attachment":[{"href":"https:\/\/olemosaic.com\/fr\/wp-json\/wp\/v2\/media?parent=27921"}],"wp:term":[{"taxonomy":"product_brand","embeddable":true,"href":"https:\/\/olemosaic.com\/fr\/wp-json\/wp\/v2\/product_brand?post=27921"},{"taxonomy":"product_cat","embeddable":true,"href":"https:\/\/olemosaic.com\/fr\/wp-json\/wp\/v2\/product_cat?post=27921"},{"taxonomy":"product_tag","embeddable":true,"href":"https:\/\/olemosaic.com\/fr\/wp-json\/wp\/v2\/product_tag?post=27921"}],"curies":[{"name":"wp","href":"https:\/\/api.w.org\/{rel}","templated":true}]}}