{"id":27900,"date":"2025-02-20T23:29:37","date_gmt":"2025-02-20T22:29:37","guid":{"rendered":"http:\/\/olemosaic.com\/producto\/bol-de-coco-azul-salamandra-barcelona\/"},"modified":"2025-07-25T20:18:11","modified_gmt":"2025-07-25T18:18:11","slug":"bol-coco-bleu-salamandre-barcelone-bleu-dore","status":"publish","type":"product","link":"https:\/\/olemosaic.com\/fr\/produit\/bol-coco-bleu-salamandre-barcelone-bleu-dore\/","title":{"rendered":"Bol coco bleu. Salamandre. Barcelone. Bleu et dor\u00e9."},"content":{"rendered":"<p>Ce bol en c\u00e9ramique peint \u00e0 la main, inspir\u00e9 de l&rsquo;iconique salamandre de Barcelone, est une pi\u00e8ce qui fusionne art et tradition, id\u00e9ale comme souvenir repr\u00e9sentatif de cette ville vibrante. Son design complexe se distingue par un treillis dans les tons bleus et dor\u00e9s \u00e9voquant l&rsquo;architecture moderniste barcelonaise, remplissant n&rsquo;importe quel espace d&rsquo;\u00e9l\u00e9gance et de sophistication. Au centre du bol, le mot \u00ab\u00a0Barcelona\u00a0\u00bb ressort, connectant instantan\u00e9ment le spectateur \u00e0 la richesse culturelle de la m\u00e9tropole catalane. La figure vibrante de la salamandre, symbole de la ville et embl\u00e9matique de l&rsquo;\u0153uvre d&rsquo;Antoni Gaud\u00ed, ajoute une touche ludique et attrayante, refl\u00e9tant le caract\u00e8re artistique de son h\u00e9ritage.<\/p>\n<p>Ce bol en c\u00e9ramique n&rsquo;est pas seulement un \u00e9l\u00e9ment d\u00e9coratif, mais un rappel tangible de la beaut\u00e9 de l&rsquo;art \u00e0 Barcelone, ce qui en fait un cadeau parfait pour les touristes \u00e0 la recherche de souvenirs authentiques et significatifs. Chez Ol\u00e9 Mosaic, nous distribuons des produits artisanaux de qualit\u00e9 en gros, garantissant l&rsquo;authenticit\u00e9 de chaque pi\u00e8ce. Ce bol bleu est une excellente option pour les boutiques de cadeaux touristiques souhaitant offrir un morceau de la culture barcelonaise \u00e0 leurs clients, sa valeur ajout\u00e9e \u00e9tant un \u00e9l\u00e9ment cl\u00e9 dans le choix de souvenirs authentiques de la ville.<\/p>\n","protected":false},"excerpt":{"rendered":"<p>Bol coco au design artisanal, peint \u00e0 la main, inspir\u00e9 de l&rsquo;iconique salamandre de Barcelone. Ce magnifique bol pr\u00e9sente un design complexe de treillis dans les tons bleus et dor\u00e9s, avec le mot \u00ab\u00a0Barcelona\u00a0\u00bb se d\u00e9tachant \u00e0 l&rsquo;int\u00e9rieur. La figure de la salamandre, avec sa couleur vibrante, \u00e9voque le caract\u00e8re artistique de la ville. Parfait comme \u00e9l\u00e9ment d\u00e9coratif, il ajoute une touche culturelle et sophistiqu\u00e9e \u00e0 n&rsquo;importe quel espace.<\/p>\n","protected":false},"featured_media":10127,"template":"","meta":{"_acf_changed":false},"product_brand":[],"product_cat":[521],"product_tag":[530],"class_list":{"0":"post-27900","1":"product","2":"type-product","3":"status-publish","4":"has-post-thumbnail","6":"product_cat-bols","7":"product_tag-animaux","8":"pa_ciudad-barcelona","9":"pa_motivo-salamandres","10":"pa_pais-espana","12":"first","13":"instock","14":"shipping-taxable","15":"product-type-simple"},"acf":[],"_links":{"self":[{"href":"https:\/\/olemosaic.com\/fr\/wp-json\/wp\/v2\/product\/27900","targetHints":{"allow":["GET"]}}],"collection":[{"href":"https:\/\/olemosaic.com\/fr\/wp-json\/wp\/v2\/product"}],"about":[{"href":"https:\/\/olemosaic.com\/fr\/wp-json\/wp\/v2\/types\/product"}],"wp:featuredmedia":[{"embeddable":true,"href":"https:\/\/olemosaic.com\/fr\/wp-json\/wp\/v2\/media\/10127"}],"wp:attachment":[{"href":"https:\/\/olemosaic.com\/fr\/wp-json\/wp\/v2\/media?parent=27900"}],"wp:term":[{"taxonomy":"product_brand","embeddable":true,"href":"https:\/\/olemosaic.com\/fr\/wp-json\/wp\/v2\/product_brand?post=27900"},{"taxonomy":"product_cat","embeddable":true,"href":"https:\/\/olemosaic.com\/fr\/wp-json\/wp\/v2\/product_cat?post=27900"},{"taxonomy":"product_tag","embeddable":true,"href":"https:\/\/olemosaic.com\/fr\/wp-json\/wp\/v2\/product_tag?post=27900"}],"curies":[{"name":"wp","href":"https:\/\/api.w.org\/{rel}","templated":true}]}}