{"id":27898,"date":"2025-02-20T23:29:37","date_gmt":"2025-02-20T22:29:37","guid":{"rendered":"http:\/\/olemosaic.com\/producto\/bol-de-coco-amarillo-salamandra\/"},"modified":"2025-07-25T20:00:13","modified_gmt":"2025-07-25T18:00:13","slug":"bol-coco-jaune-salamandre","status":"publish","type":"product","link":"https:\/\/olemosaic.com\/fr\/produit\/bol-coco-jaune-salamandre\/","title":{"rendered":"Bol coco jaune. Salamandre."},"content":{"rendered":"<p>Ce bol en c\u00e9ramique peint \u00e0 la main est une v\u00e9ritable \u0153uvre d&rsquo;art qui capture l&rsquo;essence de la faune espagnole \u00e0 travers son design vibrant dans les tons jaunes et marron. Au centre du bol, se d\u00e9tache une charmante salamandre jaune, symbolisant la diversit\u00e9 et la richesse naturelle de la r\u00e9gion. Entour\u00e9e d&rsquo;un fond sombre qui fait ressortir ses couleurs \u00e9clatantes, la salamandre est encadr\u00e9e par un bord d\u00e9coratif pr\u00e9sentant des c\u0153urs et des taches de couleur, cr\u00e9ant un contraste int\u00e9ressant qui rehausse la beaut\u00e9 du produit. Ce bol en c\u00e9ramique n&rsquo;est pas seulement fonctionnel, il sert \u00e9galement d&rsquo;\u00e9l\u00e9ment d\u00e9coratif attrayant qui apportera une touche de couleur et d&rsquo;originalit\u00e9 \u00e0 n&rsquo;importe quel espace.<\/p>\n<p>La riche tradition artisanale espagnole se refl\u00e8te dans chaque d\u00e9tail de ce bol, qui est parfait non seulement comme souvenir, mais aussi comme accessoire d\u00e9coratif unique. Id\u00e9al pour ceux qui recherchent des souvenirs authentiques repr\u00e9sentant la culture locale, ce bol est une excellente option pour les touristes souhaitant emporter un petit morceau d&rsquo;Espagne avec eux. Chez Ol\u00e9 Mosaic, nous sommes fiers d&rsquo;\u00eatre distributeurs de produits artisanaux de qualit\u00e9, et ce bol repr\u00e9sente la synergie parfaite entre design, fonctionnalit\u00e9 et authenticit\u00e9. C&rsquo;est un choix id\u00e9al pour les boutiques de cadeaux touristiques int\u00e9ress\u00e9es par l&rsquo;offre de souvenirs en c\u00e9ramique capturant l&rsquo;essence culturelle de leurs r\u00e9gions.<\/p>\n","protected":false},"excerpt":{"rendered":"<p>Bol coco au design artisanal, peint \u00e0 la main, avec un design vibrant dans les tons jaunes et marron \u00e9voquant la faune de la r\u00e9gion. Au centre, une salamandre jaune se d\u00e9tache sur un fond sombre, entour\u00e9e d&rsquo;un bord d\u00e9coratif avec des c\u0153urs et des taches de couleur. Ce produit refl\u00e8te la riche tradition artisanale de l&rsquo;Espagne, id\u00e9al pour apporter une touche de couleur et d&rsquo;originalit\u00e9 \u00e0 tout espace. Parfait comme souvenir ou pour un usage d\u00e9coratif.<\/p>\n","protected":false},"featured_media":10169,"template":"","meta":{"_acf_changed":false},"product_brand":[],"product_cat":[521],"product_tag":[530],"class_list":{"0":"post-27898","1":"product","2":"type-product","3":"status-publish","4":"has-post-thumbnail","6":"product_cat-bols","7":"product_tag-animaux","8":"pa_motivo-salamandres","10":"first","11":"instock","12":"shipping-taxable","13":"product-type-simple"},"acf":[],"_links":{"self":[{"href":"https:\/\/olemosaic.com\/fr\/wp-json\/wp\/v2\/product\/27898","targetHints":{"allow":["GET"]}}],"collection":[{"href":"https:\/\/olemosaic.com\/fr\/wp-json\/wp\/v2\/product"}],"about":[{"href":"https:\/\/olemosaic.com\/fr\/wp-json\/wp\/v2\/types\/product"}],"wp:featuredmedia":[{"embeddable":true,"href":"https:\/\/olemosaic.com\/fr\/wp-json\/wp\/v2\/media\/10169"}],"wp:attachment":[{"href":"https:\/\/olemosaic.com\/fr\/wp-json\/wp\/v2\/media?parent=27898"}],"wp:term":[{"taxonomy":"product_brand","embeddable":true,"href":"https:\/\/olemosaic.com\/fr\/wp-json\/wp\/v2\/product_brand?post=27898"},{"taxonomy":"product_cat","embeddable":true,"href":"https:\/\/olemosaic.com\/fr\/wp-json\/wp\/v2\/product_cat?post=27898"},{"taxonomy":"product_tag","embeddable":true,"href":"https:\/\/olemosaic.com\/fr\/wp-json\/wp\/v2\/product_tag?post=27898"}],"curies":[{"name":"wp","href":"https:\/\/api.w.org\/{rel}","templated":true}]}}