{"id":27897,"date":"2025-02-20T23:29:36","date_gmt":"2025-02-20T22:29:36","guid":{"rendered":"http:\/\/olemosaic.com\/producto\/bol-de-coco-azul-caballito-de-mar-barcelona\/"},"modified":"2025-07-25T18:43:30","modified_gmt":"2025-07-25T16:43:30","slug":"bol-coco-bleu-hippocampe-mediterranee-barcelone","status":"publish","type":"product","link":"https:\/\/olemosaic.com\/fr\/produit\/bol-coco-bleu-hippocampe-mediterranee-barcelone\/","title":{"rendered":"Bol coco bleu. Hippocampe en M\u00e9diterran\u00e9e. Barcelone."},"content":{"rendered":"<p>Ce bol en c\u00e9ramique peint \u00e0 la main est un v\u00e9ritable bijou qui capture l&rsquo;essence de la M\u00e9diterran\u00e9e, id\u00e9al comme souvenir repr\u00e9sentatif de Barcelone. Son design bleu vibrant \u00e9voque les eaux profondes de la mer, cr\u00e9ant une sensation de fra\u00eecheur et de vie marine. Au centre du bol, on peut appr\u00e9cier un d\u00e9licat hippocampe, symbole embl\u00e9matique de la c\u00f4te catalane, qui se distingue \u00e9l\u00e9gamment par ses d\u00e9tails en blanc, attirant tous les regards.<\/p>\n<p>Le bord du bol est d\u00e9cor\u00e9 d&rsquo;un design artistique aux formes g\u00e9om\u00e9triques, ce qui lui conf\u00e8re une finition unique et souligne son caract\u00e8re artisanal. De plus, le bol inclut le mot \u00ab\u00a0Barcelona\u00a0\u00bb, ce qui en fait un souvenir id\u00e9al pour ceux qui souhaitent ramener chez eux un morceau de cette belle ville c\u00f4ti\u00e8re. Sa fonctionnalit\u00e9 est polyvalente, aussi bien comme \u00e9l\u00e9ment d\u00e9coratif que pour servir des ap\u00e9ritifs, ce qui le rend parfait pour les \u00e9v\u00e9nements et les r\u00e9unions.<\/p>\n<p>Ce souvenir en c\u00e9ramique ne c\u00e9l\u00e8bre pas seulement la riche tradition artisanale de la r\u00e9gion, mais refl\u00e8te \u00e9galement l&rsquo;amour pour la mer et la culture m\u00e9diterran\u00e9enne. Chez Ol\u00e9 Mosaic, nous sommes fiers de proposer des souvenirs authentiques, et ce bol en c\u00e9ramique est une excellente option pour les boutiques de cadeaux touristiques \u00e0 la recherche de produits ayant une valeur culturelle et esth\u00e9tique. En tant que fournisseur en gros de souvenirs de Barcelone, nous garantissons qualit\u00e9 et authenticit\u00e9 dans chaque pi\u00e8ce.<\/p>\n","protected":false},"excerpt":{"rendered":"<p>Bol coco au design artisanal, peint \u00e0 la main, avec un design bleu vibrant \u00e9voquant les eaux de la M\u00e9diterran\u00e9e, avec un hippocampe au centre. D\u00e9cor\u00e9 de d\u00e9tails blancs et d&rsquo;un bord apportant une touche artistique, le bol inclut le mot \u00ab\u00a0Barcelona\u00a0\u00bb, en r\u00e9f\u00e9rence \u00e0 la belle ville c\u00f4ti\u00e8re. Id\u00e9al comme \u00e9l\u00e9ment d\u00e9coratif ou pour servir des ap\u00e9ritifs, son design capture l&rsquo;essence de la vie marine et du folklore de la r\u00e9gion.<\/p>\n","protected":false},"featured_media":11755,"template":"","meta":{"_acf_changed":false},"product_brand":[],"product_cat":[521],"product_tag":[530],"class_list":{"0":"post-27897","1":"product","2":"type-product","3":"status-publish","4":"has-post-thumbnail","6":"product_cat-bols","7":"product_tag-animaux","8":"pa_ciudad-barcelona","9":"pa_motivo-hippocampes","10":"pa_pais-espana","12":"first","13":"instock","14":"shipping-taxable","15":"product-type-simple"},"acf":[],"_links":{"self":[{"href":"https:\/\/olemosaic.com\/fr\/wp-json\/wp\/v2\/product\/27897","targetHints":{"allow":["GET"]}}],"collection":[{"href":"https:\/\/olemosaic.com\/fr\/wp-json\/wp\/v2\/product"}],"about":[{"href":"https:\/\/olemosaic.com\/fr\/wp-json\/wp\/v2\/types\/product"}],"wp:featuredmedia":[{"embeddable":true,"href":"https:\/\/olemosaic.com\/fr\/wp-json\/wp\/v2\/media\/11755"}],"wp:attachment":[{"href":"https:\/\/olemosaic.com\/fr\/wp-json\/wp\/v2\/media?parent=27897"}],"wp:term":[{"taxonomy":"product_brand","embeddable":true,"href":"https:\/\/olemosaic.com\/fr\/wp-json\/wp\/v2\/product_brand?post=27897"},{"taxonomy":"product_cat","embeddable":true,"href":"https:\/\/olemosaic.com\/fr\/wp-json\/wp\/v2\/product_cat?post=27897"},{"taxonomy":"product_tag","embeddable":true,"href":"https:\/\/olemosaic.com\/fr\/wp-json\/wp\/v2\/product_tag?post=27897"}],"curies":[{"name":"wp","href":"https:\/\/api.w.org\/{rel}","templated":true}]}}