{"id":27896,"date":"2025-02-20T23:29:36","date_gmt":"2025-02-20T22:29:36","guid":{"rendered":"http:\/\/olemosaic.com\/producto\/bol-de-ceramica-de-12-cm-panoramica-barcelona-beige-2\/"},"modified":"2025-07-25T19:56:09","modified_gmt":"2025-07-25T17:56:09","slug":"bol-en-ceramique-de-12-cm-panoramique-sagrada-familia-barcelone-beige","status":"publish","type":"product","link":"https:\/\/olemosaic.com\/fr\/produit\/bol-en-ceramique-de-12-cm-panoramique-sagrada-familia-barcelone-beige\/","title":{"rendered":"Bol en c\u00e9ramique de 12 cm. Panoramique Sagrada Familia Barcelone. Beige"},"content":{"rendered":"<p>Ce bol en c\u00e9ramique peint \u00e0 la main, de 12 cm, est un v\u00e9ritable symbole de Barcelone, con\u00e7u pour capturer l&rsquo;essence vibrante de cette ville espagnole embl\u00e9matique. La pi\u00e8ce pr\u00e9sente un panoramique color\u00e9 qui inclut la c\u00e9l\u00e8bre Sagrada Familia, ainsi que d&rsquo;autres \u00e9l\u00e9ments embl\u00e9matiques et architecturaux qui caract\u00e9risent Barcelone, tels que des mosa\u00efques et des b\u00e2timents de renom. Son int\u00e9rieur est d&rsquo;un ton beige d\u00e9licat, qui contraste parfaitement avec le bord rouge soulignant la partie sup\u00e9rieure du bol, cr\u00e9ant une pi\u00e8ce non seulement fonctionnelle, mais aussi d\u00e9corative.<\/p>\n<p>Les motifs artistiques repr\u00e9sent\u00e9s sur le bol sont pleins de vie et de joie, avec des textes mettant en avant \u00ab\u00a0Barcelona\u00a0\u00bb dans diff\u00e9rents styles, ce qui en fait un souvenir id\u00e9al pour ceux qui souhaitent emporter un morceau de la culture catalane. Ce souvenir est plus qu&rsquo;un simple objet d\u00e9coratif ; il repr\u00e9sente la riche histoire et l&rsquo;esprit cr\u00e9atif qui caract\u00e9risent cette r\u00e9gion de la M\u00e9diterran\u00e9e. C&rsquo;est une excellente option pour les touristes \u00e0 la recherche de souvenirs en c\u00e9ramique authentiques, en plus d&rsquo;\u00eatre un cadeau parfait pour ceux qui aiment l&rsquo;architecture et l&rsquo;art.<\/p>\n<p>Chez Ol\u00e9 Mosaic, nous nous sp\u00e9cialisons dans la distribution de souvenirs en gros, offrant des produits authentiques qui refl\u00e8tent la culture locale. Ce bol en c\u00e9ramique est une option fantastique pour les boutiques de cadeaux touristiques souhaitant proposer \u00e0 leurs clients un souvenir distinctif et de qualit\u00e9. En tant que grossiste en c\u00e9ramique, nous garantissons une offre qui c\u00e9l\u00e8bre l&rsquo;h\u00e9ritage culturel et artistique de l&rsquo;Espagne.<\/p>\n","protected":false},"excerpt":{"rendered":"<p>Bol en c\u00e9ramique de 12 cm, d\u00e9cor\u00e9 d&rsquo;un panoramique color\u00e9 de Barcelone. La pi\u00e8ce pr\u00e9sente un design vibrant qui inclut la c\u00e9l\u00e8bre Sagrada Familia et d&rsquo;autres \u00e9l\u00e9ments embl\u00e9matiques de la ville, comme des mosa\u00efques et des b\u00e2timents iconiques. Avec son int\u00e9rieur beige et son bord rouge, ce bol au design artisanal, peint \u00e0 la main, se distingue par ses motifs artistiques et les inscriptions mettant en avant \u00ab\u00a0Barcelona\u00a0\u00bb, ce qui en fait un souvenir attrayant capturant l&rsquo;essence de la ville.<\/p>\n","protected":false},"featured_media":7758,"template":"","meta":{"_acf_changed":false},"product_brand":[],"product_cat":[521],"product_tag":[585],"class_list":{"0":"post-27896","1":"product","2":"type-product","3":"status-publish","4":"has-post-thumbnail","6":"product_cat-bols","7":"product_tag-ceramique","8":"pa_ciudad-barcelona","9":"pa_motivo-panoramas","10":"pa_pais-espana","12":"first","13":"instock","14":"shipping-taxable","15":"product-type-simple"},"acf":[],"_links":{"self":[{"href":"https:\/\/olemosaic.com\/fr\/wp-json\/wp\/v2\/product\/27896","targetHints":{"allow":["GET"]}}],"collection":[{"href":"https:\/\/olemosaic.com\/fr\/wp-json\/wp\/v2\/product"}],"about":[{"href":"https:\/\/olemosaic.com\/fr\/wp-json\/wp\/v2\/types\/product"}],"wp:featuredmedia":[{"embeddable":true,"href":"https:\/\/olemosaic.com\/fr\/wp-json\/wp\/v2\/media\/7758"}],"wp:attachment":[{"href":"https:\/\/olemosaic.com\/fr\/wp-json\/wp\/v2\/media?parent=27896"}],"wp:term":[{"taxonomy":"product_brand","embeddable":true,"href":"https:\/\/olemosaic.com\/fr\/wp-json\/wp\/v2\/product_brand?post=27896"},{"taxonomy":"product_cat","embeddable":true,"href":"https:\/\/olemosaic.com\/fr\/wp-json\/wp\/v2\/product_cat?post=27896"},{"taxonomy":"product_tag","embeddable":true,"href":"https:\/\/olemosaic.com\/fr\/wp-json\/wp\/v2\/product_tag?post=27896"}],"curies":[{"name":"wp","href":"https:\/\/api.w.org\/{rel}","templated":true}]}}