{"id":27873,"date":"2025-02-20T23:29:36","date_gmt":"2025-02-20T22:29:36","guid":{"rendered":"http:\/\/olemosaic.com\/producto\/bol-de-ceramica-de-9-cm-mosaico-barcelona-blanco\/"},"modified":"2025-07-25T20:26:34","modified_gmt":"2025-07-25T18:26:34","slug":"bol-ceramique-9cm-mosaique-barcelone-blanc","status":"publish","type":"product","link":"https:\/\/olemosaic.com\/fr\/produit\/bol-ceramique-9cm-mosaique-barcelone-blanc\/","title":{"rendered":"Bol en c\u00e9ramique de 9 cm. Mosa\u00efque. Barcelone. Blanc"},"content":{"rendered":"<p>Ce bol en c\u00e9ramique est un charmant souvenir qui capture l&rsquo;essence vibrante de Barcelone. D&rsquo;un diam\u00e8tre de 9 cm, il se distingue par sa d\u00e9coration color\u00e9e, compos\u00e9e de mosa\u00efques dans les tons bleus, oranges et rouges qui \u00e9voquent le c\u00e9l\u00e8bre trencad\u00eds de Gaud\u00ed, une technique qui a transform\u00e9 l&rsquo;architecture de la ville en une v\u00e9ritable \u0153uvre d&rsquo;art. L&rsquo;ext\u00e9rieur du bol pr\u00e9sente une riche vari\u00e9t\u00e9 de motifs, chacun s\u00e9lectionn\u00e9 pour ramener chez soi un morceau de la ferveur culturelle de Barcelone, tandis que son int\u00e9rieur blanc offre un contraste \u00e9l\u00e9gant qui rehausse la beaut\u00e9 du design. Un bord rouge orne la partie sup\u00e9rieure, ajoutant une touche distinctive \u00e0 cette pi\u00e8ce fonctionnelle.<\/p>\n<p>Ce bol n&rsquo;est pas seulement id\u00e9al pour servir des tapas ou des ap\u00e9ritifs, il peut \u00e9galement \u00eatre utilis\u00e9 comme \u00e9l\u00e9ment d\u00e9coratif qui rehausse n&rsquo;importe quelle table. L&rsquo;inclusion du nom \u00ab\u00a0Barcelone\u00a0\u00bb dans le design souligne son authenticit\u00e9 et son lien culturel avec la ville, en faisant un souvenir parfait pour ceux qui souhaitent emporter un morceau de cette m\u00e9tropole embl\u00e9matique. Chez Ol\u00e9 Mosaic, nous sommes fiers de proposer des souvenirs authentiques qui repr\u00e9sentent fid\u00e8lement la tradition et l&rsquo;art de chaque r\u00e9gion. Ce bol en c\u00e9ramique est un choix id\u00e9al pour les boutiques de souvenirs touristiques qui cherchent \u00e0 proposer des produits refl\u00e9tant la richesse culturelle de l&rsquo;Espagne et son design artisanal.<\/p>\n","protected":false},"excerpt":{"rendered":"<p>Bol en c\u00e9ramique de 9 cm, d\u00e9cor\u00e9 de mosa\u00efques vibrantes qui capturent l&rsquo;essence de Barcelone. Ce bol captivant pr\u00e9sente une vari\u00e9t\u00e9 de motifs color\u00e9s dans les tons bleus, oranges et rouges, \u00e9voquant le c\u00e9l\u00e8bre trencad\u00eds de Gaud\u00ed. Avec son int\u00e9rieur blanc et son bord rouge, c&rsquo;est un article fonctionnel et d\u00e9coratif, id\u00e9al pour rehausser n&rsquo;importe quelle table ou comme souvenir original. Le nom \u00ab\u00a0Barcelone\u00a0\u00bb ressort, ajoutant une touche distinctive \u00e0 ce design artisanal.<\/p>\n","protected":false},"featured_media":11181,"template":"","meta":{"_acf_changed":false},"product_brand":[],"product_cat":[521],"product_tag":[585],"class_list":{"0":"post-27873","1":"product","2":"type-product","3":"status-publish","4":"has-post-thumbnail","6":"product_cat-bols","7":"product_tag-ceramique","8":"pa_ciudad-barcelona","9":"pa_motivo-mosaique","10":"pa_pais-espana","12":"first","13":"instock","14":"shipping-taxable","15":"product-type-simple"},"acf":[],"_links":{"self":[{"href":"https:\/\/olemosaic.com\/fr\/wp-json\/wp\/v2\/product\/27873","targetHints":{"allow":["GET"]}}],"collection":[{"href":"https:\/\/olemosaic.com\/fr\/wp-json\/wp\/v2\/product"}],"about":[{"href":"https:\/\/olemosaic.com\/fr\/wp-json\/wp\/v2\/types\/product"}],"wp:featuredmedia":[{"embeddable":true,"href":"https:\/\/olemosaic.com\/fr\/wp-json\/wp\/v2\/media\/11181"}],"wp:attachment":[{"href":"https:\/\/olemosaic.com\/fr\/wp-json\/wp\/v2\/media?parent=27873"}],"wp:term":[{"taxonomy":"product_brand","embeddable":true,"href":"https:\/\/olemosaic.com\/fr\/wp-json\/wp\/v2\/product_brand?post=27873"},{"taxonomy":"product_cat","embeddable":true,"href":"https:\/\/olemosaic.com\/fr\/wp-json\/wp\/v2\/product_cat?post=27873"},{"taxonomy":"product_tag","embeddable":true,"href":"https:\/\/olemosaic.com\/fr\/wp-json\/wp\/v2\/product_tag?post=27873"}],"curies":[{"name":"wp","href":"https:\/\/api.w.org\/{rel}","templated":true}]}}