{"id":27863,"date":"2025-02-20T23:29:35","date_gmt":"2025-02-20T22:29:35","guid":{"rendered":"http:\/\/olemosaic.com\/producto\/bol-de-ceramica-de-95-cm-salamandra-mallorca-beige\/"},"modified":"2025-07-25T18:41:54","modified_gmt":"2025-07-25T16:41:54","slug":"bol-en-ceramique-de-9-5-cm-salamandre-majorque-beige","status":"publish","type":"product","link":"https:\/\/olemosaic.com\/fr\/produit\/bol-en-ceramique-de-9-5-cm-salamandre-majorque-beige\/","title":{"rendered":"Bol en c\u00e9ramique de 9,5 cm. Salamandre. Majorque. Beige"},"content":{"rendered":"<p>Ce bol en c\u00e9ramique de 9,5 cm, d\u00e9cor\u00e9 de charmantes salamandres, est un souvenir parfait qui renferme l&rsquo;esprit vibrant de Majorque. Son design se distingue par un motif g\u00e9om\u00e9trique color\u00e9 m\u00e9langeant des tons rouges, bleus et verts dans des illustrations de salamandres, entour\u00e9es de jolies fleurs, ce qui en fait une pi\u00e8ce joyeuse et pleine de vie. L&rsquo;int\u00e9rieur du bol est d&rsquo;un blanc \u00e9clatant, tandis que l&rsquo;ext\u00e9rieur est bord\u00e9 d&rsquo;un vert intense, cr\u00e9ant un contraste attrayant qui attirera l&rsquo;attention des visiteurs.<\/p>\n<p>Ce bol n&rsquo;est pas seulement fonctionnel, id\u00e9al pour servir des ap\u00e9ritifs ou comme \u00e9l\u00e9ment d\u00e9coratif dans la maison, mais il est aussi un rappel authentique de la richesse culturelle de Majorque. Les salamandres, qui symbolisent la faune locale, \u00e9voquent la connexion intime de l&rsquo;\u00eele avec la nature et sa biodiversit\u00e9. De plus, l&rsquo;impression du mot \u00ab\u00a0MALLORCA\u00a0\u00bb sur le bol renforce son identit\u00e9 en tant que souvenir repr\u00e9sentatif de la r\u00e9gion, parfait pour les touristes \u00e0 la recherche de souvenirs uniques.<\/p>\n<p>Chez Ol\u00e9 Mosaic, nous sommes distributeurs de souvenirs en c\u00e9ramique de haute qualit\u00e9 et nous garantissons que chaque pi\u00e8ce offre une valeur culturelle significative. Ce bol en c\u00e9ramique avec salamandres est une option id\u00e9ale pour les boutiques de cadeaux touristiques, se d\u00e9marquant parmi d&rsquo;autres souvenirs de Majorque gr\u00e2ce \u00e0 son authenticit\u00e9 et son design tr\u00e8s sp\u00e9cial.<\/p>\n","protected":false},"excerpt":{"rendered":"<p>Bol en c\u00e9ramique de 9,5 cm d\u00e9cor\u00e9 de sympathiques salamandres, repr\u00e9sentant l&rsquo;esprit de Majorque. Ce bol color\u00e9 pr\u00e9sente un design g\u00e9om\u00e9trique et vibrant, avec des salamandres dans des tons rouge, bleu et vert, entour\u00e9es de fleurs et du mot \u00ab\u00a0MALLORCA\u00a0\u00bb imprim\u00e9. L&rsquo;ext\u00e9rieur est bord\u00e9 d&rsquo;un vert intense, tandis que l&rsquo;int\u00e9rieur est blanc, cr\u00e9ant un contraste attrayant. Id\u00e9al comme \u00e9l\u00e9ment d\u00e9coratif ou pour servir des ap\u00e9ritifs.<\/p>\n","protected":false},"featured_media":7722,"template":"","meta":{"_acf_changed":false},"product_brand":[],"product_cat":[521],"product_tag":[530,585],"class_list":{"0":"post-27863","1":"product","2":"type-product","3":"status-publish","4":"has-post-thumbnail","6":"product_cat-bols","7":"product_tag-animaux","8":"product_tag-ceramique","9":"pa_ciudad-mallorca","10":"pa_motivo-salamandres","11":"pa_pais-espana","13":"first","14":"instock","15":"shipping-taxable","16":"product-type-simple"},"acf":[],"_links":{"self":[{"href":"https:\/\/olemosaic.com\/fr\/wp-json\/wp\/v2\/product\/27863","targetHints":{"allow":["GET"]}}],"collection":[{"href":"https:\/\/olemosaic.com\/fr\/wp-json\/wp\/v2\/product"}],"about":[{"href":"https:\/\/olemosaic.com\/fr\/wp-json\/wp\/v2\/types\/product"}],"wp:featuredmedia":[{"embeddable":true,"href":"https:\/\/olemosaic.com\/fr\/wp-json\/wp\/v2\/media\/7722"}],"wp:attachment":[{"href":"https:\/\/olemosaic.com\/fr\/wp-json\/wp\/v2\/media?parent=27863"}],"wp:term":[{"taxonomy":"product_brand","embeddable":true,"href":"https:\/\/olemosaic.com\/fr\/wp-json\/wp\/v2\/product_brand?post=27863"},{"taxonomy":"product_cat","embeddable":true,"href":"https:\/\/olemosaic.com\/fr\/wp-json\/wp\/v2\/product_cat?post=27863"},{"taxonomy":"product_tag","embeddable":true,"href":"https:\/\/olemosaic.com\/fr\/wp-json\/wp\/v2\/product_tag?post=27863"}],"curies":[{"name":"wp","href":"https:\/\/api.w.org\/{rel}","templated":true}]}}