{"id":27861,"date":"2025-02-20T23:29:35","date_gmt":"2025-02-20T22:29:35","guid":{"rendered":"http:\/\/olemosaic.com\/producto\/bol-de-ceramica-de-95-cm-panoramica-barcelona-beige\/"},"modified":"2025-07-25T20:41:49","modified_gmt":"2025-07-25T18:41:49","slug":"bol-en-ceramique-de-9-5-cm-panoramique-barcelone-beige","status":"publish","type":"product","link":"https:\/\/olemosaic.com\/fr\/produit\/bol-en-ceramique-de-9-5-cm-panoramique-barcelone-beige\/","title":{"rendered":"Bol en c\u00e9ramique de 9,5 cm. Panoramique. Barcelone. Beige"},"content":{"rendered":"<p>Ce bol en c\u00e9ramique de 9,5 cm est un v\u00e9ritable bijou qui capture l&rsquo;essence vibrante de Barcelone. Il pr\u00e9sente une vue panoramique color\u00e9e de la ville, mettant en avant l&#8217;embl\u00e9matique Sagrada Familia ainsi que d&rsquo;autres monuments iconiques, tous immerg\u00e9s dans un monde de couleurs. Son design en mosa\u00efque, qui rend hommage au modernisme catalan, refl\u00e8te la cr\u00e9ativit\u00e9 et l&rsquo;ing\u00e9niosit\u00e9 artistique qui caract\u00e9risent cette ville merveilleuse. L&rsquo;int\u00e9rieur blanc du bol contraste \u00e9l\u00e9gamment avec le bord rouge, cr\u00e9ant un effet visuel qui souligne chaque d\u00e9tail artistique. Sur les c\u00f4t\u00e9s, le texte \u00ab\u00a0Barcelona\u00a0\u00bb et les d\u00e9tails ornementaux ajoutent une touche unique et authentique, en faisant un souvenir id\u00e9al pour ceux qui souhaitent emporter un morceau de cette m\u00e9tropole vibrante.<\/p>\n<p>En tant que repr\u00e9sentant de la culture catalane, ce bol n&rsquo;est pas seulement un objet fonctionnel, mais aussi un souvenir repr\u00e9sentatif qui c\u00e9l\u00e8bre l&rsquo;architecture et l&rsquo;art de Barcelone. C&rsquo;est un excellent choix pour les touristes \u00e0 la recherche de souvenirs significatifs refl\u00e9tant le riche h\u00e9ritage culturel de la r\u00e9gion. Chez Ol\u00e9 Mosaic, nous sommes fiers de proposer de la c\u00e9ramique authentique et de qualit\u00e9 en gros, faisant de ce bol une option parfaite pour les boutiques de cadeaux touristiques souhaitant offrir \u00e0 leurs clients des souvenirs authentiques et artistiques de Barcelone.<\/p>\n","protected":false},"excerpt":{"rendered":"<p>Bol en c\u00e9ramique de 9,5 cm avec une vue panoramique vibrante de Barcelone. Ce bol attrayant pr\u00e9sente une repr\u00e9sentation color\u00e9e de la Sagrada Familia et d&rsquo;autres monuments embl\u00e9matiques de la ville, orn\u00e9 d&rsquo;un design en mosa\u00efque qui capture l&rsquo;essence du modernisme catalan. L&rsquo;int\u00e9rieur blanc contraste avec le bord rouge, tandis que l&rsquo;inscription \u00ab\u00a0Barcelona\u00a0\u00bb et les d\u00e9tails d\u00e9coratifs lat\u00e9raux ajoutent une touche unique et authentique, id\u00e9ale pour les amoureux de cette ville iconique.<\/p>\n","protected":false},"featured_media":7759,"template":"","meta":{"_acf_changed":false},"product_brand":[],"product_cat":[521],"product_tag":[585],"class_list":{"0":"post-27861","1":"product","2":"type-product","3":"status-publish","4":"has-post-thumbnail","6":"product_cat-bols","7":"product_tag-ceramique","8":"pa_ciudad-barcelona","9":"pa_motivo-panoramas","10":"pa_pais-espana","12":"first","13":"instock","14":"shipping-taxable","15":"product-type-simple"},"acf":[],"_links":{"self":[{"href":"https:\/\/olemosaic.com\/fr\/wp-json\/wp\/v2\/product\/27861","targetHints":{"allow":["GET"]}}],"collection":[{"href":"https:\/\/olemosaic.com\/fr\/wp-json\/wp\/v2\/product"}],"about":[{"href":"https:\/\/olemosaic.com\/fr\/wp-json\/wp\/v2\/types\/product"}],"wp:featuredmedia":[{"embeddable":true,"href":"https:\/\/olemosaic.com\/fr\/wp-json\/wp\/v2\/media\/7759"}],"wp:attachment":[{"href":"https:\/\/olemosaic.com\/fr\/wp-json\/wp\/v2\/media?parent=27861"}],"wp:term":[{"taxonomy":"product_brand","embeddable":true,"href":"https:\/\/olemosaic.com\/fr\/wp-json\/wp\/v2\/product_brand?post=27861"},{"taxonomy":"product_cat","embeddable":true,"href":"https:\/\/olemosaic.com\/fr\/wp-json\/wp\/v2\/product_cat?post=27861"},{"taxonomy":"product_tag","embeddable":true,"href":"https:\/\/olemosaic.com\/fr\/wp-json\/wp\/v2\/product_tag?post=27861"}],"curies":[{"name":"wp","href":"https:\/\/api.w.org\/{rel}","templated":true}]}}