{"id":27855,"date":"2025-02-20T23:29:35","date_gmt":"2025-02-20T22:29:35","guid":{"rendered":"http:\/\/olemosaic.com\/producto\/bol-de-ceramica-de-95-cm-salamandra-barcelona-beige\/"},"modified":"2025-07-25T18:55:36","modified_gmt":"2025-07-25T16:55:36","slug":"bol-en-ceramique-de-9-5-cm-salamandre-barcelone-beige","status":"publish","type":"product","link":"https:\/\/olemosaic.com\/fr\/produit\/bol-en-ceramique-de-9-5-cm-salamandre-barcelone-beige\/","title":{"rendered":"Bol en c\u00e9ramique de 9,5 cm. Salamandre. Barcelone. Beige"},"content":{"rendered":"<p>Ce bol en c\u00e9ramique de 9,5 cm est un v\u00e9ritable bijou d\u00e9coratif qui capture l&rsquo;essence vibrante de Barcelone, id\u00e9al comme souvenir pour ceux qui recherchent un petit morceau de cette ville fascinante. D\u00e9cor\u00e9 d&rsquo;illustrations frappantes de salamandres et de fleurs, son design dans les tons beige et vert pr\u00e9sente une finition brillante qui rehausse la richesse des couleurs. Les salamandres, \u00e0 l&rsquo;effet peint \u00e0 la main avec des motifs complexes et vari\u00e9s, garantissent que chaque pi\u00e8ce est unique, tandis que les fleurs vibrantes ajoutent une touche de fra\u00eecheur et de joie.<\/p>\n<p>Le bord du bol est orn\u00e9 du mot \u00ab\u00a0Barcelone\u00a0\u00bb, ce qui souligne sa provenance et connecte \u00e9motionnellement les touristes \u00e0 la ville. Ce bol n&rsquo;est pas seulement parfait pour servir des ap\u00e9ritifs, il peut \u00e9galement servir de charmante pi\u00e8ce d\u00e9corative qui donnera un air m\u00e9diterran\u00e9en \u00e0 n&rsquo;importe quel foyer. Sa connexion culturelle est profonde, car les salamandres sont repr\u00e9sentatives du design moderniste catalan, refl\u00e9tant l&rsquo;esprit cr\u00e9atif qui caract\u00e9rise Barcelone.<\/p>\n<p>Chez Ol\u00e9 Mosaic, nous proposons des souvenirs en c\u00e9ramique authentiques qui ne sont pas seulement d\u00e9coratifs, mais racontent aussi des histoires culturelles. Ce bol de salamandres est une excellente option pour les boutiques de cadeaux touristiques \u00e0 la recherche de produits distinctifs et de qualit\u00e9. V\u00e9ritable symbole de la tradition artisanale de la r\u00e9gion, ce bol devient un souvenir pr\u00e9cieux que les touristes appr\u00e9cieront pour toujours, devenant un classique parmi les souvenirs de Barcelone.<\/p>\n","protected":false},"excerpt":{"rendered":"<p>Bol en c\u00e9ramique de 9,5 cm, d\u00e9cor\u00e9 d&rsquo;illustrations frappantes de salamandres et de fleurs qui \u00e9voquent l&rsquo;essence vibrante de Barcelone. Le design, dans les tons beige et vert, pr\u00e9sente une finition brillante et le mot \u00ab\u00a0Barcelone\u00a0\u00bb orne le bord. Chaque salamandre, au design artisanal et peint \u00e0 la main, arbore des motifs color\u00e9s \u00e9voquant la richesse culturelle de la r\u00e9gion. Id\u00e9al pour servir des ap\u00e9ritifs ou comme \u00e9l\u00e9ment d\u00e9coratif dans votre maison.<\/p>\n","protected":false},"featured_media":7543,"template":"","meta":{"_acf_changed":false},"product_brand":[],"product_cat":[521],"product_tag":[530,585],"class_list":{"0":"post-27855","1":"product","2":"type-product","3":"status-publish","4":"has-post-thumbnail","6":"product_cat-bols","7":"product_tag-animaux","8":"product_tag-ceramique","9":"pa_ciudad-barcelona","10":"pa_motivo-salamandres","11":"pa_pais-espana","13":"first","14":"instock","15":"shipping-taxable","16":"product-type-simple"},"acf":[],"_links":{"self":[{"href":"https:\/\/olemosaic.com\/fr\/wp-json\/wp\/v2\/product\/27855","targetHints":{"allow":["GET"]}}],"collection":[{"href":"https:\/\/olemosaic.com\/fr\/wp-json\/wp\/v2\/product"}],"about":[{"href":"https:\/\/olemosaic.com\/fr\/wp-json\/wp\/v2\/types\/product"}],"wp:featuredmedia":[{"embeddable":true,"href":"https:\/\/olemosaic.com\/fr\/wp-json\/wp\/v2\/media\/7543"}],"wp:attachment":[{"href":"https:\/\/olemosaic.com\/fr\/wp-json\/wp\/v2\/media?parent=27855"}],"wp:term":[{"taxonomy":"product_brand","embeddable":true,"href":"https:\/\/olemosaic.com\/fr\/wp-json\/wp\/v2\/product_brand?post=27855"},{"taxonomy":"product_cat","embeddable":true,"href":"https:\/\/olemosaic.com\/fr\/wp-json\/wp\/v2\/product_cat?post=27855"},{"taxonomy":"product_tag","embeddable":true,"href":"https:\/\/olemosaic.com\/fr\/wp-json\/wp\/v2\/product_tag?post=27855"}],"curies":[{"name":"wp","href":"https:\/\/api.w.org\/{rel}","templated":true}]}}