{"id":27853,"date":"2025-02-20T23:29:34","date_gmt":"2025-02-20T22:29:34","guid":{"rendered":"http:\/\/olemosaic.com\/producto\/bol-de-ceramica-de-9-cm-panoramica-barcelona-beige\/"},"modified":"2025-07-25T20:00:08","modified_gmt":"2025-07-25T18:00:08","slug":"bol-en-ceramique-de-9-cm-panoramique-barcelone-beige","status":"publish","type":"product","link":"https:\/\/olemosaic.com\/fr\/produit\/bol-en-ceramique-de-9-cm-panoramique-barcelone-beige\/","title":{"rendered":"Bol en c\u00e9ramique de 9 cm. Panoramique. Barcelone. Beige"},"content":{"rendered":"<p>Ce bol en c\u00e9ramique de 9 cm est une pi\u00e8ce exquise qui capture l&rsquo;essence de Barcelone, devenant un merveilleux souvenir qui refl\u00e8te l&rsquo;esprit vibrant de cette ville embl\u00e9matique. D\u00e9cor\u00e9 dans des tons beiges, le bol pr\u00e9sente une vue panoramique pleine de couleurs et de vie qui inclut des illustrations fascinantes de monuments embl\u00e9matiques tels que la Sagrada Familia et le Park G\u00fcell. Chaque d\u00e9tail artistique a \u00e9t\u00e9 con\u00e7u avec soin, montrant les formes architecturales uniques et les mosa\u00efques color\u00e9es qui caract\u00e9risent l&rsquo;\u0153uvre d&rsquo;Antoni Gaud\u00ed, soulignant la richesse culturelle et le patrimoine historique de Barcelone.<\/p>\n<p>Le bord rouge du bol ne met pas seulement en valeur le design, mais apporte \u00e9galement une touche d&rsquo;\u00e9l\u00e9gance qui en fait un choix id\u00e9al aussi bien pour un usage quotidien que pour \u00eatre expos\u00e9 comme pi\u00e8ce d\u00e9corative dans votre maison. Ce bol est un souvenir attachant de la ville, qui peut \u00eatre utilis\u00e9 pour servir des ap\u00e9ritifs ou simplement comme un \u00e9l\u00e9ment attrayant sur votre table, ajoutant un air cosmopolite \u00e0 n&rsquo;importe quel espace.<\/p>\n<p>Chez Ol\u00e9 Mosaic, nous savons que les souvenirs sont plus que de simples objets ; ce sont des histoires que l&rsquo;on ram\u00e8ne chez soi. Ce bol en c\u00e9ramique est un choix parfait pour les touristes \u00e0 la recherche de souvenirs authentiques de Barcelone et une excellente option pour les boutiques de cadeaux touristiques. Notre engagement en tant que distributeur de c\u00e9ramique et de souvenirs en gros garantit que vos clients obtiendront des produits de qualit\u00e9, refl\u00e9tant la tradition et l&rsquo;authenticit\u00e9 de cette ville merveilleuse.<\/p>\n","protected":false},"excerpt":{"rendered":"<p>Bol en c\u00e9ramique de 9 cm avec une charmante vue panoramique de Barcelone. Ce bol, d\u00e9cor\u00e9 dans des tons beiges, pr\u00e9sente des illustrations vibrantes de monuments embl\u00e9matiques tels que la Sagrada Familia et le Parc G\u00fcell. Avec un bord rouge qui accentue son design, chaque d\u00e9tail refl\u00e8te la richesse culturelle de la ville. Id\u00e9al pour un usage quotidien ou comme pi\u00e8ce d\u00e9corative, ce bol combine fonctionnalit\u00e9 et art, capturant l&rsquo;essence cosmopolite de Barcelone.<\/p>\n","protected":false},"featured_media":7709,"template":"","meta":{"_acf_changed":false},"product_brand":[],"product_cat":[521],"product_tag":[585],"class_list":{"0":"post-27853","1":"product","2":"type-product","3":"status-publish","4":"has-post-thumbnail","6":"product_cat-bols","7":"product_tag-ceramique","8":"pa_ciudad-barcelona","9":"pa_motivo-panoramas","10":"pa_pais-espana","12":"first","13":"instock","14":"shipping-taxable","15":"product-type-simple"},"acf":[],"_links":{"self":[{"href":"https:\/\/olemosaic.com\/fr\/wp-json\/wp\/v2\/product\/27853","targetHints":{"allow":["GET"]}}],"collection":[{"href":"https:\/\/olemosaic.com\/fr\/wp-json\/wp\/v2\/product"}],"about":[{"href":"https:\/\/olemosaic.com\/fr\/wp-json\/wp\/v2\/types\/product"}],"wp:featuredmedia":[{"embeddable":true,"href":"https:\/\/olemosaic.com\/fr\/wp-json\/wp\/v2\/media\/7709"}],"wp:attachment":[{"href":"https:\/\/olemosaic.com\/fr\/wp-json\/wp\/v2\/media?parent=27853"}],"wp:term":[{"taxonomy":"product_brand","embeddable":true,"href":"https:\/\/olemosaic.com\/fr\/wp-json\/wp\/v2\/product_brand?post=27853"},{"taxonomy":"product_cat","embeddable":true,"href":"https:\/\/olemosaic.com\/fr\/wp-json\/wp\/v2\/product_cat?post=27853"},{"taxonomy":"product_tag","embeddable":true,"href":"https:\/\/olemosaic.com\/fr\/wp-json\/wp\/v2\/product_tag?post=27853"}],"curies":[{"name":"wp","href":"https:\/\/api.w.org\/{rel}","templated":true}]}}