{"id":27852,"date":"2025-02-20T23:29:34","date_gmt":"2025-02-20T22:29:34","guid":{"rendered":"http:\/\/olemosaic.com\/producto\/bol-de-ceramica-de-9-cm-salamandra-mallorca-beige\/"},"modified":"2025-07-25T19:52:36","modified_gmt":"2025-07-25T17:52:36","slug":"bol-en-ceramique-de-9-cm-salamandre-majorque-beige","status":"publish","type":"product","link":"https:\/\/olemosaic.com\/fr\/produit\/bol-en-ceramique-de-9-cm-salamandre-majorque-beige\/","title":{"rendered":"Bol en c\u00e9ramique de 9 cm. Salamandre. Majorque. Beige"},"content":{"rendered":"<p>Ce bol en c\u00e9ramique de 9 cm est un v\u00e9ritable bijou de l&rsquo;artisanat majorquin, id\u00e9al aussi bien pour servir des ap\u00e9ritifs que pour d\u00e9corer. Son design joyeux pr\u00e9sente de charmantes salamandres \u00e0 l&rsquo;effet peint \u00e0 la main, symbolisant la faune vibrante de l&rsquo;\u00eele, dansant sur sa surface. Le fond beige du bol contraste parfaitement, mettant en valeur les d\u00e9tails en bleu, rouge et vert, qui \u00e9voquent le soleil et la nature m\u00e9diterran\u00e9enne. Sur la partie sup\u00e9rieure, le mot \u00ab\u00a0MAJORQUE\u00a0\u00bb se d\u00e9tache avec une typographie festive, transformant ce bol en un souvenir unique qui capture l&rsquo;essence culturelle de l&rsquo;\u00eele.<\/p>\n<p>Ce produit ne c\u00e9l\u00e8bre pas seulement la richesse du folklore majorquin, mais est aussi un exemple du travail artisanal m\u00e9ticuleux qui caract\u00e9rise la c\u00e9ramique locale. En acqu\u00e9rant ce bol, les touristes emportent un morceau de Majorque, se souvenant de ses paysages et de ses traditions. Chez Ol\u00e9 Mosaic, nous distribuons en gros ce type de souvenirs en c\u00e9ramique, offrant une collection authentique et color\u00e9e qui rehausse l&rsquo;identit\u00e9 unique de Majorque. Sans aucun doute, ce bol de salamandres est une excellente option pour les boutiques de cadeaux touristiques \u00e0 la recherche de produits repr\u00e9sentant avec fiert\u00e9 la culture locale.<\/p>\n","protected":false},"excerpt":{"rendered":"<p>Bol en c\u00e9ramique de 9 cm d\u00e9cor\u00e9 de joyeuses salamandres, repr\u00e9sentant l&rsquo;essence de Majorque. Ce charmant bol, au design artisanal et peint \u00e0 la main, pr\u00e9sente un fond beige avec des d\u00e9tails color\u00e9s en bleu, rouge et vert, ainsi que des motifs floraux aux tons vifs. Le mot \u00ab\u00a0MAJORQUE\u00a0\u00bb se d\u00e9tache sur la partie sup\u00e9rieure, faisant de cette pi\u00e8ce un souvenir unique qui capture la beaut\u00e9 et le folklore de l&rsquo;\u00eele. Id\u00e9al pour servir des ap\u00e9ritifs ou comme objet d\u00e9coratif.<\/p>\n","protected":false},"featured_media":7147,"template":"","meta":{"_acf_changed":false},"product_brand":[],"product_cat":[521],"product_tag":[530,585],"class_list":{"0":"post-27852","1":"product","2":"type-product","3":"status-publish","4":"has-post-thumbnail","6":"product_cat-bols","7":"product_tag-animaux","8":"product_tag-ceramique","9":"pa_ciudad-mallorca","10":"pa_motivo-salamandres","11":"pa_pais-espana","13":"first","14":"instock","15":"shipping-taxable","16":"product-type-simple"},"acf":[],"_links":{"self":[{"href":"https:\/\/olemosaic.com\/fr\/wp-json\/wp\/v2\/product\/27852","targetHints":{"allow":["GET"]}}],"collection":[{"href":"https:\/\/olemosaic.com\/fr\/wp-json\/wp\/v2\/product"}],"about":[{"href":"https:\/\/olemosaic.com\/fr\/wp-json\/wp\/v2\/types\/product"}],"wp:featuredmedia":[{"embeddable":true,"href":"https:\/\/olemosaic.com\/fr\/wp-json\/wp\/v2\/media\/7147"}],"wp:attachment":[{"href":"https:\/\/olemosaic.com\/fr\/wp-json\/wp\/v2\/media?parent=27852"}],"wp:term":[{"taxonomy":"product_brand","embeddable":true,"href":"https:\/\/olemosaic.com\/fr\/wp-json\/wp\/v2\/product_brand?post=27852"},{"taxonomy":"product_cat","embeddable":true,"href":"https:\/\/olemosaic.com\/fr\/wp-json\/wp\/v2\/product_cat?post=27852"},{"taxonomy":"product_tag","embeddable":true,"href":"https:\/\/olemosaic.com\/fr\/wp-json\/wp\/v2\/product_tag?post=27852"}],"curies":[{"name":"wp","href":"https:\/\/api.w.org\/{rel}","templated":true}]}}