{"id":27835,"date":"2025-02-20T23:29:34","date_gmt":"2025-02-20T22:29:34","guid":{"rendered":"http:\/\/olemosaic.com\/producto\/bol-de-ceramica-de-9-cm-barcelona-blanco\/"},"modified":"2025-07-25T19:53:02","modified_gmt":"2025-07-25T17:53:02","slug":"bol-en-ceramique-de-9-cm-barcelone-blanc","status":"publish","type":"product","link":"https:\/\/olemosaic.com\/fr\/produit\/bol-en-ceramique-de-9-cm-barcelone-blanc\/","title":{"rendered":"Bol en c\u00e9ramique de 9 cm. Barcelone. Blanc"},"content":{"rendered":"<p>Ce bol en c\u00e9ramique de 9 cm est un bel hommage \u00e0 la ville vibrante de Barcelone, capturant dans son design l&rsquo;essence des monuments embl\u00e9matiques de la ville. D\u00e9cor\u00e9 d&rsquo;images \u00e0 l&rsquo;effet peint \u00e0 la main de l&rsquo;iconique Sagrada Familia, du Parc G\u00fcell et d&rsquo;autres sites architecturaux majeurs, ce bol pr\u00e9sente une palette de couleurs vives sur un fond blanc, accentuant chaque d\u00e9tail artistique. Le bord rouge apporte une touche moderne et contemporaine, faisant de ce bol une option attrayante tant pour l&rsquo;usage quotidien que pour la d\u00e9coration.<\/p>\n<p>Son design refl\u00e8te le riche h\u00e9ritage culturel de Barcelone, connue pour son architecture singuli\u00e8re et son atmosph\u00e8re joyeuse. Ce souvenir n&rsquo;est pas seulement pratique, il sert \u00e9galement de rappel tangible de la magie de la cit\u00e9 comtale. Parfait pour les touristes cherchant \u00e0 emporter un morceau de la vie vibrante de Barcelone, ce bol en c\u00e9ramique devient un cadeau id\u00e9al qui c\u00e9l\u00e8bre la cr\u00e9ativit\u00e9 et l&rsquo;art de cette r\u00e9gion.<\/p>\n<p>Chez Ol\u00e9 Mosaic, nous proposons une s\u00e9lection vari\u00e9e de souvenirs en c\u00e9ramique, garantissant des articles authentiques et de haute qualit\u00e9 pour les boutiques de cadeaux touristiques. Ce bol est une excellente option pour les grossistes souhaitant enrichir leur offre avec des souvenirs culturels qui r\u00e9sonnent aupr\u00e8s des touristes.<\/p>\n","protected":false},"excerpt":{"rendered":"<p>Bol en c\u00e9ramique de 9 cm inspir\u00e9 des monuments embl\u00e9matiques de Barcelone. Ce bol color\u00e9 pr\u00e9sente un design artisanal, peint \u00e0 la main, avec une repr\u00e9sentation artistique de la Sagrada Familia, du Park G\u00fcell et d&rsquo;autres sites architecturaux, le tout sur un fond blanc qui souligne sa vivacit\u00e9. La partie sup\u00e9rieure arbore un bord rouge qui ajoute une touche moderne \u00e0 ce souvenir, id\u00e9al tant pour la d\u00e9coration que pour l&rsquo;usage quotidien.<\/p>\n","protected":false},"featured_media":11182,"template":"","meta":{"_acf_changed":false},"product_brand":[],"product_cat":[521],"product_tag":[585],"class_list":{"0":"post-27835","1":"product","2":"type-product","3":"status-publish","4":"has-post-thumbnail","6":"product_cat-bols","7":"product_tag-ceramique","8":"pa_ciudad-barcelona","9":"pa_pais-espana","11":"first","12":"instock","13":"shipping-taxable","14":"product-type-simple"},"acf":[],"_links":{"self":[{"href":"https:\/\/olemosaic.com\/fr\/wp-json\/wp\/v2\/product\/27835","targetHints":{"allow":["GET"]}}],"collection":[{"href":"https:\/\/olemosaic.com\/fr\/wp-json\/wp\/v2\/product"}],"about":[{"href":"https:\/\/olemosaic.com\/fr\/wp-json\/wp\/v2\/types\/product"}],"wp:featuredmedia":[{"embeddable":true,"href":"https:\/\/olemosaic.com\/fr\/wp-json\/wp\/v2\/media\/11182"}],"wp:attachment":[{"href":"https:\/\/olemosaic.com\/fr\/wp-json\/wp\/v2\/media?parent=27835"}],"wp:term":[{"taxonomy":"product_brand","embeddable":true,"href":"https:\/\/olemosaic.com\/fr\/wp-json\/wp\/v2\/product_brand?post=27835"},{"taxonomy":"product_cat","embeddable":true,"href":"https:\/\/olemosaic.com\/fr\/wp-json\/wp\/v2\/product_cat?post=27835"},{"taxonomy":"product_tag","embeddable":true,"href":"https:\/\/olemosaic.com\/fr\/wp-json\/wp\/v2\/product_tag?post=27835"}],"curies":[{"name":"wp","href":"https:\/\/api.w.org\/{rel}","templated":true}]}}