{"id":27832,"date":"2025-02-20T23:29:34","date_gmt":"2025-02-20T22:29:34","guid":{"rendered":"http:\/\/olemosaic.com\/producto\/bol-de-ceramica-de-9-cm-panoramica-madrid-beige\/"},"modified":"2025-07-25T21:02:09","modified_gmt":"2025-07-25T19:02:09","slug":"bol-en-ceramique-de-9-cm-panoramique-madrid-beige","status":"publish","type":"product","link":"https:\/\/olemosaic.com\/fr\/produit\/bol-en-ceramique-de-9-cm-panoramique-madrid-beige\/","title":{"rendered":"Bol en c\u00e9ramique de 9 cm. Panoramique. Madrid. Beige"},"content":{"rendered":"<p>Ce bol en c\u00e9ramique de 9 cm est un charmant souvenir de Madrid qui capture l&rsquo;essence vibrante de la capitale espagnole. Avec un design peint \u00e0 la main, cet article pr\u00e9sente une vue panoramique attrayante qui met en valeur certains des monuments les plus embl\u00e9matiques de la ville, tels que la c\u00e9l\u00e8bre Puerta de Alcal\u00e1 et le c\u00e9l\u00e8bre Ours et l&rsquo;Arbousier, ic\u00f4nes repr\u00e9sentatives de la culture madril\u00e8ne. Le bol, d&rsquo;une couleur beige chaleureuse \u00e0 l&rsquo;ext\u00e9rieur, contraste de mani\u00e8re attrayante avec son int\u00e9rieur rouge brillant, ce qui en fait une pi\u00e8ce d\u00e9corative id\u00e9ale tant pour un usage quotidien qu&rsquo;ornemental.<\/p>\n<p>Chaque d\u00e9tail du design \u00e9mane l&rsquo;\u00e9nergie et l&rsquo;histoire de Madrid, faisant de ce bol un excellent cadeau pour les touristes et les collectionneurs souhaitant emporter chez eux un morceau de cette riche culture. Le mot \u00ab\u00a0MADRID\u00a0\u00bb appara\u00eet dans des couleurs vibrantes, ajoutant une touche de joie et d&rsquo;authenticit\u00e9. Chez Ol\u00e9 Mosaic, nous sommes fiers de proposer des souvenirs qui refl\u00e8tent la diversit\u00e9 culturelle et l&rsquo;artisanat local, c&rsquo;est pourquoi ce bol est un produit parfait pour les boutiques de cadeaux touristiques cherchant \u00e0 offrir des articles uniques et repr\u00e9sentatifs de la capitale espagnole. Ce bol en c\u00e9ramique est, sans aucun doute, un souvenir charmant et fonctionnel qui \u00e9voquera les meilleurs moments pass\u00e9s \u00e0 Madrid.<\/p>\n","protected":false},"excerpt":{"rendered":"<p>Bol en c\u00e9ramique de 9 cm avec une vue panoramique attrayante de Madrid. Ce joli bol beige pr\u00e9sente un design artisanal, peint \u00e0 la main, mettant en valeur des monuments embl\u00e9matiques tels que la Puerta de Alcal\u00e1 et le c\u00e9l\u00e8bre Ours et l&rsquo;Arbousier, ainsi que le mot \u00ab\u00a0MADRID\u00a0\u00bb en couleurs vibrantes. Avec un int\u00e9rieur rouge brillant, il est parfait pour d\u00e9corer ou comme souvenir de la riche culture madril\u00e8ne. Id\u00e9al pour les collectionneurs et les amoureux de la ville.<\/p>\n","protected":false},"featured_media":7527,"template":"","meta":{"_acf_changed":false},"product_brand":[],"product_cat":[521],"product_tag":[585],"class_list":{"0":"post-27832","1":"product","2":"type-product","3":"status-publish","4":"has-post-thumbnail","6":"product_cat-bols","7":"product_tag-ceramique","8":"pa_ciudad-madrid","9":"pa_motivo-panoramas","10":"pa_pais-espana","12":"first","13":"instock","14":"shipping-taxable","15":"product-type-simple"},"acf":[],"_links":{"self":[{"href":"https:\/\/olemosaic.com\/fr\/wp-json\/wp\/v2\/product\/27832","targetHints":{"allow":["GET"]}}],"collection":[{"href":"https:\/\/olemosaic.com\/fr\/wp-json\/wp\/v2\/product"}],"about":[{"href":"https:\/\/olemosaic.com\/fr\/wp-json\/wp\/v2\/types\/product"}],"wp:featuredmedia":[{"embeddable":true,"href":"https:\/\/olemosaic.com\/fr\/wp-json\/wp\/v2\/media\/7527"}],"wp:attachment":[{"href":"https:\/\/olemosaic.com\/fr\/wp-json\/wp\/v2\/media?parent=27832"}],"wp:term":[{"taxonomy":"product_brand","embeddable":true,"href":"https:\/\/olemosaic.com\/fr\/wp-json\/wp\/v2\/product_brand?post=27832"},{"taxonomy":"product_cat","embeddable":true,"href":"https:\/\/olemosaic.com\/fr\/wp-json\/wp\/v2\/product_cat?post=27832"},{"taxonomy":"product_tag","embeddable":true,"href":"https:\/\/olemosaic.com\/fr\/wp-json\/wp\/v2\/product_tag?post=27832"}],"curies":[{"name":"wp","href":"https:\/\/api.w.org\/{rel}","templated":true}]}}