{"id":27800,"date":"2025-02-20T22:29:33","date_gmt":"2025-02-20T22:29:33","guid":{"rendered":"http:\/\/olemosaic.com\/producto\/bol-de-ceramica-de-20-cm-panoramica-barcelona-beige\/"},"modified":"2025-07-25T19:54:09","modified_gmt":"2025-07-25T17:54:09","slug":"bol-en-ceramique-de-20-cm-panoramique-barcelone-beige","status":"publish","type":"product","link":"https:\/\/olemosaic.com\/fr\/produit\/bol-en-ceramique-de-20-cm-panoramique-barcelone-beige\/","title":{"rendered":"Bol en c\u00e9ramique de 20 cm. Panoramique. Barcelone. Beige"},"content":{"rendered":"<p>Ce bol en c\u00e9ramique de 20 cm est un souvenir exceptionnel qui capture l&rsquo;essence vibrante de Barcelone, une ville c\u00e9l\u00e8bre pour son architecture singuli\u00e8re et son riche h\u00e9ritage culturel. Avec un design contemporain et stylis\u00e9, le bol est d&rsquo;un beige \u00e9l\u00e9gant, orn\u00e9 d&rsquo;une vue panoramique mettant en valeur des monuments embl\u00e9matiques tels que la Sagrada Familia et le color\u00e9 Parc G\u00fcell, repr\u00e9sent\u00e9s dans une explosion de couleurs qui \u00e9voquent la diversit\u00e9 artistique de la ville. Les d\u00e9tails complexes et les iconographies de ses structures embl\u00e9matiques se distinguent par leur qualit\u00e9 et leur r\u00e9alisme, en faisant un hommage visuel \u00e0 la cr\u00e9ativit\u00e9 d&rsquo;Antoni Gaud\u00ed, l&rsquo;un des plus grands repr\u00e9sentants du modernisme catalan.<\/p>\n<p>Le bord rouge du bol ajoute une touche de sophistication, en faisant une pi\u00e8ce d\u00e9corative id\u00e9ale pour n&rsquo;importe quel foyer. Ce bol n&rsquo;est pas seulement parfait pour un usage quotidien, il sert \u00e9galement d&rsquo;\u00e9l\u00e9ment d\u00e9coratif spectaculaire qui transporte ceux qui le contemplent dans les rues et sur les places de Barcelone. En tant que souvenir typique, il repr\u00e9sente un excellent choix pour les touristes cherchant \u00e0 emporter un morceau de la culture catalane. Chez Ol\u00e9 Mosaic, nous proposons ce souvenir et d&rsquo;autres souvenirs en c\u00e9ramique en gros, garantissant l&rsquo;authenticit\u00e9 et la qualit\u00e9 de chaque pi\u00e8ce. Ce bol en c\u00e9ramique est une option id\u00e9ale pour les boutiques de cadeaux touristiques souhaitant enrichir leur offre avec des produits c\u00e9l\u00e9brant le riche h\u00e9ritage culturel de cette ville vibrante.<\/p>\n","protected":false},"excerpt":{"rendered":"<p>Bol en c\u00e9ramique de 20 cm avec une vue panoramique vibrante de Barcelone montrant des structures embl\u00e9matiques telles que la Sagrada Familia et le Parc G\u00fcell. Ce bol beige \u00e9l\u00e9gant, orn\u00e9 de d\u00e9tails color\u00e9s dans un style artistique contemporain, pr\u00e9sente des motifs distinctifs qui c\u00e9l\u00e8brent la riche culture de la ville. Le bord rouge ajoute une touche de sophistication, en faisant un \u00e9l\u00e9ment d\u00e9coratif parfait pour n&rsquo;importe quel int\u00e9rieur. Id\u00e9al comme souvenir ou pour un usage quotidien.<\/p>\n","protected":false},"featured_media":7704,"template":"","meta":{"_acf_changed":false},"product_brand":[],"product_cat":[521],"product_tag":[585],"class_list":{"0":"post-27800","1":"product","2":"type-product","3":"status-publish","4":"has-post-thumbnail","6":"product_cat-bols","7":"product_tag-ceramique","8":"pa_ciudad-barcelona","9":"pa_motivo-panoramas","10":"pa_pais-espana","12":"first","13":"instock","14":"shipping-taxable","15":"product-type-simple"},"acf":[],"_links":{"self":[{"href":"https:\/\/olemosaic.com\/fr\/wp-json\/wp\/v2\/product\/27800","targetHints":{"allow":["GET"]}}],"collection":[{"href":"https:\/\/olemosaic.com\/fr\/wp-json\/wp\/v2\/product"}],"about":[{"href":"https:\/\/olemosaic.com\/fr\/wp-json\/wp\/v2\/types\/product"}],"wp:featuredmedia":[{"embeddable":true,"href":"https:\/\/olemosaic.com\/fr\/wp-json\/wp\/v2\/media\/7704"}],"wp:attachment":[{"href":"https:\/\/olemosaic.com\/fr\/wp-json\/wp\/v2\/media?parent=27800"}],"wp:term":[{"taxonomy":"product_brand","embeddable":true,"href":"https:\/\/olemosaic.com\/fr\/wp-json\/wp\/v2\/product_brand?post=27800"},{"taxonomy":"product_cat","embeddable":true,"href":"https:\/\/olemosaic.com\/fr\/wp-json\/wp\/v2\/product_cat?post=27800"},{"taxonomy":"product_tag","embeddable":true,"href":"https:\/\/olemosaic.com\/fr\/wp-json\/wp\/v2\/product_tag?post=27800"}],"curies":[{"name":"wp","href":"https:\/\/api.w.org\/{rel}","templated":true}]}}