{"id":27799,"date":"2025-02-20T23:29:33","date_gmt":"2025-02-20T22:29:33","guid":{"rendered":"http:\/\/olemosaic.com\/producto\/bol-de-ceramica-de-17-cm-salamandra-barcelona-beige\/"},"modified":"2025-07-25T19:43:16","modified_gmt":"2025-07-25T17:43:16","slug":"bol-en-ceramique-de-17-cm-salamandre-barcelone-beige","status":"publish","type":"product","link":"https:\/\/olemosaic.com\/fr\/produit\/bol-en-ceramique-de-17-cm-salamandre-barcelone-beige\/","title":{"rendered":"Bol en c\u00e9ramique de 17 cm. Salamandre. Barcelone. Beige"},"content":{"rendered":"<p>Ce bol en c\u00e9ramique de 17 cm est d\u00e9cor\u00e9 de salamandres color\u00e9es, un symbole cher \u00e0 Barcelone. Son design peint \u00e0 la main se d\u00e9tache sur un fond beige qui met en valeur les illustrations vives en bleu, rouge et vert, \u00e9voquant le c\u00e9l\u00e8bre style mosa\u00efque de l&rsquo;\u0153uvre d&rsquo;Antoni Gaud\u00ed. Dans ce bol, les salamandres, entour\u00e9es de d\u00e9licates fleurs d\u00e9coratives, semblent prendre vie, refl\u00e9tant la vibrante culture catalane. L&rsquo;int\u00e9rieur du bol est d&rsquo;un rouge intense, cr\u00e9ant un contraste attrayant qui ajoute de la profondeur et du caract\u00e8re \u00e0 la pi\u00e8ce.<\/p>\n<p>Ce bol n&rsquo;est pas seulement fonctionnel, c&rsquo;est aussi un authentique souvenir de Barcelone, id\u00e9al pour ceux qui cherchent \u00e0 emporter un morceau de la culture locale chez eux. Une pi\u00e8ce unique qui fusionne art et tradition, transmettant la beaut\u00e9 de l&rsquo;environnement urbain de Barcelone et son riche h\u00e9ritage artistique. La repr\u00e9sentation des salamandres, symbole de renouveau et de cr\u00e9ativit\u00e9, connecte les touristes \u00e0 l&rsquo;esprit innovant de la ville.<\/p>\n<p>Chez Ol\u00e9 Mosaic, nous nous effor\u00e7ons de proposer des souvenirs repr\u00e9sentatifs qui capturent l&rsquo;essence de l&rsquo;Espagne, et ce bol en c\u00e9ramique se distingue comme une excellente option pour les boutiques de cadeaux touristiques souhaitant offrir des produits authentiques et pertinents. En tant que grossistes en c\u00e9ramique, nous garantissons la qualit\u00e9 et l&rsquo;authenticit\u00e9 de chacune de nos pi\u00e8ces.<\/p>\n","protected":false},"excerpt":{"rendered":"<p>Bol en c\u00e9ramique de 17 cm d\u00e9cor\u00e9 de salamandres color\u00e9es, un symbole attrayant de Barcelone. Ce charmant bol, de conception artisanale et peint \u00e0 la main, pr\u00e9sente un fond beige avec des illustrations vibrantes de salamandres de style mosa\u00efque, dans des tons bleus, rouges et verts, accompagn\u00e9es de fleurs d\u00e9coratives. L&rsquo;int\u00e9rieur du bol est d&rsquo;un rouge intense, cr\u00e9ant un contraste attrayant. Id\u00e9al pour ajouter une touche culturelle et artistique \u00e0 votre int\u00e9rieur.<\/p>\n","protected":false},"featured_media":7539,"template":"","meta":{"_acf_changed":false},"product_brand":[],"product_cat":[521],"product_tag":[530,585],"class_list":{"0":"post-27799","1":"product","2":"type-product","3":"status-publish","4":"has-post-thumbnail","6":"product_cat-bols","7":"product_tag-animaux","8":"product_tag-ceramique","9":"pa_ciudad-barcelona","10":"pa_motivo-salamandres","11":"pa_pais-espana","13":"first","14":"instock","15":"shipping-taxable","16":"product-type-simple"},"acf":[],"_links":{"self":[{"href":"https:\/\/olemosaic.com\/fr\/wp-json\/wp\/v2\/product\/27799","targetHints":{"allow":["GET"]}}],"collection":[{"href":"https:\/\/olemosaic.com\/fr\/wp-json\/wp\/v2\/product"}],"about":[{"href":"https:\/\/olemosaic.com\/fr\/wp-json\/wp\/v2\/types\/product"}],"wp:featuredmedia":[{"embeddable":true,"href":"https:\/\/olemosaic.com\/fr\/wp-json\/wp\/v2\/media\/7539"}],"wp:attachment":[{"href":"https:\/\/olemosaic.com\/fr\/wp-json\/wp\/v2\/media?parent=27799"}],"wp:term":[{"taxonomy":"product_brand","embeddable":true,"href":"https:\/\/olemosaic.com\/fr\/wp-json\/wp\/v2\/product_brand?post=27799"},{"taxonomy":"product_cat","embeddable":true,"href":"https:\/\/olemosaic.com\/fr\/wp-json\/wp\/v2\/product_cat?post=27799"},{"taxonomy":"product_tag","embeddable":true,"href":"https:\/\/olemosaic.com\/fr\/wp-json\/wp\/v2\/product_tag?post=27799"}],"curies":[{"name":"wp","href":"https:\/\/api.w.org\/{rel}","templated":true}]}}