{"id":27798,"date":"2025-02-20T23:29:33","date_gmt":"2025-02-20T22:29:33","guid":{"rendered":"http:\/\/olemosaic.com\/producto\/bol-de-ceramica-de-17-cm-salamandra-mallorca-beige\/"},"modified":"2025-07-25T19:52:42","modified_gmt":"2025-07-25T17:52:42","slug":"bol-en-ceramique-de-17-cm-salamandre-majorque-beige","status":"publish","type":"product","link":"https:\/\/olemosaic.com\/fr\/produit\/bol-en-ceramique-de-17-cm-salamandre-majorque-beige\/","title":{"rendered":"Bol en c\u00e9ramique de 17 cm. Salamandre. Majorque. Beige"},"content":{"rendered":"<p>Ce bol en c\u00e9ramique de 17 cm est une explosion de couleurs et de design, id\u00e9al pour apporter un petit morceau de Majorque dans votre maison. D\u00e9cor\u00e9e d&rsquo;un charmant motif de salamandres, cette pi\u00e8ce unique refl\u00e8te la beaut\u00e9 de la faune majorquine. Son fond beige sert de toile parfaite pour faire ressortir les reptiles vibrants, qui arborent des tons bleus, rouges et verts, entrecoup\u00e9s de d\u00e9licats d\u00e9tails floraux qui ajoutent une touche d&rsquo;\u00e9l\u00e9gance artisanale. Le mot \u00ab\u00a0MALLORCA\u00a0\u00bb, \u00e9galement avec un effet peint \u00e0 la main dans des couleurs vives, orne l&rsquo;ext\u00e9rieur du bol, en faisant un souvenir authentique de l&rsquo;\u00eele.<\/p>\n<p>Chaque bol est le r\u00e9sultat d&rsquo;un processus artisanal m\u00e9ticuleux qui garantit son individualit\u00e9 et sa qualit\u00e9. Le lien culturel entre ce produit et Majorque se manifeste non seulement dans son design, mais aussi dans sa capacit\u00e9 \u00e0 \u00e9voquer la chaleur et l&rsquo;esprit m\u00e9diterran\u00e9en. Id\u00e9al pour un usage quotidien ou comme pi\u00e8ce d\u00e9corative, ce bol est le souvenir parfait pour les touristes \u00e0 la recherche d&rsquo;un rappel repr\u00e9sentatif de leur visite sur l&rsquo;\u00eele. Chez Ol\u00e9 Mosaic, nous sommes fiers d&rsquo;\u00eatre des distributeurs de souvenirs authentiques, offrant aux boutiques de cadeaux touristiques une collection d&rsquo;articles qui c\u00e9l\u00e8brent la riche culture et les traditions locales. Ce bol en c\u00e9ramique n&rsquo;est pas seulement une excellente option pour ceux qui souhaitent une touche de Majorque, mais aussi une repr\u00e9sentation fid\u00e8le de la beaut\u00e9 et de la diversit\u00e9 de l&rsquo;artisanat espagnol, parfaite pour n&rsquo;importe quel foyer.<\/p>\n","protected":false},"excerpt":{"rendered":"<p>Bol en c\u00e9ramique de 17 cm, d\u00e9cor\u00e9 d&rsquo;un design attrayant de salamandres inspir\u00e9 de la faune majorquine. Cette pi\u00e8ce unique pr\u00e9sente un fond beige avec des reptiles color\u00e9s dans des tons bleus, rouges et verts, ainsi que des d\u00e9tails floraux, le tout de conception artisanale, peint \u00e0 la main. Le mot \u00ab\u00a0MALLORCA\u00a0\u00bb, \u00e9galement dans des couleurs vibrantes, orne l&rsquo;ext\u00e9rieur, compl\u00e9tant sa technique artisanale. Id\u00e9al pour ajouter une touche m\u00e9diterran\u00e9enne \u00e0 n&rsquo;importe quel int\u00e9rieur.<\/p>\n","protected":false},"featured_media":7718,"template":"","meta":{"_acf_changed":false},"product_brand":[],"product_cat":[521],"product_tag":[530,585],"class_list":{"0":"post-27798","1":"product","2":"type-product","3":"status-publish","4":"has-post-thumbnail","6":"product_cat-bols","7":"product_tag-animaux","8":"product_tag-ceramique","9":"pa_ciudad-mallorca","10":"pa_motivo-salamandres","11":"pa_pais-espana","13":"first","14":"instock","15":"shipping-taxable","16":"product-type-simple"},"acf":[],"_links":{"self":[{"href":"https:\/\/olemosaic.com\/fr\/wp-json\/wp\/v2\/product\/27798","targetHints":{"allow":["GET"]}}],"collection":[{"href":"https:\/\/olemosaic.com\/fr\/wp-json\/wp\/v2\/product"}],"about":[{"href":"https:\/\/olemosaic.com\/fr\/wp-json\/wp\/v2\/types\/product"}],"wp:featuredmedia":[{"embeddable":true,"href":"https:\/\/olemosaic.com\/fr\/wp-json\/wp\/v2\/media\/7718"}],"wp:attachment":[{"href":"https:\/\/olemosaic.com\/fr\/wp-json\/wp\/v2\/media?parent=27798"}],"wp:term":[{"taxonomy":"product_brand","embeddable":true,"href":"https:\/\/olemosaic.com\/fr\/wp-json\/wp\/v2\/product_brand?post=27798"},{"taxonomy":"product_cat","embeddable":true,"href":"https:\/\/olemosaic.com\/fr\/wp-json\/wp\/v2\/product_cat?post=27798"},{"taxonomy":"product_tag","embeddable":true,"href":"https:\/\/olemosaic.com\/fr\/wp-json\/wp\/v2\/product_tag?post=27798"}],"curies":[{"name":"wp","href":"https:\/\/api.w.org\/{rel}","templated":true}]}}