{"id":27797,"date":"2025-02-20T23:29:33","date_gmt":"2025-02-20T22:29:33","guid":{"rendered":"http:\/\/olemosaic.com\/producto\/bol-de-ceramica-de-14-cm-la-alhambra-granada-beige\/"},"modified":"2025-07-25T20:03:37","modified_gmt":"2025-07-25T18:03:37","slug":"bol-en-ceramique-de-14-cm-l-alhambra-grenade-beige","status":"publish","type":"product","link":"https:\/\/olemosaic.com\/fr\/produit\/bol-en-ceramique-de-14-cm-l-alhambra-grenade-beige\/","title":{"rendered":"Bol en c\u00e9ramique de 14 cm. L&rsquo;Alhambra. Grenade. Beige"},"content":{"rendered":"<p>Ce bol en c\u00e9ramique de 14 cm, inspir\u00e9 de la majestueuse Alhambra de Grenade, est un exemple parfait de l&rsquo;art d\u00e9coratif espagnol. Son design vibrant et color\u00e9 pr\u00e9sente une repr\u00e9sentation soign\u00e9e de la vue panoramique de l&rsquo;Alhambra, mettant en valeur ses tours embl\u00e9matiques et ses jardins luxuriants, le tout m\u00e9ticuleusement peint \u00e0 la main. La base beige fait ressortir les d\u00e9tails complexes de l&rsquo;illustration, tandis que le bord rouge ajoute une touche d&rsquo;\u00e9l\u00e9gance et de distinction. Le texte d\u00e9coratif \u00ab\u00a0La Alhambra\u00a0\u00bb et \u00ab\u00a0Granada\u00a0\u00bb est dispos\u00e9 dans un style attrayant qui compl\u00e8te le design g\u00e9n\u00e9ral, en faisant une pi\u00e8ce de conversation id\u00e9ale pour n&rsquo;importe quel foyer.<\/p>\n<p>Ce bol ne remplit pas seulement une fonction pratique, il agit \u00e9galement comme un rappel tangible du riche h\u00e9ritage culturel de Grenade. L&rsquo;Alhambra, class\u00e9e au patrimoine mondial de l&rsquo;UNESCO, est un symbole de l&rsquo;histoire et de l&rsquo;influence arabe en Espagne, et ce bol en capture l&rsquo;essence de mani\u00e8re exquise. Chez Ol\u00e9 Mosaic, nous proposons ce pr\u00e9cieux souvenir de Grenade comme un article exclusif qui ravira certainement les visiteurs et les touristes cherchant \u00e0 emporter un morceau de la riche histoire culturelle de l&rsquo;Espagne. Parfait pour les boutiques de cadeaux touristiques et les grossistes en souvenirs, ce bol en c\u00e9ramique est un choix authentique et repr\u00e9sentatif de la r\u00e9gion, id\u00e9al pour ceux qui appr\u00e9cient l&rsquo;artisanat et l&rsquo;h\u00e9ritage culturel.<\/p>\n","protected":false},"excerpt":{"rendered":"<p>Bol en c\u00e9ramique de 14 cm inspir\u00e9 de l&rsquo;Alhambra, un embl\u00e8me de Grenade. Ce bol \u00e9l\u00e9gant pr\u00e9sente un design color\u00e9 avec la vue panoramique majestueuse de l&rsquo;Alhambra, soulignant ses tours et jardins embl\u00e9matiques, le tout avec une finition artisanale peinte \u00e0 la main. La base beige est compl\u00e9t\u00e9e par un bord rouge, et le texte \u00ab\u00a0La Alhambra\u00a0\u00bb et \u00ab\u00a0Granada\u00a0\u00bb est affich\u00e9 dans un style d\u00e9coratif attrayant. Id\u00e9al pour ajouter une touche culturelle \u00e0 votre int\u00e9rieur.<\/p>\n","protected":false},"featured_media":7517,"template":"","meta":{"_acf_changed":false},"product_brand":[],"product_cat":[521],"product_tag":[585],"class_list":{"0":"post-27797","1":"product","2":"type-product","3":"status-publish","4":"has-post-thumbnail","6":"product_cat-bols","7":"product_tag-ceramique","8":"pa_ciudad-granada","9":"pa_motivo-lalhambra","10":"pa_pais-espana","12":"first","13":"instock","14":"shipping-taxable","15":"product-type-simple"},"acf":[],"_links":{"self":[{"href":"https:\/\/olemosaic.com\/fr\/wp-json\/wp\/v2\/product\/27797","targetHints":{"allow":["GET"]}}],"collection":[{"href":"https:\/\/olemosaic.com\/fr\/wp-json\/wp\/v2\/product"}],"about":[{"href":"https:\/\/olemosaic.com\/fr\/wp-json\/wp\/v2\/types\/product"}],"wp:featuredmedia":[{"embeddable":true,"href":"https:\/\/olemosaic.com\/fr\/wp-json\/wp\/v2\/media\/7517"}],"wp:attachment":[{"href":"https:\/\/olemosaic.com\/fr\/wp-json\/wp\/v2\/media?parent=27797"}],"wp:term":[{"taxonomy":"product_brand","embeddable":true,"href":"https:\/\/olemosaic.com\/fr\/wp-json\/wp\/v2\/product_brand?post=27797"},{"taxonomy":"product_cat","embeddable":true,"href":"https:\/\/olemosaic.com\/fr\/wp-json\/wp\/v2\/product_cat?post=27797"},{"taxonomy":"product_tag","embeddable":true,"href":"https:\/\/olemosaic.com\/fr\/wp-json\/wp\/v2\/product_tag?post=27797"}],"curies":[{"name":"wp","href":"https:\/\/api.w.org\/{rel}","templated":true}]}}