{"id":27774,"date":"2025-02-20T22:29:31","date_gmt":"2025-02-20T22:29:31","guid":{"rendered":"http:\/\/olemosaic.com\/producto\/bol-de-ceramica-de-14-cm-mosaico-blanco\/"},"modified":"2025-07-25T20:15:34","modified_gmt":"2025-07-25T18:15:34","slug":"bol-en-ceramique-de-14-cm-mosaique-blanc","status":"publish","type":"product","link":"https:\/\/olemosaic.com\/fr\/produit\/bol-en-ceramique-de-14-cm-mosaique-blanc\/","title":{"rendered":"Bol en c\u00e9ramique de 14 cm. Mosa\u00efque. Blanc"},"content":{"rendered":"<p>Ce bol en c\u00e9ramique de 14 cm est un v\u00e9ritable bijou qui c\u00e9l\u00e8bre la riche tradition de la c\u00e9ramique espagnole. D\u00e9cor\u00e9 d&rsquo;une mosa\u00efque vibrante combinant des tons bleus, oranges et rouges, ce produit capture l&rsquo;essence du folklore espagnol \u00e0 travers son design complexe. La d\u00e9coration pr\u00e9sente une fusion de motifs g\u00e9om\u00e9triques et floraux, faisant de chaque bol une v\u00e9ritable \u0153uvre d&rsquo;art qui \u00e9voque la chaleur et le coloris de la tradition artisanale du pays. Sa finition ext\u00e9rieure d&rsquo;un blanc classique fait ressortir la vivacit\u00e9 de la mosa\u00efque, tandis que l&rsquo;int\u00e9rieur rouge brillant ajoute une touche de joie et de distinction. Ce bol n&rsquo;est pas seulement id\u00e9al pour servir des tapas ou des salades, il fonctionne \u00e9galement comme un \u00e9l\u00e9ment d\u00e9coratif de premier plan, parfait pour embellir n&rsquo;importe quel espace.<\/p>\n<p>La c\u00e9ramique d\u00e9corative est un symbole culturel dans de nombreuses r\u00e9gions d&rsquo;Espagne, et ce bol repr\u00e9sente la connexion avec cet h\u00e9ritage artistique. Id\u00e9al pour les touristes \u00e0 la recherche de souvenirs authentiques, ce bol est un excellent choix pour ceux qui souhaitent ramener un morceau de la culture espagnole chez eux. Chez Ol\u00e9 Mosaic, nous sommes distributeurs de c\u00e9ramique et de souvenirs de qualit\u00e9, proposant des produits qui se distinguent par leur design unique et leur pertinence culturelle, parfaits pour les boutiques de cadeaux.<\/p>\n","protected":false},"excerpt":{"rendered":"<p>Bol en c\u00e9ramique de 14 cm, d\u00e9cor\u00e9 d&rsquo;une mosa\u00efque vibrante dans des tons bleus, oranges et rouges, typiques de la c\u00e9ramique espagnole. Ce produit se distingue par sa technique d\u00e9corative, o\u00f9 de multiples motifs g\u00e9om\u00e9triques et floraux se combinent pour cr\u00e9er une pi\u00e8ce visuellement attrayante. Avec une finition blanche classique et un int\u00e9rieur rouge brillant, ce bol est id\u00e9al pour servir ou comme \u00e9l\u00e9ment d\u00e9coratif \u00e9voquant le coloris et la tradition du folklore espagnol.<\/p>\n","protected":false},"featured_media":11170,"template":"","meta":{"_acf_changed":false},"product_brand":[],"product_cat":[521],"product_tag":[585],"class_list":{"0":"post-27774","1":"product","2":"type-product","3":"status-publish","4":"has-post-thumbnail","6":"product_cat-bols","7":"product_tag-ceramique","8":"pa_motivo-mosaique","10":"first","11":"instock","12":"shipping-taxable","13":"product-type-simple"},"acf":[],"_links":{"self":[{"href":"https:\/\/olemosaic.com\/fr\/wp-json\/wp\/v2\/product\/27774","targetHints":{"allow":["GET"]}}],"collection":[{"href":"https:\/\/olemosaic.com\/fr\/wp-json\/wp\/v2\/product"}],"about":[{"href":"https:\/\/olemosaic.com\/fr\/wp-json\/wp\/v2\/types\/product"}],"wp:featuredmedia":[{"embeddable":true,"href":"https:\/\/olemosaic.com\/fr\/wp-json\/wp\/v2\/media\/11170"}],"wp:attachment":[{"href":"https:\/\/olemosaic.com\/fr\/wp-json\/wp\/v2\/media?parent=27774"}],"wp:term":[{"taxonomy":"product_brand","embeddable":true,"href":"https:\/\/olemosaic.com\/fr\/wp-json\/wp\/v2\/product_brand?post=27774"},{"taxonomy":"product_cat","embeddable":true,"href":"https:\/\/olemosaic.com\/fr\/wp-json\/wp\/v2\/product_cat?post=27774"},{"taxonomy":"product_tag","embeddable":true,"href":"https:\/\/olemosaic.com\/fr\/wp-json\/wp\/v2\/product_tag?post=27774"}],"curies":[{"name":"wp","href":"https:\/\/api.w.org\/{rel}","templated":true}]}}