{"id":27772,"date":"2025-02-20T22:29:31","date_gmt":"2025-02-20T22:29:31","guid":{"rendered":"http:\/\/olemosaic.com\/producto\/bol-de-ceramica-de-14-cm-salamandra-y-flores-blanco\/"},"modified":"2025-07-25T20:30:31","modified_gmt":"2025-07-25T18:30:31","slug":"bol-en-ceramique-de-14-cm-salamandre-et-fleurs-blanc","status":"publish","type":"product","link":"https:\/\/olemosaic.com\/fr\/produit\/bol-en-ceramique-de-14-cm-salamandre-et-fleurs-blanc\/","title":{"rendered":"Bol en c\u00e9ramique de 14 cm. Salamandre et fleurs. Blanc"},"content":{"rendered":"<p>Ce bol en c\u00e9ramique de 14 cm est un v\u00e9ritable hommage \u00e0 l&rsquo;art traditionnel espagnol, parfait pour ceux qui recherchent des souvenirs refl\u00e9tant la richesse culturelle de l&rsquo;Espagne. D\u00e9cor\u00e9 d&rsquo;une illustration vibrante de salamandres et de fleurs, le bol pr\u00e9sente un fond blanc qui imite un motif de mosa\u00efque exclusif, faisant ressortir les couleurs vives des salamandres dans des tons rouges, bleus et verts, qui semblent prendre vie \u00e0 sa surface. Les fleurs multicolores qui les entourent apportent un air frais et joyeux, s&rsquo;int\u00e9grant harmonieusement dans un design qui c\u00e9l\u00e8bre la diversit\u00e9 de la nature.<\/p>\n<p>L&rsquo;int\u00e9rieur du bol, peint dans une couleur rouge chaude et attrayante, ajoute non seulement une touche distinctive, mais en fait \u00e9galement un \u00e9l\u00e9ment id\u00e9al pour rehausser n&rsquo;importe quelle table, que ce soit lors d&rsquo;un d\u00eener en famille ou d&rsquo;une r\u00e9union entre amis. Ce bol n&rsquo;est pas seulement fonctionnel, il sert \u00e9galement de bel objet d\u00e9coratif qui \u00e9voquera des souvenirs de votre s\u00e9jour en Espagne.<\/p>\n<p>Originaire de r\u00e9gions o\u00f9 la c\u00e9ramique est un symbole de la tradition artisanale, ce bol en c\u00e9ramique est un cadeau parfait pour les touristes souhaitant emporter un morceau de la culture espagnole. Chez Ol\u00e9 Mosaic, nous nous sp\u00e9cialisons dans la distribution de souvenirs en c\u00e9ramique authentique en gros, offrant aux boutiques de cadeaux touristiques des produits qui se distinguent par leur design, leur qualit\u00e9 et leur connexion culturelle. Ce bol en c\u00e9ramique est une excellente option pour ceux qui recherchent des cadeaux uniques capturant l&rsquo;essence de l&rsquo;art espagnol.<\/p>\n","protected":false},"excerpt":{"rendered":"<p>Bol en c\u00e9ramique de 14 cm d\u00e9cor\u00e9 d&rsquo;une illustration vibrante de salamandres et de fleurs, inspir\u00e9e de l&rsquo;art traditionnel espagnol. Son design comprend un fond blanc avec un motif de mosa\u00efque exclusif qui rehausse les couleurs vives des salamandres, dans des tons rouges, bleus et verts, aux c\u00f4t\u00e9s de fleurs de diverses teintes. L&rsquo;int\u00e9rieur du bol, de couleur rouge, apporte de la chaleur et est id\u00e9al pour donner une touche distinctive \u00e0 n&rsquo;importe quelle table.<\/p>\n","protected":false},"featured_media":11168,"template":"","meta":{"_acf_changed":false},"product_brand":[],"product_cat":[521],"product_tag":[530,585],"class_list":{"0":"post-27772","1":"product","2":"type-product","3":"status-publish","4":"has-post-thumbnail","6":"product_cat-bols","7":"product_tag-animaux","8":"product_tag-ceramique","9":"pa_motivo-salamandres","11":"first","12":"instock","13":"shipping-taxable","14":"product-type-simple"},"acf":[],"_links":{"self":[{"href":"https:\/\/olemosaic.com\/fr\/wp-json\/wp\/v2\/product\/27772","targetHints":{"allow":["GET"]}}],"collection":[{"href":"https:\/\/olemosaic.com\/fr\/wp-json\/wp\/v2\/product"}],"about":[{"href":"https:\/\/olemosaic.com\/fr\/wp-json\/wp\/v2\/types\/product"}],"wp:featuredmedia":[{"embeddable":true,"href":"https:\/\/olemosaic.com\/fr\/wp-json\/wp\/v2\/media\/11168"}],"wp:attachment":[{"href":"https:\/\/olemosaic.com\/fr\/wp-json\/wp\/v2\/media?parent=27772"}],"wp:term":[{"taxonomy":"product_brand","embeddable":true,"href":"https:\/\/olemosaic.com\/fr\/wp-json\/wp\/v2\/product_brand?post=27772"},{"taxonomy":"product_cat","embeddable":true,"href":"https:\/\/olemosaic.com\/fr\/wp-json\/wp\/v2\/product_cat?post=27772"},{"taxonomy":"product_tag","embeddable":true,"href":"https:\/\/olemosaic.com\/fr\/wp-json\/wp\/v2\/product_tag?post=27772"}],"curies":[{"name":"wp","href":"https:\/\/api.w.org\/{rel}","templated":true}]}}