{"id":27758,"date":"2025-02-20T23:29:31","date_gmt":"2025-02-20T22:29:31","guid":{"rendered":"http:\/\/olemosaic.com\/producto\/bol-de-ceramica-de-12-cm-salamandra-barcelona-beige\/"},"modified":"2025-07-25T23:42:32","modified_gmt":"2025-07-25T21:42:32","slug":"bol-en-ceramique-de-12-cm-salamandre-barcelone-beige","status":"publish","type":"product","link":"https:\/\/olemosaic.com\/fr\/produit\/bol-en-ceramique-de-12-cm-salamandre-barcelone-beige\/","title":{"rendered":"Bol en c\u00e9ramique de 12 cm. Salamandre. Barcelone. Beige"},"content":{"rendered":"<p>Ce bol en c\u00e9ramique de 12 cm, d\u00e9cor\u00e9 de salamandres color\u00e9es, est un v\u00e9ritable joyau du design artisanal barcelonais. Ce charmant souvenir, id\u00e9al pour ceux qui souhaitent se rem\u00e9morer leur visite dans la ville vibrante, pr\u00e9sente un design joyeux avec des motifs de salamandres multicolores et de d\u00e9licates fleurs. Les d\u00e9tails aux couleurs vives, comme les verts, rouges et bleus, contrastent avec le fond beige, cr\u00e9ant une pi\u00e8ce visuellement attrayante qui capture l&rsquo;essence ludique et festive de la culture catalane. Le bord vert rehausse encore la finition vibrante du bol, tandis que le mot \u00ab\u00a0Barcelona\u00a0\u00bb est peint avec des lettres frappantes qui ajoutent une touche personnalis\u00e9e et \u00e9vocatrice.<\/p>\n<p>La technique de peinture \u00e0 la main garantit que chaque bol est unique, refl\u00e9tant le d\u00e9vouement et l&rsquo;art qui caract\u00e9risent la c\u00e9ramique barcelonaise. Ce bol n&rsquo;est pas seulement fonctionnel, il sert \u00e9galement de pi\u00e8ce d\u00e9corative qui peut embellir n&rsquo;importe quel int\u00e9rieur, offrant un rappel de la couleur et de la vie que l&rsquo;on respire dans les rues de la ville. Chez Ol\u00e9 Mosaic, en tant que grossiste de souvenirs, nous proposons ce bol en c\u00e9ramique de salamandres, une excellente option pour les boutiques de cadeaux touristiques souhaitant mettre en avant des produits authentiques et repr\u00e9sentatifs de l&rsquo;Espagne. Ce souvenir de Barcelone repr\u00e9sente la riche culture et la joie de la r\u00e9gion, en faisant un article d\u00e9sirable pour chaque visiteur.<\/p>\n","protected":false},"excerpt":{"rendered":"<p>Bol en c\u00e9ramique de 12 cm d\u00e9cor\u00e9 de joyeuses salamandres, id\u00e9al comme souvenir de Barcelone. Ce charmant bol pr\u00e9sente un design vibrant avec des salamandres et des fleurs multicolores, encadr\u00e9 par un bord vert et le mot \u00ab\u00a0Barcelona\u00a0\u00bb peint avec des lettres frappantes. Sa technique de design artisanal, peint \u00e0 la main, garantit une finition unique et artisanale, parfaite pour ajouter une touche de couleur et de culture \u00e0 votre int\u00e9rieur.<\/p>\n","protected":false},"featured_media":7542,"template":"","meta":{"_acf_changed":false},"product_brand":[],"product_cat":[521],"product_tag":[530,585],"class_list":{"0":"post-27758","1":"product","2":"type-product","3":"status-publish","4":"has-post-thumbnail","6":"product_cat-bols","7":"product_tag-animaux","8":"product_tag-ceramique","9":"pa_ciudad-barcelona","10":"pa_motivo-salamandres","11":"pa_pais-espana","13":"first","14":"instock","15":"shipping-taxable","16":"product-type-simple"},"acf":[],"_links":{"self":[{"href":"https:\/\/olemosaic.com\/fr\/wp-json\/wp\/v2\/product\/27758","targetHints":{"allow":["GET"]}}],"collection":[{"href":"https:\/\/olemosaic.com\/fr\/wp-json\/wp\/v2\/product"}],"about":[{"href":"https:\/\/olemosaic.com\/fr\/wp-json\/wp\/v2\/types\/product"}],"wp:featuredmedia":[{"embeddable":true,"href":"https:\/\/olemosaic.com\/fr\/wp-json\/wp\/v2\/media\/7542"}],"wp:attachment":[{"href":"https:\/\/olemosaic.com\/fr\/wp-json\/wp\/v2\/media?parent=27758"}],"wp:term":[{"taxonomy":"product_brand","embeddable":true,"href":"https:\/\/olemosaic.com\/fr\/wp-json\/wp\/v2\/product_brand?post=27758"},{"taxonomy":"product_cat","embeddable":true,"href":"https:\/\/olemosaic.com\/fr\/wp-json\/wp\/v2\/product_cat?post=27758"},{"taxonomy":"product_tag","embeddable":true,"href":"https:\/\/olemosaic.com\/fr\/wp-json\/wp\/v2\/product_tag?post=27758"}],"curies":[{"name":"wp","href":"https:\/\/api.w.org\/{rel}","templated":true}]}}