{"id":27756,"date":"2025-02-20T23:29:30","date_gmt":"2025-02-20T22:29:30","guid":{"rendered":"http:\/\/olemosaic.com\/producto\/bol-de-ceramica-de-12-cm-salamandra-mallorca-beige-2\/"},"modified":"2025-07-25T19:32:51","modified_gmt":"2025-07-25T17:32:51","slug":"bol-en-ceramique-de-12-cm-salamandre-majorque-beige-2","status":"publish","type":"product","link":"https:\/\/olemosaic.com\/fr\/produit\/bol-en-ceramique-de-12-cm-salamandre-majorque-beige-2\/","title":{"rendered":"Bol en c\u00e9ramique de 12 cm. Salamandre. Style m\u00e9diterran\u00e9en. Majorque. Beige"},"content":{"rendered":"<p>Ce bol en c\u00e9ramique de 12 cm est une v\u00e9ritable \u0153uvre d&rsquo;art inspir\u00e9e par la faune vibrante de Majorque, parfait pour ceux qui recherchent un souvenir unique et color\u00e9 de l&rsquo;\u00eele. Son design, peint \u00e0 la main, pr\u00e9sente des salamandres color\u00e9es dans diverses postures, caract\u00e9ristiques de l&rsquo;environnement naturel majorquin, orn\u00e9es de fleurs qui apportent une touche de fra\u00eecheur et de joie. Le fond blanc fait magnifiquement ressortir les couleurs vives des salamandres, tandis que le bord vert compl\u00e8te le th\u00e8me naturaliste, \u00e9voquant la riche v\u00e9g\u00e9tation de l&rsquo;\u00eele. Les inscriptions \u00ab\u00a0MALLORCA\u00a0\u00bb, dans des tons frappants, renforcent non seulement la connexion avec la r\u00e9gion, mais conf\u00e8rent \u00e9galement un caract\u00e8re authentique au bol, en faisant un excellent souvenir qui met en valeur l&rsquo;h\u00e9ritage culturel de Majorque.<\/p>\n<p>Ce bol est plus qu&rsquo;un simple objet d\u00e9coratif ; c&rsquo;est un symbole de la richesse naturelle et artistique de l&rsquo;\u00eele, qui transforme n&rsquo;importe quel coin de la maison en un espace plein de vie et de couleur. Id\u00e9al pour ceux qui souhaitent ramener chez eux un morceau de la culture majorquine, ce bol est \u00e9galement une excellente option pour les boutiques de cadeaux touristiques cherchant \u00e0 int\u00e9grer des souvenirs en c\u00e9ramique authentiques et de haute qualit\u00e9. Chez Ol\u00e9 Mosaic, en tant que grossistes de souvenirs, nous proposons des produits artisanaux qui capturent l&rsquo;essence de leur origine, et ce bol en c\u00e9ramique repr\u00e9sente un choix parfait pour les touristes \u00e0 la recherche d&rsquo;un souvenir typique et significatif.<\/p>\n","protected":false},"excerpt":{"rendered":"<p>Bol en c\u00e9ramique de 12 cm inspir\u00e9 de la faune de Majorque, d\u00e9cor\u00e9 de salamandres color\u00e9es et de fleurs. Ce bol attrayant pr\u00e9sente un design artisanal, peint \u00e0 la main, avec un fond blanc qui rehausse les couleurs vibrantes des salamandres et des fleurs qui l&rsquo;ornent. De plus, le bord vert compl\u00e8te le th\u00e8me naturaliste, tandis que l&rsquo;inscription \u00ab\u00a0MALLORCA\u00a0\u00bb en couleurs vives ajoute une touche authentique. Id\u00e9al pour apporter une touche de culture et d&rsquo;originalit\u00e9 \u00e0 votre int\u00e9rieur.<\/p>\n","protected":false},"featured_media":7721,"template":"","meta":{"_acf_changed":false},"product_brand":[],"product_cat":[521],"product_tag":[530,585],"class_list":{"0":"post-27756","1":"product","2":"type-product","3":"status-publish","4":"has-post-thumbnail","6":"product_cat-bols","7":"product_tag-animaux","8":"product_tag-ceramique","9":"pa_ciudad-mallorca","10":"pa_motivo-salamandres","11":"pa_pais-espana","13":"first","14":"instock","15":"shipping-taxable","16":"product-type-simple"},"acf":[],"_links":{"self":[{"href":"https:\/\/olemosaic.com\/fr\/wp-json\/wp\/v2\/product\/27756","targetHints":{"allow":["GET"]}}],"collection":[{"href":"https:\/\/olemosaic.com\/fr\/wp-json\/wp\/v2\/product"}],"about":[{"href":"https:\/\/olemosaic.com\/fr\/wp-json\/wp\/v2\/types\/product"}],"wp:featuredmedia":[{"embeddable":true,"href":"https:\/\/olemosaic.com\/fr\/wp-json\/wp\/v2\/media\/7721"}],"wp:attachment":[{"href":"https:\/\/olemosaic.com\/fr\/wp-json\/wp\/v2\/media?parent=27756"}],"wp:term":[{"taxonomy":"product_brand","embeddable":true,"href":"https:\/\/olemosaic.com\/fr\/wp-json\/wp\/v2\/product_brand?post=27756"},{"taxonomy":"product_cat","embeddable":true,"href":"https:\/\/olemosaic.com\/fr\/wp-json\/wp\/v2\/product_cat?post=27756"},{"taxonomy":"product_tag","embeddable":true,"href":"https:\/\/olemosaic.com\/fr\/wp-json\/wp\/v2\/product_tag?post=27756"}],"curies":[{"name":"wp","href":"https:\/\/api.w.org\/{rel}","templated":true}]}}