{"id":27740,"date":"2025-02-20T23:29:30","date_gmt":"2025-02-20T22:29:30","guid":{"rendered":"http:\/\/olemosaic.com\/producto\/bol-de-ceramica-de-12-cm-salamandra-mallorca-beige\/"},"modified":"2025-07-25T19:38:25","modified_gmt":"2025-07-25T17:38:25","slug":"bol-en-ceramique-de-12-cm-salamandre-majorque-beige","status":"publish","type":"product","link":"https:\/\/olemosaic.com\/fr\/produit\/bol-en-ceramique-de-12-cm-salamandre-majorque-beige\/","title":{"rendered":"Bol en c\u00e9ramique de 12 cm. Salamandre. Majorque. Beige"},"content":{"rendered":"<p>Ce bol en c\u00e9ramique de 12 cm est un souvenir attrayant de Majorque, se distinguant par son design contagieux de sympathiques salamandres dans une palette de couleurs vibrantes sur un fond blanc \u00e0 l&rsquo;int\u00e9rieur. Les d\u00e9tails peints \u00e0 la main, incluant des fleurs multicolores et l&rsquo;inscription \u00ab\u00a0MALLORCA\u00a0\u00bb, ajoutent un air joyeux et festif \u00e0 cette pi\u00e8ce unique de c\u00e9ramique majorquine. La jolie ligne beige qui orne le contour du bol n&rsquo;encadre pas seulement le design, mais fait ressortir les salamandres vives qui semblent prendre vie, \u00e9voquant la riche faune et la tradition culturelle de l&rsquo;\u00eele. Id\u00e9al aussi bien pour servir des ap\u00e9ritifs que pour \u00eatre expos\u00e9 comme un charmant \u00e9l\u00e9ment d\u00e9coratif, ce bol est une repr\u00e9sentation authentique du folklore de Majorque et de son artisanat.<\/p>\n<p>Le symbolisme de la salamandre dans la culture m\u00e9diterran\u00e9enne, o\u00f9 elle est associ\u00e9e \u00e0 la chance et \u00e0 la prosp\u00e9rit\u00e9, en fait un souvenir significatif et d\u00e9sirable pour les touristes cherchant \u00e0 emporter un petit morceau de la magie de Majorque. Chez Ol\u00e9 Mosaic, nous sommes fiers de proposer des souvenirs authentiques qui c\u00e9l\u00e8brent la richesse culturelle de l&rsquo;Espagne. Ce bol en c\u00e9ramique, comme tous nos produits, est disponible en gros, ce qui en fait une excellente option pour les boutiques de cadeaux touristiques \u00e0 la recherche d&rsquo;articles fusionnant fonctionnalit\u00e9 et tradition.<\/p>\n","protected":false},"excerpt":{"rendered":"<p>Bol en c\u00e9ramique de 12 cm, d\u00e9cor\u00e9 de sympathiques salamandres aux couleurs vives sur un fond blanc. Cette pi\u00e8ce, inspir\u00e9e du folklore majorquin, pr\u00e9sente un contour beige qui souligne les d\u00e9tails peints \u00e0 la main, incluant des fleurs et le mot \u00ab\u00a0MALLORCA\u00a0\u00bb. Avec son design joyeux et color\u00e9, il est parfait pour servir des ap\u00e9ritifs ou comme \u00e9l\u00e9ment d\u00e9coratif \u00e9voquant la beaut\u00e9 de l&rsquo;\u00eele.<\/p>\n","protected":false},"featured_media":7725,"template":"","meta":{"_acf_changed":false},"product_brand":[],"product_cat":[521],"product_tag":[530,585],"class_list":{"0":"post-27740","1":"product","2":"type-product","3":"status-publish","4":"has-post-thumbnail","6":"product_cat-bols","7":"product_tag-animaux","8":"product_tag-ceramique","9":"pa_ciudad-mallorca","10":"pa_motivo-salamandres","11":"pa_pais-espana","13":"first","14":"instock","15":"shipping-taxable","16":"product-type-simple"},"acf":[],"_links":{"self":[{"href":"https:\/\/olemosaic.com\/fr\/wp-json\/wp\/v2\/product\/27740","targetHints":{"allow":["GET"]}}],"collection":[{"href":"https:\/\/olemosaic.com\/fr\/wp-json\/wp\/v2\/product"}],"about":[{"href":"https:\/\/olemosaic.com\/fr\/wp-json\/wp\/v2\/types\/product"}],"wp:featuredmedia":[{"embeddable":true,"href":"https:\/\/olemosaic.com\/fr\/wp-json\/wp\/v2\/media\/7725"}],"wp:attachment":[{"href":"https:\/\/olemosaic.com\/fr\/wp-json\/wp\/v2\/media?parent=27740"}],"wp:term":[{"taxonomy":"product_brand","embeddable":true,"href":"https:\/\/olemosaic.com\/fr\/wp-json\/wp\/v2\/product_brand?post=27740"},{"taxonomy":"product_cat","embeddable":true,"href":"https:\/\/olemosaic.com\/fr\/wp-json\/wp\/v2\/product_cat?post=27740"},{"taxonomy":"product_tag","embeddable":true,"href":"https:\/\/olemosaic.com\/fr\/wp-json\/wp\/v2\/product_tag?post=27740"}],"curies":[{"name":"wp","href":"https:\/\/api.w.org\/{rel}","templated":true}]}}