{"id":27738,"date":"2025-02-20T23:29:30","date_gmt":"2025-02-20T22:29:30","guid":{"rendered":"http:\/\/olemosaic.com\/producto\/bol-de-ceramica-de-12-cm-punt-de-trobada-beige-2\/"},"modified":"2025-07-25T19:39:43","modified_gmt":"2025-07-25T17:39:43","slug":"bol-en-ceramique-de-12-cm-punt-de-trobada-beige-2","status":"publish","type":"product","link":"https:\/\/olemosaic.com\/fr\/produit\/bol-en-ceramique-de-12-cm-punt-de-trobada-beige-2\/","title":{"rendered":"Bol en c\u00e9ramique de 12 cm. Punt de trobada. Style m\u00e9diterran\u00e9en. Beige"},"content":{"rendered":"<p>Ce bol en c\u00e9ramique de 12 cm capture l&rsquo;essence de l&rsquo;art m\u00e9diterran\u00e9en \u00e0 travers son design vibrant de trencad\u00eds, un type de mosa\u00efque embl\u00e9matique de la r\u00e9gion. Le bol, avec un charmant fond beige, pr\u00e9sente une explosion de couleurs \u00e9clatantes combinant des formes organiques et des motifs abstraits, \u00e9voquant l&rsquo;art moderne dans chaque d\u00e9tail. La riche vari\u00e9t\u00e9 de tons, du rouge et bleu au vert et jaune, s&rsquo;entrelace dans un motif dynamique qui attire le regard et ravive la joie de la culture locale.<\/p>\n<p>Le bord orange qui accentue le bol est non seulement visuellement attrayant, mais symbolise \u00e9galement la chaleur et l&rsquo;esprit accueillant de la gastronomie m\u00e9diterran\u00e9enne. C&rsquo;est une pi\u00e8ce polyvalente, id\u00e9ale pour servir des ap\u00e9ritifs, des salades ou comme \u00e9l\u00e9ment d\u00e9coratif dans n&rsquo;importe quelle maison, gr\u00e2ce \u00e0 son design artistique qui invite \u00e0 la conversation et \u00e0 l&rsquo;admiration.<\/p>\n<p>Ce bol est un authentique souvenir qui repr\u00e9sente le riche h\u00e9ritage culturel de la r\u00e9gion, ce qui en fait un choix parfait pour les touristes souhaitant ramener un morceau de la tradition m\u00e9diterran\u00e9enne chez eux. Chez Ol\u00e9 Mosaic, en tant que distributeurs de souvenirs en gros, nous proposons des articles en c\u00e9ramique authentiques qui refl\u00e8tent la cr\u00e9ativit\u00e9 et l&rsquo;art de l&rsquo;Espagne, garantissant qualit\u00e9 et authenticit\u00e9 dans chaque pi\u00e8ce. Ce bol en c\u00e9ramique est, sans aucun doute, un excellent choix pour les boutiques de cadeaux touristiques souhaitant offrir quelque chose de vraiment sp\u00e9cial.<\/p>\n","protected":false},"excerpt":{"rendered":"<p>Bol en c\u00e9ramique de 12 cm avec un design vibrant de trencad\u00eds, inspir\u00e9 par l&rsquo;\u0153uvre de mosa\u00efque typique de la r\u00e9gion. Ce bol, de couleur beige, pr\u00e9sente une charmante combinaison de couleurs \u00e9clatantes, avec des formes organiques et des motifs abstraits \u00e9voquant l&rsquo;art moderne. Avec son bord orange, il est id\u00e9al pour servir des ap\u00e9ritifs ou comme \u00e9l\u00e9ment d\u00e9coratif dans n&rsquo;importe quelle maison. Parfait pour apporter une touche de culture m\u00e9diterran\u00e9enne \u00e0 votre table.<\/p>\n","protected":false},"featured_media":10052,"template":"","meta":{"_acf_changed":false},"product_brand":[],"product_cat":[521],"product_tag":[585],"class_list":{"0":"post-27738","1":"product","2":"type-product","3":"status-publish","4":"has-post-thumbnail","6":"product_cat-bols","7":"product_tag-ceramique","8":"pa_motivo-punt-de-trobada","10":"first","11":"instock","12":"shipping-taxable","13":"product-type-simple"},"acf":[],"_links":{"self":[{"href":"https:\/\/olemosaic.com\/fr\/wp-json\/wp\/v2\/product\/27738","targetHints":{"allow":["GET"]}}],"collection":[{"href":"https:\/\/olemosaic.com\/fr\/wp-json\/wp\/v2\/product"}],"about":[{"href":"https:\/\/olemosaic.com\/fr\/wp-json\/wp\/v2\/types\/product"}],"wp:featuredmedia":[{"embeddable":true,"href":"https:\/\/olemosaic.com\/fr\/wp-json\/wp\/v2\/media\/10052"}],"wp:attachment":[{"href":"https:\/\/olemosaic.com\/fr\/wp-json\/wp\/v2\/media?parent=27738"}],"wp:term":[{"taxonomy":"product_brand","embeddable":true,"href":"https:\/\/olemosaic.com\/fr\/wp-json\/wp\/v2\/product_brand?post=27738"},{"taxonomy":"product_cat","embeddable":true,"href":"https:\/\/olemosaic.com\/fr\/wp-json\/wp\/v2\/product_cat?post=27738"},{"taxonomy":"product_tag","embeddable":true,"href":"https:\/\/olemosaic.com\/fr\/wp-json\/wp\/v2\/product_tag?post=27738"}],"curies":[{"name":"wp","href":"https:\/\/api.w.org\/{rel}","templated":true}]}}