{"id":27737,"date":"2025-02-20T23:29:30","date_gmt":"2025-02-20T22:29:30","guid":{"rendered":"http:\/\/olemosaic.com\/producto\/bol-de-ceramica-de-115-cm-panoramica-barcelona-beige-2\/"},"modified":"2025-07-25T23:34:44","modified_gmt":"2025-07-25T21:34:44","slug":"bol-en-ceramique-de-11-5-cm-panoramique-barcelone-beige-2","status":"publish","type":"product","link":"https:\/\/olemosaic.com\/fr\/produit\/bol-en-ceramique-de-11-5-cm-panoramique-barcelone-beige-2\/","title":{"rendered":"Bol en c\u00e9ramique de 11,5 cm. Panoramique. Style m\u00e9diterran\u00e9en. Barcelone. Beige"},"content":{"rendered":"<p>Ce bol en c\u00e9ramique de 11,5 cm est un charmant souvenir de Barcelone qui capture l&rsquo;essence artistique et culturelle de cette ville vibrante. Avec un design carr\u00e9, ses bords rouges contrastent magnifiquement avec le fond blanc, o\u00f9 se d\u00e9ploie une superbe vue panoramique de la Sagrada Familia et d&rsquo;autres monuments embl\u00e9matiques de Barcelone, tels que le Parc G\u00fcell et la Casa Batll\u00f3. Chaque illustration est m\u00e9ticuleusement d\u00e9cor\u00e9e \u00e0 la main, mettant en valeur le style mosa\u00efque vibrant caract\u00e9ristique de l&rsquo;\u0153uvre d&rsquo;Antoni Gaud\u00ed, le g\u00e9nie architecte qui a laiss\u00e9 une empreinte ind\u00e9l\u00e9bile sur la ville.<\/p>\n<p>Le mot \u00ab\u00a0Barcelone\u00a0\u00bb appara\u00eet dans un style ludique, ajoutant une touche de plaisir et de personnalit\u00e9 \u00e0 cet authentique souvenir catalan. Id\u00e9al comme souvenir, ce bol n&rsquo;est pas seulement fonctionnel, il devient \u00e9galement un article d\u00e9coratif attrayant pour n&rsquo;importe quelle maison, permettant aux touristes d&#8217;emporter un petit morceau de la beaut\u00e9 de Barcelone. Ce bol en c\u00e9ramique est parfait pour ceux qui recherchent des souvenirs refl\u00e9tant le meilleur de l&rsquo;art et de la culture locale. Chez Ol\u00e9 Mosaic, en tant que grossistes de souvenirs, nous proposons des produits qui c\u00e9l\u00e8brent l&rsquo;authenticit\u00e9 et la diversit\u00e9 de la riche culture espagnole, cette pi\u00e8ce \u00e9tant une excellente option pour les boutiques de cadeaux touristiques \u00e0 la recherche d&rsquo;articles distinctifs et de qualit\u00e9.<\/p>\n","protected":false},"excerpt":{"rendered":"<p>Bol en c\u00e9ramique de 11,5 cm avec une magnifique vue panoramique de Barcelone. Il pr\u00e9sente un design carr\u00e9 avec des bords rouges et un fond blanc, o\u00f9 se d\u00e9tachent des illustrations color\u00e9es de la Sagrada Familia et d&rsquo;autres monuments embl\u00e9matiques de la ville. Ce bol, d\u00e9cor\u00e9 dans un style artisanal, comprend des d\u00e9tails vibrants en mosa\u00efque et le mot \u00ab\u00a0Barcelone\u00a0\u00bb \u00e9crit dans un style d\u00e9contract\u00e9, capturant l&rsquo;essence artistique et culturelle de la cit\u00e9 comtale. Id\u00e9al comme souvenir ou pour ajouter une touche d\u00e9corative \u00e0 votre maison.<\/p>\n","protected":false},"featured_media":7767,"template":"","meta":{"_acf_changed":false},"product_brand":[],"product_cat":[521],"product_tag":[585],"class_list":{"0":"post-27737","1":"product","2":"type-product","3":"status-publish","4":"has-post-thumbnail","6":"product_cat-bols","7":"product_tag-ceramique","8":"pa_ciudad-barcelona","9":"pa_motivo-panoramas","10":"pa_pais-espana","12":"first","13":"instock","14":"shipping-taxable","15":"product-type-simple"},"acf":[],"_links":{"self":[{"href":"https:\/\/olemosaic.com\/fr\/wp-json\/wp\/v2\/product\/27737","targetHints":{"allow":["GET"]}}],"collection":[{"href":"https:\/\/olemosaic.com\/fr\/wp-json\/wp\/v2\/product"}],"about":[{"href":"https:\/\/olemosaic.com\/fr\/wp-json\/wp\/v2\/types\/product"}],"wp:featuredmedia":[{"embeddable":true,"href":"https:\/\/olemosaic.com\/fr\/wp-json\/wp\/v2\/media\/7767"}],"wp:attachment":[{"href":"https:\/\/olemosaic.com\/fr\/wp-json\/wp\/v2\/media?parent=27737"}],"wp:term":[{"taxonomy":"product_brand","embeddable":true,"href":"https:\/\/olemosaic.com\/fr\/wp-json\/wp\/v2\/product_brand?post=27737"},{"taxonomy":"product_cat","embeddable":true,"href":"https:\/\/olemosaic.com\/fr\/wp-json\/wp\/v2\/product_cat?post=27737"},{"taxonomy":"product_tag","embeddable":true,"href":"https:\/\/olemosaic.com\/fr\/wp-json\/wp\/v2\/product_tag?post=27737"}],"curies":[{"name":"wp","href":"https:\/\/api.w.org\/{rel}","templated":true}]}}