{"id":27736,"date":"2025-02-20T23:29:30","date_gmt":"2025-02-20T22:29:30","guid":{"rendered":"http:\/\/olemosaic.com\/producto\/bol-de-ceramica-de-115-cm-panoramica-barcelona-beige\/"},"modified":"2025-07-25T19:27:16","modified_gmt":"2025-07-25T17:27:16","slug":"bol-en-ceramique-de-11-5-cm-panoramique-barcelone-beige","status":"publish","type":"product","link":"https:\/\/olemosaic.com\/fr\/produit\/bol-en-ceramique-de-11-5-cm-panoramique-barcelone-beige\/","title":{"rendered":"Bol en c\u00e9ramique de 11,5 cm. Panoramique. Barcelone. Beige"},"content":{"rendered":"<p>Ce bol en c\u00e9ramique de 11,5 cm est un v\u00e9ritable hommage \u00e0 la ville vibrante de Barcelone, un souvenir parfait pour emporter avec soi un petit morceau de sa beaut\u00e9 unique. Avec un design attrayant qui combine une base douce de couleur beige et un bord orange \u00e9clatant, ce bol capture l&rsquo;essence de l&rsquo;architecture et de la culture de la ville. D\u00e9cor\u00e9 \u00e0 la main avec une vue panoramique color\u00e9e, il pr\u00e9sente des structures embl\u00e9matiques telles que la Sagrada Familia et le charmant Parc G\u00fcell, symbolisant le g\u00e9nie cr\u00e9atif d&rsquo;Antoni Gaud\u00ed. Les d\u00e9tails artistiques sont compl\u00e9t\u00e9s par des \u00e9l\u00e9ments embl\u00e9matiques comme les palmiers et les t\u00e9l\u00e9ph\u00e9riques qui caract\u00e9risent la vue de la ville, apportant un air joyeux et dynamique.<\/p>\n<p>Le nom \u00ab\u00a0Barcelone\u00a0\u00bb ressort avec des lettres frappantes, faisant de ce bol un souvenir m\u00e9morable qui \u00e9voque non seulement la beaut\u00e9 visuelle de la ville, mais aussi sa riche histoire culturelle. Ce bol en c\u00e9ramique n&rsquo;est pas seulement parfait pour servir des ap\u00e9ritifs ou comme d\u00e9coration, il repr\u00e9sente \u00e9galement un fragment de la magnifique exp\u00e9rience barcelonaise, id\u00e9al pour les touristes \u00e0 la recherche de souvenirs authentiques.<\/p>\n<p>Chez Ol\u00e9 Mosaic, nous nous sp\u00e9cialisons dans la distribution de souvenirs en gros, offrant des produits qui c\u00e9l\u00e8brent la diversit\u00e9 culturelle de l&rsquo;Espagne. Ce bol est une excellente option pour les boutiques de cadeaux touristiques souhaitant proposer des articles repr\u00e9sentatifs de Barcelone, alliant design artistique, fonctionnalit\u00e9 et valeur culturelle dans chaque pi\u00e8ce.<\/p>\n","protected":false},"excerpt":{"rendered":"<p>Bol en c\u00e9ramique de 11,5 cm, d\u00e9cor\u00e9 d&rsquo;une vue panoramique color\u00e9e de Barcelone. Ce bol attrayant pr\u00e9sente une base beige et un bord orange vibrant, illustrant des structures embl\u00e9matiques comme la Sagrada Familia et le Park G\u00fcell, le tout dans un style artisanal peint \u00e0 la main. Le design inclut des \u00e9l\u00e9ments symbolisant la ville, tels que des palmiers et des t\u00e9l\u00e9ph\u00e9riques, compl\u00e9t\u00e9s par le nom \u00ab\u00a0Barcelone\u00a0\u00bb en lettres frappantes, ce qui en fait un souvenir id\u00e9al pour \u00e9voquer la beaut\u00e9 architecturale de la ville.<\/p>\n","protected":false},"featured_media":7787,"template":"","meta":{"_acf_changed":false},"product_brand":[],"product_cat":[521],"product_tag":[585],"class_list":{"0":"post-27736","1":"product","2":"type-product","3":"status-publish","4":"has-post-thumbnail","6":"product_cat-bols","7":"product_tag-ceramique","8":"pa_ciudad-barcelona","9":"pa_motivo-panoramas","10":"pa_pais-espana","12":"first","13":"instock","14":"shipping-taxable","15":"product-type-simple"},"acf":[],"_links":{"self":[{"href":"https:\/\/olemosaic.com\/fr\/wp-json\/wp\/v2\/product\/27736","targetHints":{"allow":["GET"]}}],"collection":[{"href":"https:\/\/olemosaic.com\/fr\/wp-json\/wp\/v2\/product"}],"about":[{"href":"https:\/\/olemosaic.com\/fr\/wp-json\/wp\/v2\/types\/product"}],"wp:featuredmedia":[{"embeddable":true,"href":"https:\/\/olemosaic.com\/fr\/wp-json\/wp\/v2\/media\/7787"}],"wp:attachment":[{"href":"https:\/\/olemosaic.com\/fr\/wp-json\/wp\/v2\/media?parent=27736"}],"wp:term":[{"taxonomy":"product_brand","embeddable":true,"href":"https:\/\/olemosaic.com\/fr\/wp-json\/wp\/v2\/product_brand?post=27736"},{"taxonomy":"product_cat","embeddable":true,"href":"https:\/\/olemosaic.com\/fr\/wp-json\/wp\/v2\/product_cat?post=27736"},{"taxonomy":"product_tag","embeddable":true,"href":"https:\/\/olemosaic.com\/fr\/wp-json\/wp\/v2\/product_tag?post=27736"}],"curies":[{"name":"wp","href":"https:\/\/api.w.org\/{rel}","templated":true}]}}