{"id":27710,"date":"2025-02-20T22:29:29","date_gmt":"2025-02-20T22:29:29","guid":{"rendered":"http:\/\/olemosaic.com\/producto\/bol-de-ceramica-de-11-cm-caballito-de-mar-beige\/"},"modified":"2025-07-25T19:38:21","modified_gmt":"2025-07-25T17:38:21","slug":"bol-en-ceramique-de-11-cm-hippocampe-beige","status":"publish","type":"product","link":"https:\/\/olemosaic.com\/fr\/produit\/bol-en-ceramique-de-11-cm-hippocampe-beige\/","title":{"rendered":"Bol en c\u00e9ramique de 11 cm. Hippocampe. Beige"},"content":{"rendered":"<p>Ce bol en c\u00e9ramique de 11 cm, d\u00e9cor\u00e9 de joyeux hippocampes, est un produit artisanal qui capture l&rsquo;essence de la M\u00e9diterran\u00e9e. Son design se distingue par une palette de couleurs vibrantes comprenant des bleus, des rouges et des verts, tous m\u00e9ticuleusement dispos\u00e9s dans un motif de mosa\u00efque sur un fond beige, rehaussant l&rsquo;esth\u00e9tique de ses motifs marins. La partie sup\u00e9rieure du bol pr\u00e9sente une finition rouge \u00e9l\u00e9gante, qui compl\u00e8te parfaitement les d\u00e9tails artistiques \u00e9voquant la riche vie marine de la r\u00e9gion c\u00f4ti\u00e8re.<\/p>\n<p>Ce bol n&rsquo;est pas seulement une pi\u00e8ce d\u00e9corative, il repr\u00e9sente \u00e9galement une connexion culturelle significative avec les traditions artisanales du sud de l&rsquo;Espagne, o\u00f9 la c\u00e9ramique est un art ancestral. Les hippocampes qui ornent sa surface symbolisent la beaut\u00e9 et la magie du monde sous-marin, faisant de cet objet un souvenir authentique et inspirant pour ceux qui visitent la M\u00e9diterran\u00e9e. C&rsquo;est une excellente option pour les touristes \u00e0 la recherche de souvenirs de haute qualit\u00e9 refl\u00e9tant l&rsquo;identit\u00e9 culturelle de la r\u00e9gion.<\/p>\n<p>Chez Ol\u00e9 Mosaic, en tant que grossiste en c\u00e9ramique et souvenirs m\u00e9diterran\u00e9ens, nous proposons ce bol d&rsquo;hippocampes, id\u00e9al pour les boutiques de cadeaux touristiques souhaitant offrir des produits artisanaux authentiques et tr\u00e8s attrayants. Ce souvenir est, en plus d&rsquo;\u00eatre pratique, un rappel visuel des merveilles de la mer et de sa culture.<\/p>\n","protected":false},"excerpt":{"rendered":"<p>Bol en c\u00e9ramique de 11 cm d\u00e9cor\u00e9 d&rsquo;hippocampes, inspir\u00e9 par la beaut\u00e9 de la M\u00e9diterran\u00e9e. Ce r\u00e9cipient pr\u00e9sente un design vibrant avec des mosa\u00efques color\u00e9es dans les tons bleus, rouges et verts, sur un fond beige qui met en valeur les motifs marins. Le bord sup\u00e9rieur, fini en rouge, compl\u00e8te les d\u00e9tails artistiques \u00e9voquant la vie marine. Id\u00e9al pour ajouter une touche c\u00f4ti\u00e8re \u00e0 votre foyer.<\/p>\n","protected":false},"featured_media":7373,"template":"","meta":{"_acf_changed":false},"product_brand":[],"product_cat":[521],"product_tag":[530,585],"class_list":{"0":"post-27710","1":"product","2":"type-product","3":"status-publish","4":"has-post-thumbnail","6":"product_cat-bols","7":"product_tag-animaux","8":"product_tag-ceramique","9":"pa_motivo-hippocampes","11":"first","12":"instock","13":"shipping-taxable","14":"product-type-simple"},"acf":[],"_links":{"self":[{"href":"https:\/\/olemosaic.com\/fr\/wp-json\/wp\/v2\/product\/27710","targetHints":{"allow":["GET"]}}],"collection":[{"href":"https:\/\/olemosaic.com\/fr\/wp-json\/wp\/v2\/product"}],"about":[{"href":"https:\/\/olemosaic.com\/fr\/wp-json\/wp\/v2\/types\/product"}],"wp:featuredmedia":[{"embeddable":true,"href":"https:\/\/olemosaic.com\/fr\/wp-json\/wp\/v2\/media\/7373"}],"wp:attachment":[{"href":"https:\/\/olemosaic.com\/fr\/wp-json\/wp\/v2\/media?parent=27710"}],"wp:term":[{"taxonomy":"product_brand","embeddable":true,"href":"https:\/\/olemosaic.com\/fr\/wp-json\/wp\/v2\/product_brand?post=27710"},{"taxonomy":"product_cat","embeddable":true,"href":"https:\/\/olemosaic.com\/fr\/wp-json\/wp\/v2\/product_cat?post=27710"},{"taxonomy":"product_tag","embeddable":true,"href":"https:\/\/olemosaic.com\/fr\/wp-json\/wp\/v2\/product_tag?post=27710"}],"curies":[{"name":"wp","href":"https:\/\/api.w.org\/{rel}","templated":true}]}}