{"id":27707,"date":"2025-02-20T22:29:29","date_gmt":"2025-02-20T22:29:29","guid":{"rendered":"http:\/\/olemosaic.com\/producto\/bol-de-ceramica-de-11-cm-salamandra-y-flores-blanco\/"},"modified":"2025-07-25T19:00:37","modified_gmt":"2025-07-25T17:00:37","slug":"bol-en-ceramique-de-11-cm-salamandre-et-fleurs-blanc","status":"publish","type":"product","link":"https:\/\/olemosaic.com\/fr\/produit\/bol-en-ceramique-de-11-cm-salamandre-et-fleurs-blanc\/","title":{"rendered":"Bol en c\u00e9ramique de 11 cm. Salamandre et fleurs. Blanc"},"content":{"rendered":"<p>Ce bol en c\u00e9ramique de 11 cm est une pi\u00e8ce vibrante qui capture l&rsquo;essence de l&rsquo;art populaire espagnol. D\u00e9cor\u00e9 d&rsquo;une charmante illustration de salamandres dans les tons rouges et bleus, le bol pr\u00e9sente un fond blanc qui rehausse les motifs color\u00e9s avec \u00e9l\u00e9gance. Les salamandres, symboles de transformation et de renouveau, sont entour\u00e9es d&rsquo;un d\u00e9licat motif de fleurs et de feuilles vertes, qui apportent fra\u00eecheur et vitalit\u00e9 \u00e0 l&rsquo;ensemble. La finition rouge sur la partie sup\u00e9rieure du bol ajoute non seulement une touche de couleur vibrante, mais cr\u00e9e \u00e9galement un magnifique contraste avec le fond blanc, faisant de cette pi\u00e8ce un \u00e9l\u00e9ment d\u00e9coratif remarquable pour toute cuisine ou table.<\/p>\n<p>Ce bol n&rsquo;est pas seulement fonctionnel, c&rsquo;est aussi un authentique souvenir qui refl\u00e8te la culture et la tradition artisanale de l&rsquo;Espagne. Il est parfait pour les touristes \u00e0 la recherche d&rsquo;une repr\u00e9sentation authentique du riche patrimoine artistique de la r\u00e9gion. Chez Ol\u00e9 Mosaic, en tant que grossiste en c\u00e9ramique, nous proposons des produits qui c\u00e9l\u00e8brent la diversit\u00e9 culturelle, et ce bol est une excellente option pour les boutiques de cadeaux touristiques souhaitant proposer des articles uniques et pleins de sens. Les souvenirs en c\u00e9ramique, comme ce bol, sont des souvenirs m\u00e9morables qui connectent les voyageurs \u00e0 l&rsquo;authenticit\u00e9 de leur exp\u00e9rience en Espagne.<\/p>\n","protected":false},"excerpt":{"rendered":"<p>Bol en c\u00e9ramique de 11 cm, d\u00e9cor\u00e9 d&rsquo;une illustration vibrante de salamandres et de fleurs. Ce bol \u00e9l\u00e9gant pr\u00e9sente un fond blanc avec un design color\u00e9 comprenant des salamandres dans les tons rouges et bleus, accompagn\u00e9es de fleurs et de feuilles vertes. Le bord sup\u00e9rieur pr\u00e9sente une finition rouge, cr\u00e9ant un contraste attrayant. Id\u00e9al pour apporter une touche de couleur \u00e0 n&rsquo;importe quelle cuisine ou table, ce bol refl\u00e8te l&rsquo;art et la culture traditionnels.<\/p>\n","protected":false},"featured_media":11173,"template":"","meta":{"_acf_changed":false},"product_brand":[],"product_cat":[521],"product_tag":[530,585],"class_list":{"0":"post-27707","1":"product","2":"type-product","3":"status-publish","4":"has-post-thumbnail","6":"product_cat-bols","7":"product_tag-animaux","8":"product_tag-ceramique","9":"pa_motivo-salamandres","11":"first","12":"instock","13":"shipping-taxable","14":"product-type-simple"},"acf":[],"_links":{"self":[{"href":"https:\/\/olemosaic.com\/fr\/wp-json\/wp\/v2\/product\/27707","targetHints":{"allow":["GET"]}}],"collection":[{"href":"https:\/\/olemosaic.com\/fr\/wp-json\/wp\/v2\/product"}],"about":[{"href":"https:\/\/olemosaic.com\/fr\/wp-json\/wp\/v2\/types\/product"}],"wp:featuredmedia":[{"embeddable":true,"href":"https:\/\/olemosaic.com\/fr\/wp-json\/wp\/v2\/media\/11173"}],"wp:attachment":[{"href":"https:\/\/olemosaic.com\/fr\/wp-json\/wp\/v2\/media?parent=27707"}],"wp:term":[{"taxonomy":"product_brand","embeddable":true,"href":"https:\/\/olemosaic.com\/fr\/wp-json\/wp\/v2\/product_brand?post=27707"},{"taxonomy":"product_cat","embeddable":true,"href":"https:\/\/olemosaic.com\/fr\/wp-json\/wp\/v2\/product_cat?post=27707"},{"taxonomy":"product_tag","embeddable":true,"href":"https:\/\/olemosaic.com\/fr\/wp-json\/wp\/v2\/product_tag?post=27707"}],"curies":[{"name":"wp","href":"https:\/\/api.w.org\/{rel}","templated":true}]}}