{"id":27706,"date":"2025-02-20T23:29:29","date_gmt":"2025-02-20T22:29:29","guid":{"rendered":"http:\/\/olemosaic.com\/producto\/bol-de-ceramica-de-11-cm-punt-de-trobada-beige\/"},"modified":"2025-07-25T18:50:49","modified_gmt":"2025-07-25T16:50:49","slug":"bol-en-ceramique-de-11-cm-point-de-rencontre-beige","status":"publish","type":"product","link":"https:\/\/olemosaic.com\/fr\/produit\/bol-en-ceramique-de-11-cm-point-de-rencontre-beige\/","title":{"rendered":"Bol en c\u00e9ramique de 11 cm. Point de rencontre. Beige"},"content":{"rendered":"<p>Ce bol en c\u00e9ramique de 11 cm est une pi\u00e8ce unique qui refl\u00e8te la riche tradition artistique espagnole, particuli\u00e8rement dans la technique de la mosa\u00efque. D\u00e9cor\u00e9 d&rsquo;un motif vibrant sur un fond beige, il s&rsquo;illumine d&rsquo;illustrations dans les tons bleus, rouges, verts et noirs, montrant une infinit\u00e9 de formes organiques et d&rsquo;\u00e9l\u00e9ments abstraits qui \u00e9voquent la cr\u00e9ativit\u00e9 des artisans espagnols. Chaque d\u00e9tail est peint \u00e0 la main, ce qui souligne son authenticit\u00e9 et sa singularit\u00e9 en tant que souvenir repr\u00e9sentatif de la culture espagnole. Ce bol est non seulement id\u00e9al pour servir des ap\u00e9ritifs ou des salades, mais il peut \u00e9galement servir d&rsquo;\u00e9l\u00e9ment d\u00e9coratif qui ajoute une touche de couleur et de joie \u00e0 n&rsquo;importe quelle table ou espace.<\/p>\n<p>La combinaison de ses formes et de ses couleurs vibrantes \u00e9voque l&rsquo;influence des grands artistes espagnols, transformant chaque utilisation en une exp\u00e9rience qui unit gastronomie et art. Chez Ol\u00e9 Mosaic, nous sommes fiers de proposer ce bol en c\u00e9ramique dans le cadre de notre s\u00e9lection de souvenirs qui capturent l&rsquo;essence de l&rsquo;Espagne. C&rsquo;est une excellente alternative pour les boutiques de cadeaux touristiques \u00e0 la recherche de produits authentiques et artistiques qui racontent une histoire, soulignant sa valeur en tant que souvenir repr\u00e9sentatif des traditions espagnoles. Devenu un \u00e9l\u00e9ment incontournable pour tout amateur de culture espagnole, ce bol est un ajout indispensable \u00e0 toute collection de souvenirs en c\u00e9ramique.<\/p>\n","protected":false},"excerpt":{"rendered":"<p>Bol en c\u00e9ramique de 11 cm d\u00e9cor\u00e9 d&rsquo;un motif de mosa\u00efque vibrant, \u00e9voquant la tradition artistique espagnole. Ce joli bol pr\u00e9sente un fond beige avec des illustrations dans les tons bleu, rouge, vert et noir, mettant en avant des formes organiques et des \u00e9l\u00e9ments abstraits. Peint dans un style artisanal, son design color\u00e9 et distinctif en fait un compl\u00e9ment attrayant pour n&rsquo;importe quelle table, id\u00e9al pour servir des ap\u00e9ritifs ou comme \u00e9l\u00e9ment d\u00e9coratif.<\/p>\n","protected":false},"featured_media":10049,"template":"","meta":{"_acf_changed":false},"product_brand":[],"product_cat":[521],"product_tag":[585],"class_list":{"0":"post-27706","1":"product","2":"type-product","3":"status-publish","4":"has-post-thumbnail","6":"product_cat-bols","7":"product_tag-ceramique","8":"pa_motivo-punt-de-trobada","10":"first","11":"instock","12":"shipping-taxable","13":"product-type-simple"},"acf":[],"_links":{"self":[{"href":"https:\/\/olemosaic.com\/fr\/wp-json\/wp\/v2\/product\/27706","targetHints":{"allow":["GET"]}}],"collection":[{"href":"https:\/\/olemosaic.com\/fr\/wp-json\/wp\/v2\/product"}],"about":[{"href":"https:\/\/olemosaic.com\/fr\/wp-json\/wp\/v2\/types\/product"}],"wp:featuredmedia":[{"embeddable":true,"href":"https:\/\/olemosaic.com\/fr\/wp-json\/wp\/v2\/media\/10049"}],"wp:attachment":[{"href":"https:\/\/olemosaic.com\/fr\/wp-json\/wp\/v2\/media?parent=27706"}],"wp:term":[{"taxonomy":"product_brand","embeddable":true,"href":"https:\/\/olemosaic.com\/fr\/wp-json\/wp\/v2\/product_brand?post=27706"},{"taxonomy":"product_cat","embeddable":true,"href":"https:\/\/olemosaic.com\/fr\/wp-json\/wp\/v2\/product_cat?post=27706"},{"taxonomy":"product_tag","embeddable":true,"href":"https:\/\/olemosaic.com\/fr\/wp-json\/wp\/v2\/product_tag?post=27706"}],"curies":[{"name":"wp","href":"https:\/\/api.w.org\/{rel}","templated":true}]}}