{"id":27704,"date":"2025-02-20T22:29:29","date_gmt":"2025-02-20T22:29:29","guid":{"rendered":"http:\/\/olemosaic.com\/producto\/bol-de-ceramica-de-11-cm-panoramica-sevilla-beige\/"},"modified":"2025-07-25T19:10:01","modified_gmt":"2025-07-25T17:10:01","slug":"bol-en-ceramique-de-11-cm-panoramique-seville-beige","status":"publish","type":"product","link":"https:\/\/olemosaic.com\/fr\/produit\/bol-en-ceramique-de-11-cm-panoramique-seville-beige\/","title":{"rendered":"Bol en c\u00e9ramique de 11 cm. Panoramique. S\u00e9ville. Beige"},"content":{"rendered":"<p>Ce bol en c\u00e9ramique de 11 cm est une repr\u00e9sentation culturelle exquise de S\u00e9ville, con\u00e7u pour capturer le charme de cette ville andalouse historique. D\u00e9cor\u00e9 d&rsquo;une vue panoramique vibrante, le bol pr\u00e9sente une illustration color\u00e9e qui met en valeur certains des monuments les plus embl\u00e9matiques, tels que la c\u00e9l\u00e8bre Giralda et la majestueuse Place d&rsquo;Espagne, entour\u00e9s de motifs floraux dans un ton vert rafra\u00eechissant. Le fond beige offre un contraste \u00e9l\u00e9gant avec le bord rouge, cr\u00e9ant un design attrayant qui rehausse tant sa fonctionnalit\u00e9 que sa valeur d\u00e9corative. Ce bol est parfait pour servir des ap\u00e9ritifs, des salades ou simplement comme \u00e9l\u00e9ment d\u00e9coratif dans la maison.<\/p>\n<p>L&rsquo;utilisation de c\u00e9ramique de haute qualit\u00e9 assure durabilit\u00e9 et r\u00e9sistance, ce qui en fait un choix pratique pour un usage quotidien. Ce bol n&rsquo;est pas seulement une merveilleuse option pour profiter de la gastronomie andalouse, il agit \u00e9galement comme un souvenir tangible du riche patrimoine culturel de S\u00e9ville. En acqu\u00e9rant ce souvenir, les touristes emporteront chez eux un morceau de S\u00e9ville, parfait pour se rem\u00e9morer leur voyage. Chez Ol\u00e9 Mosaic, nous sommes fiers d&rsquo;\u00eatre des distributeurs de souvenirs authentiques, offrant ce bol en c\u00e9ramique comme une excellente option pour les boutiques de cadeaux touristiques \u00e0 la recherche de produits c\u00e9l\u00e9brant la beaut\u00e9 et la singularit\u00e9 de la culture espagnole.<\/p>\n","protected":false},"excerpt":{"rendered":"<p>Bol en c\u00e9ramique de 11 cm, d\u00e9cor\u00e9 d&rsquo;une vue panoramique vibrante de S\u00e9ville. Ce bol attrayant pr\u00e9sente une repr\u00e9sentation color\u00e9e de la ville, mettant en avant ses monuments embl\u00e9matiques, tels que la Giralda et la Place d&rsquo;Espagne, accompagn\u00e9s de motifs floraux verts. Son \u00e9l\u00e9gant bord rouge contraste avec le fond beige, cr\u00e9ant un design frappant et adapt\u00e9 aussi bien \u00e0 la d\u00e9coration qu&rsquo;\u00e0 l&rsquo;usage quotidien. Id\u00e9al comme souvenir \u00e9voquant le charme andalou.<\/p>\n","protected":false},"featured_media":7509,"template":"","meta":{"_acf_changed":false},"product_brand":[],"product_cat":[521],"product_tag":[585],"class_list":{"0":"post-27704","1":"product","2":"type-product","3":"status-publish","4":"has-post-thumbnail","6":"product_cat-bols","7":"product_tag-ceramique","8":"pa_ciudad-sevilla","9":"pa_motivo-panoramas","10":"pa_pais-espana","12":"first","13":"instock","14":"shipping-taxable","15":"product-type-simple"},"acf":[],"_links":{"self":[{"href":"https:\/\/olemosaic.com\/fr\/wp-json\/wp\/v2\/product\/27704","targetHints":{"allow":["GET"]}}],"collection":[{"href":"https:\/\/olemosaic.com\/fr\/wp-json\/wp\/v2\/product"}],"about":[{"href":"https:\/\/olemosaic.com\/fr\/wp-json\/wp\/v2\/types\/product"}],"wp:featuredmedia":[{"embeddable":true,"href":"https:\/\/olemosaic.com\/fr\/wp-json\/wp\/v2\/media\/7509"}],"wp:attachment":[{"href":"https:\/\/olemosaic.com\/fr\/wp-json\/wp\/v2\/media?parent=27704"}],"wp:term":[{"taxonomy":"product_brand","embeddable":true,"href":"https:\/\/olemosaic.com\/fr\/wp-json\/wp\/v2\/product_brand?post=27704"},{"taxonomy":"product_cat","embeddable":true,"href":"https:\/\/olemosaic.com\/fr\/wp-json\/wp\/v2\/product_cat?post=27704"},{"taxonomy":"product_tag","embeddable":true,"href":"https:\/\/olemosaic.com\/fr\/wp-json\/wp\/v2\/product_tag?post=27704"}],"curies":[{"name":"wp","href":"https:\/\/api.w.org\/{rel}","templated":true}]}}