{"id":27703,"date":"2025-02-20T22:29:29","date_gmt":"2025-02-20T22:29:29","guid":{"rendered":"http:\/\/olemosaic.com\/producto\/bol-de-ceramica-de-11-cm-mosaico-blanco\/"},"modified":"2025-07-25T20:31:18","modified_gmt":"2025-07-25T18:31:18","slug":"bol-en-ceramique-de-11-cm-mosaique-blanc","status":"publish","type":"product","link":"https:\/\/olemosaic.com\/fr\/produit\/bol-en-ceramique-de-11-cm-mosaique-blanc\/","title":{"rendered":"Bol en c\u00e9ramique de 11 cm. Mosa\u00efque. Blanc"},"content":{"rendered":"<p>Ce bol en c\u00e9ramique de 11 cm est un v\u00e9ritable chef-d&rsquo;\u0153uvre qui capture l&rsquo;essence de la riche tradition artistique espagnole. Son ext\u00e9rieur est orn\u00e9 d&rsquo;une mosa\u00efque vibrante de couleurs, combinant des motifs g\u00e9om\u00e9triques et floraux dans une explosion de tons bleus, oranges et rouges, \u00e9voquant la chaleur et la joie du paysage espagnol. L&rsquo;int\u00e9rieur, d&rsquo;un rouge intense, offre un beau contraste qui rehausse la richesse visuelle du bol, en faisant non seulement un ustensile fonctionnel, mais aussi une pi\u00e8ce d\u00e9corative essentielle pour tout foyer.<\/p>\n<p>Ce type de c\u00e9ramique est repr\u00e9sentatif de diverses r\u00e9gions espagnoles, o\u00f9 l&rsquo;artisanat manuel est un pilier culturel, refl\u00e9tant l&rsquo;histoire et la diversit\u00e9 du pays. Con\u00e7u pour servir des ap\u00e9ritifs ou simplement comme un ornement attrayant, ce bol est le souvenir parfait pour les touristes qui cherchent \u00e0 emporter un morceau de la culture espagnole.<\/p>\n<p>Chez Ol\u00e9 Mosaic, nous sommes fiers de proposer des souvenirs de qualit\u00e9 qui refl\u00e8tent l&rsquo;authenticit\u00e9 et l&rsquo;h\u00e9ritage culturel de l&rsquo;Espagne. Ce bol en c\u00e9ramique n&rsquo;est pas seulement une option id\u00e9ale pour les boutiques de cadeaux touristiques, il garantit \u00e9galement la satisfaction des clients \u00e0 la recherche de produits authentiques et color\u00e9s. En tant que distributeurs de c\u00e9ramique en gros, nous fournissons des articles qui c\u00e9l\u00e8brent et perp\u00e9tuent la riche tradition culturelle espagnole.<\/p>\n","protected":false},"excerpt":{"rendered":"<p>Bol en c\u00e9ramique de 11 cm, d\u00e9cor\u00e9 d&rsquo;une mosa\u00efque vibrante \u00e9voquant la riche tradition artistique espagnole. L&rsquo;ext\u00e9rieur pr\u00e9sente une composition vari\u00e9e de motifs g\u00e9om\u00e9triques et floraux dans des tons bleus, oranges et rouges, tandis que l&rsquo;int\u00e9rieur est d&rsquo;un rouge intense. Ce produit artisanal refl\u00e8te le style unique de la c\u00e9ramique espagnole, id\u00e9al pour servir des ap\u00e9ritifs ou comme pi\u00e8ce d\u00e9corative dans n&rsquo;importe quel foyer.<\/p>\n","protected":false},"featured_media":11175,"template":"","meta":{"_acf_changed":false},"product_brand":[],"product_cat":[521],"product_tag":[585],"class_list":{"0":"post-27703","1":"product","2":"type-product","3":"status-publish","4":"has-post-thumbnail","6":"product_cat-bols","7":"product_tag-ceramique","8":"pa_motivo-mosaique","10":"first","11":"instock","12":"shipping-taxable","13":"product-type-simple"},"acf":[],"_links":{"self":[{"href":"https:\/\/olemosaic.com\/fr\/wp-json\/wp\/v2\/product\/27703","targetHints":{"allow":["GET"]}}],"collection":[{"href":"https:\/\/olemosaic.com\/fr\/wp-json\/wp\/v2\/product"}],"about":[{"href":"https:\/\/olemosaic.com\/fr\/wp-json\/wp\/v2\/types\/product"}],"wp:featuredmedia":[{"embeddable":true,"href":"https:\/\/olemosaic.com\/fr\/wp-json\/wp\/v2\/media\/11175"}],"wp:attachment":[{"href":"https:\/\/olemosaic.com\/fr\/wp-json\/wp\/v2\/media?parent=27703"}],"wp:term":[{"taxonomy":"product_brand","embeddable":true,"href":"https:\/\/olemosaic.com\/fr\/wp-json\/wp\/v2\/product_brand?post=27703"},{"taxonomy":"product_cat","embeddable":true,"href":"https:\/\/olemosaic.com\/fr\/wp-json\/wp\/v2\/product_cat?post=27703"},{"taxonomy":"product_tag","embeddable":true,"href":"https:\/\/olemosaic.com\/fr\/wp-json\/wp\/v2\/product_tag?post=27703"}],"curies":[{"name":"wp","href":"https:\/\/api.w.org\/{rel}","templated":true}]}}