{"id":27702,"date":"2025-02-20T22:29:28","date_gmt":"2025-02-20T22:29:28","guid":{"rendered":"http:\/\/olemosaic.com\/producto\/bol-de-ceramica-de-11-cm-panoramica-madrid-beige\/"},"modified":"2025-07-25T19:05:26","modified_gmt":"2025-07-25T17:05:26","slug":"bol-en-ceramique-de-11-cm-panoramique-madrid-beige","status":"publish","type":"product","link":"https:\/\/olemosaic.com\/fr\/produit\/bol-en-ceramique-de-11-cm-panoramique-madrid-beige\/","title":{"rendered":"Bol en c\u00e9ramique de 11 cm. Panoramique. Madrid. Beige"},"content":{"rendered":"<p>Ce bol en c\u00e9ramique de 11 cm est un souvenir fascinant de Madrid, id\u00e9al pour ceux qui recherchent une touche authentique de la capitale espagnole. Son design panoramique dans un ton beige \u00e9l\u00e9gant pr\u00e9sente une mosa\u00efque color\u00e9e qui capture certains des monuments les plus embl\u00e9matiques, tels que l&rsquo;iconique Porte d&rsquo;Alcal\u00e1 et la majestueuse fontaine de Cibeles. Le mot \u00ab\u00a0MADRID\u00a0\u00bb se d\u00e9tache en lettres vibrantes, ajoutant un esprit festif \u00e0 l&rsquo;objet et en faisant un cadeau parfait pour la ville.<\/p>\n<p>La repr\u00e9sentation artistique du bol se distingue par ses d\u00e9tails m\u00e9ticuleusement \u00e9labor\u00e9s, qui ne sont pas seulement visuellement attrayants, mais refl\u00e8tent \u00e9galement la riche histoire et culture de Madrid. Ce bol n&rsquo;est pas seulement fonctionnel, il sert aussi de pi\u00e8ce d\u00e9corative qui peut embellir n&rsquo;importe quel foyer, \u00e9voquer des souvenirs de visites pass\u00e9es ou accueillir de nouveaux amis avec un petit morceau de la vie madril\u00e8ne.<\/p>\n<p>Chez Ol\u00e9 Mosaic, nous nous sp\u00e9cialisons dans la distribution de souvenirs en gros, et ce bol en c\u00e9ramique est une excellente option pour les boutiques de cadeaux touristiques \u00e0 la recherche de produits authentiques et de qualit\u00e9. Avec son charme culturel et sa pertinence en tant que souvenir, ce bol devient un article incontournable pour ceux qui souhaitent emporter un morceau de Madrid avec eux.<\/p>\n","protected":false},"excerpt":{"rendered":"<p>Bol en c\u00e9ramique de 11 cm avec un charmant design panoramique repr\u00e9sentant certains des monuments les plus embl\u00e9matiques de Madrid. Ce bol, dans un ton beige \u00e9l\u00e9gant, est orn\u00e9 d&rsquo;une mosa\u00efque color\u00e9e comprenant des illustrations marquantes, comme la Porte d&rsquo;Alcal\u00e1 et la c\u00e9l\u00e8bre fontaine de Cibeles, le tout entour\u00e9 du mot \u00ab\u00a0MADRID\u00a0\u00bb en lettres vibrantes. Id\u00e9al pour ajouter une touche de culture et de style \u00e0 n&rsquo;importe quel foyer.<\/p>\n","protected":false},"featured_media":7526,"template":"","meta":{"_acf_changed":false},"product_brand":[],"product_cat":[521],"product_tag":[585],"class_list":{"0":"post-27702","1":"product","2":"type-product","3":"status-publish","4":"has-post-thumbnail","6":"product_cat-bols","7":"product_tag-ceramique","8":"pa_ciudad-madrid","9":"pa_motivo-panoramas","10":"pa_pais-espana","12":"first","13":"instock","14":"shipping-taxable","15":"product-type-simple"},"acf":[],"_links":{"self":[{"href":"https:\/\/olemosaic.com\/fr\/wp-json\/wp\/v2\/product\/27702","targetHints":{"allow":["GET"]}}],"collection":[{"href":"https:\/\/olemosaic.com\/fr\/wp-json\/wp\/v2\/product"}],"about":[{"href":"https:\/\/olemosaic.com\/fr\/wp-json\/wp\/v2\/types\/product"}],"wp:featuredmedia":[{"embeddable":true,"href":"https:\/\/olemosaic.com\/fr\/wp-json\/wp\/v2\/media\/7526"}],"wp:attachment":[{"href":"https:\/\/olemosaic.com\/fr\/wp-json\/wp\/v2\/media?parent=27702"}],"wp:term":[{"taxonomy":"product_brand","embeddable":true,"href":"https:\/\/olemosaic.com\/fr\/wp-json\/wp\/v2\/product_brand?post=27702"},{"taxonomy":"product_cat","embeddable":true,"href":"https:\/\/olemosaic.com\/fr\/wp-json\/wp\/v2\/product_cat?post=27702"},{"taxonomy":"product_tag","embeddable":true,"href":"https:\/\/olemosaic.com\/fr\/wp-json\/wp\/v2\/product_tag?post=27702"}],"curies":[{"name":"wp","href":"https:\/\/api.w.org\/{rel}","templated":true}]}}