{"id":27701,"date":"2025-02-20T23:29:28","date_gmt":"2025-02-20T22:29:28","guid":{"rendered":"http:\/\/olemosaic.com\/producto\/bol-de-ceramica-de-11-cm-salamandra-mallorca-beige\/"},"modified":"2025-07-25T20:12:34","modified_gmt":"2025-07-25T18:12:34","slug":"bol-en-ceramique-de-11-cm-salamandre-majorque-beige","status":"publish","type":"product","link":"https:\/\/olemosaic.com\/fr\/produit\/bol-en-ceramique-de-11-cm-salamandre-majorque-beige\/","title":{"rendered":"Bol en c\u00e9ramique de 11 cm. Salamandre. Majorque. Beige"},"content":{"rendered":"<p>Ce bol en c\u00e9ramique de 11 cm est un fid\u00e8le reflet de la biodiversit\u00e9 et des couleurs de Majorque. D\u00e9cor\u00e9 de joyeuses salamandres dans des tons bleus, rouges et verts, chacune avec un effet peint \u00e0 la main, ce qui garantit la singularit\u00e9 de chaque pi\u00e8ce. Le ton beige \u00e9l\u00e9gant du bol offre un fond doux qui fait ressortir les couleurs vives et l&rsquo;\u00e9nergie vibrante des motifs, tandis que les fleurs color\u00e9es ajoutent une touche fra\u00eeche et joyeuse, capturant l&rsquo;essence de la flore majorquine. L&rsquo;inscription \u00ab\u00a0MAJORQUE\u00a0\u00bb se distingue, reliant les utilisateurs au lieu d&rsquo;origine de cet artisanat pr\u00e9cieux. De plus, le d\u00e9tail de la ligne rouge sur le bord apporte une finition distinctive qui rehausse son attrait visuel.<\/p>\n<p>Ce bol n&rsquo;est pas seulement id\u00e9al pour un usage pratique en cuisine, il sert \u00e9galement de charmante pi\u00e8ce d\u00e9corative qui peut embellir n&rsquo;importe quel espace de la maison. Il repr\u00e9sente un souvenir de Majorque parfait pour ceux qui cherchent \u00e0 emporter un morceau de la culture locale, c\u00e9l\u00e9brant la richesse de sa biodiversit\u00e9 et de son art traditionnel. Chez Ol\u00e9 Mosaic, nous nous sp\u00e9cialisons dans la distribution de souvenirs en gros, offrant des pi\u00e8ces authentiques et artisanales qui capturent l&rsquo;essence de leurs origines. Ce bol en c\u00e9ramique est une excellente option pour les boutiques de cadeaux touristiques souhaitant proposer des produits authentiques et de qualit\u00e9 mettant en valeur l&rsquo;h\u00e9ritage culturel de Majorque.<\/p>\n","protected":false},"excerpt":{"rendered":"<p>Bol en c\u00e9ramique de 11 cm d\u00e9cor\u00e9 de joyeuses salamandres repr\u00e9sentant la biodiversit\u00e9 de Majorque. Ce charmant bol, d&rsquo;un ton beige \u00e9l\u00e9gant, pr\u00e9sente un design artisanal, peint \u00e0 la main, avec des salamandres dans des tons bleu, rouge et vert, accompagn\u00e9es de fleurs color\u00e9es. L&rsquo;inscription \u00ab\u00a0MAJORQUE\u00a0\u00bb souligne son origine, tandis que la ligne rouge sur le bord ajoute une touche distinctive. Parfait aussi bien pour un usage pratique que pour la d\u00e9coration.<\/p>\n","protected":false},"featured_media":7088,"template":"","meta":{"_acf_changed":false},"product_brand":[],"product_cat":[521],"product_tag":[530,585],"class_list":{"0":"post-27701","1":"product","2":"type-product","3":"status-publish","4":"has-post-thumbnail","6":"product_cat-bols","7":"product_tag-animaux","8":"product_tag-ceramique","9":"pa_ciudad-mallorca","10":"pa_motivo-salamandres","11":"pa_pais-espana","13":"first","14":"instock","15":"shipping-taxable","16":"product-type-simple"},"acf":[],"_links":{"self":[{"href":"https:\/\/olemosaic.com\/fr\/wp-json\/wp\/v2\/product\/27701","targetHints":{"allow":["GET"]}}],"collection":[{"href":"https:\/\/olemosaic.com\/fr\/wp-json\/wp\/v2\/product"}],"about":[{"href":"https:\/\/olemosaic.com\/fr\/wp-json\/wp\/v2\/types\/product"}],"wp:featuredmedia":[{"embeddable":true,"href":"https:\/\/olemosaic.com\/fr\/wp-json\/wp\/v2\/media\/7088"}],"wp:attachment":[{"href":"https:\/\/olemosaic.com\/fr\/wp-json\/wp\/v2\/media?parent=27701"}],"wp:term":[{"taxonomy":"product_brand","embeddable":true,"href":"https:\/\/olemosaic.com\/fr\/wp-json\/wp\/v2\/product_brand?post=27701"},{"taxonomy":"product_cat","embeddable":true,"href":"https:\/\/olemosaic.com\/fr\/wp-json\/wp\/v2\/product_cat?post=27701"},{"taxonomy":"product_tag","embeddable":true,"href":"https:\/\/olemosaic.com\/fr\/wp-json\/wp\/v2\/product_tag?post=27701"}],"curies":[{"name":"wp","href":"https:\/\/api.w.org\/{rel}","templated":true}]}}