{"id":27693,"date":"2025-02-20T23:29:28","date_gmt":"2025-02-20T22:29:28","guid":{"rendered":"http:\/\/olemosaic.com\/producto\/bol-de-ceramica-de-11-cm-salamandra-y-flores-barcelona-blanco\/"},"modified":"2025-07-25T19:22:44","modified_gmt":"2025-07-25T17:22:44","slug":"bol-en-ceramique-de-11-cm-salamandre-et-fleurs-barcelone-blanc","status":"publish","type":"product","link":"https:\/\/olemosaic.com\/fr\/produit\/bol-en-ceramique-de-11-cm-salamandre-et-fleurs-barcelone-blanc\/","title":{"rendered":"Bol en c\u00e9ramique de 11 cm. Salamandre et fleurs. Barcelone. Blanc"},"content":{"rendered":"<p>Ce bol en c\u00e9ramique de 11 cm est un souvenir attrayant qui \u00e9voque la culture vibrante de Barcelone. Con\u00e7u avec une finition blanche brillante, il pr\u00e9sente un motif d\u00e9licat et color\u00e9 peint \u00e0 la main de salamandres dans des tons bleus, verts et rouges, qui serpentent le long de ses parois. Ces charmantes figures sont entour\u00e9es de fleurs douces, ajoutant une touche de joie et de fra\u00eecheur au design. Sur la partie sup\u00e9rieure, un bord rouge compl\u00e8te l&rsquo;esth\u00e9tique unique du bol, faisant de cet objet non seulement un ustensile fonctionnel, mais aussi un charmant ornement pour n&rsquo;importe quel foyer.<\/p>\n<p>La salamandre, symbole de transformation et d&rsquo;\u00e9quilibre, est une r\u00e9f\u00e9rence claire \u00e0 la riche tradition culturelle barcelonaise, souvent associ\u00e9e aux \u0153uvres d&rsquo;Antoni Gaud\u00ed, dont le style se distingue par son utilisation vibrante de la couleur et de la nature dans son architecture. Ce bol en c\u00e9ramique n&rsquo;est pas seulement un souvenir de la ville, mais aussi un hymne \u00e0 son identit\u00e9 artistique. Chez Ol\u00e9 Mosaic, nous nous consacrons \u00e0 la distribution en gros de souvenirs authentiques comme celui-ci, id\u00e9aux pour les boutiques de cadeaux touristiques qui cherchent \u00e0 offrir \u00e0 leurs clients des pi\u00e8ces repr\u00e9sentatives et de grande qualit\u00e9 de la culture espagnole. Un produit parfait pour ceux qui souhaitent ramener un morceau de Barcelone chez eux.<\/p>\n","protected":false},"excerpt":{"rendered":"<p>Bol en c\u00e9ramique de 11 cm, d\u00e9cor\u00e9 de salamandres et de fleurs color\u00e9es, inspir\u00e9 par la culture vibrante de Barcelone. Ce bol blanc attrayant pr\u00e9sente un design artisanal, peint \u00e0 la main, o\u00f9 les motifs sur ses parois incluent des salamandres dans des tons bleus, verts et rouges, entour\u00e9es de fleurs qui lui donnent une touche de joie. La partie sup\u00e9rieure du bol poss\u00e8de un bord rouge qui compl\u00e8te son esth\u00e9tique unique et festive, id\u00e9al pour tout foyer qui valorise l&rsquo;art et la tradition.<\/p>\n","protected":false},"featured_media":11174,"template":"","meta":{"_acf_changed":false},"product_brand":[],"product_cat":[521],"product_tag":[530,585],"class_list":{"0":"post-27693","1":"product","2":"type-product","3":"status-publish","4":"has-post-thumbnail","6":"product_cat-bols","7":"product_tag-animaux","8":"product_tag-ceramique","9":"pa_ciudad-barcelona","10":"pa_motivo-salamandres","11":"pa_pais-espana","13":"first","14":"instock","15":"shipping-taxable","16":"product-type-simple"},"acf":[],"_links":{"self":[{"href":"https:\/\/olemosaic.com\/fr\/wp-json\/wp\/v2\/product\/27693","targetHints":{"allow":["GET"]}}],"collection":[{"href":"https:\/\/olemosaic.com\/fr\/wp-json\/wp\/v2\/product"}],"about":[{"href":"https:\/\/olemosaic.com\/fr\/wp-json\/wp\/v2\/types\/product"}],"wp:featuredmedia":[{"embeddable":true,"href":"https:\/\/olemosaic.com\/fr\/wp-json\/wp\/v2\/media\/11174"}],"wp:attachment":[{"href":"https:\/\/olemosaic.com\/fr\/wp-json\/wp\/v2\/media?parent=27693"}],"wp:term":[{"taxonomy":"product_brand","embeddable":true,"href":"https:\/\/olemosaic.com\/fr\/wp-json\/wp\/v2\/product_brand?post=27693"},{"taxonomy":"product_cat","embeddable":true,"href":"https:\/\/olemosaic.com\/fr\/wp-json\/wp\/v2\/product_cat?post=27693"},{"taxonomy":"product_tag","embeddable":true,"href":"https:\/\/olemosaic.com\/fr\/wp-json\/wp\/v2\/product_tag?post=27693"}],"curies":[{"name":"wp","href":"https:\/\/api.w.org\/{rel}","templated":true}]}}