{"id":27692,"date":"2025-02-20T23:29:27","date_gmt":"2025-02-20T22:29:27","guid":{"rendered":"http:\/\/olemosaic.com\/producto\/bol-de-ceramica-de-11-cm-bailaora-beige\/"},"modified":"2025-07-25T20:27:55","modified_gmt":"2025-07-25T18:27:55","slug":"bol-en-ceramique-de-11-cm-danseuse-de-flamenco-beige","status":"publish","type":"product","link":"https:\/\/olemosaic.com\/fr\/produit\/bol-en-ceramique-de-11-cm-danseuse-de-flamenco-beige\/","title":{"rendered":"Bol en c\u00e9ramique de 11 cm. Danseuse de Flamenco. Beige"},"content":{"rendered":"<p>Ce bol en c\u00e9ramique de 11 cm, d\u00e9cor\u00e9 d&rsquo;illustrations vibrantes de danseuses de flamenco, est un charmant souvenir de la riche culture espagnole. Son design dans les tons beiges sert de toile parfaite pour mettre en valeur les costumes \u00e0 volants color\u00e9s et les fleurs rouges qui ornent les danseuses, capturant la joie et l&rsquo;enthousiasme du folklore espagnol. Dans une gamme chromatique joyeuse, le mot \u00ab\u00a0ESPAGNE\u00a0\u00bb est pr\u00e9sent\u00e9 avec une typographie amusante, entour\u00e9 d&rsquo;\u00e9l\u00e9ments qui \u00e9voquent les f\u00eates traditionnelles et la passion pour le flamenco.<\/p>\n<p>Peint \u00e0 la main avec d\u00e9vouement et attention aux d\u00e9tails, chaque bol est une pi\u00e8ce unique qui est non seulement fonctionnelle, mais aussi une \u0153uvre d&rsquo;art c\u00e9l\u00e9brant l&rsquo;h\u00e9ritage culturel de l&rsquo;Espagne. Parfait comme souvenir, ce bol est id\u00e9al pour les touristes \u00e0 la recherche d&rsquo;un souvenir qui encapsule l&rsquo;essence de leurs exp\u00e9riences dans le pays. Chez Ol\u00e9 Mosaic, nous sommes sp\u00e9cialistes de la distribution de souvenirs en gros, offrant des produits authentiques et repr\u00e9sentatifs comme ce bol en c\u00e9ramique, qui embellira n&rsquo;importe quel foyer. Une excellente option pour les boutiques de cadeaux touristiques souhaitant proposer des articles ayant une signification culturelle et une qualit\u00e9 artisanale.<\/p>\n","protected":false},"excerpt":{"rendered":"<p>Bol en c\u00e9ramique de 11 cm d\u00e9cor\u00e9 d&rsquo;illustrations de danseuses de flamenco, repr\u00e9sentant la vivacit\u00e9 du folklore espagnol. Avec un design de couleur beige, il pr\u00e9sente des costumes \u00e0 volants color\u00e9s et des fleurs rouges, ainsi que le mot \u00ab\u00a0ESPAGNE\u00a0\u00bb dans une typographie joyeuse. Ce bol au design artisanal, peint \u00e0 la main, \u00e9voque l&rsquo;essence des f\u00eates traditionnelles et l&rsquo;art du flamenco, devenant un beau souvenir qui capture la culture espagnole dans sa totalit\u00e9.<\/p>\n","protected":false},"featured_media":7372,"template":"","meta":{"_acf_changed":false},"product_brand":[],"product_cat":[521],"product_tag":[585],"class_list":{"0":"post-27692","1":"product","2":"type-product","3":"status-publish","4":"has-post-thumbnail","6":"product_cat-bols","7":"product_tag-ceramique","8":"pa_motivo-danseurs","10":"first","11":"instock","12":"shipping-taxable","13":"product-type-simple"},"acf":[],"_links":{"self":[{"href":"https:\/\/olemosaic.com\/fr\/wp-json\/wp\/v2\/product\/27692","targetHints":{"allow":["GET"]}}],"collection":[{"href":"https:\/\/olemosaic.com\/fr\/wp-json\/wp\/v2\/product"}],"about":[{"href":"https:\/\/olemosaic.com\/fr\/wp-json\/wp\/v2\/types\/product"}],"wp:featuredmedia":[{"embeddable":true,"href":"https:\/\/olemosaic.com\/fr\/wp-json\/wp\/v2\/media\/7372"}],"wp:attachment":[{"href":"https:\/\/olemosaic.com\/fr\/wp-json\/wp\/v2\/media?parent=27692"}],"wp:term":[{"taxonomy":"product_brand","embeddable":true,"href":"https:\/\/olemosaic.com\/fr\/wp-json\/wp\/v2\/product_brand?post=27692"},{"taxonomy":"product_cat","embeddable":true,"href":"https:\/\/olemosaic.com\/fr\/wp-json\/wp\/v2\/product_cat?post=27692"},{"taxonomy":"product_tag","embeddable":true,"href":"https:\/\/olemosaic.com\/fr\/wp-json\/wp\/v2\/product_tag?post=27692"}],"curies":[{"name":"wp","href":"https:\/\/api.w.org\/{rel}","templated":true}]}}