{"id":27691,"date":"2025-02-20T23:29:27","date_gmt":"2025-02-20T22:29:27","guid":{"rendered":"http:\/\/olemosaic.com\/producto\/bol-de-ceramica-de-10-cm-salamandra-barcelona-beige\/"},"modified":"2025-07-25T19:40:53","modified_gmt":"2025-07-25T17:40:53","slug":"bol-en-ceramique-de-10-cm-salamandre-barcelone-beige","status":"publish","type":"product","link":"https:\/\/olemosaic.com\/fr\/produit\/bol-en-ceramique-de-10-cm-salamandre-barcelone-beige\/","title":{"rendered":"Bol en c\u00e9ramique de 10 cm. Salamandre. Barcelone. Beige"},"content":{"rendered":"<p>Ce bol en c\u00e9ramique de 10 cm est une magnifique repr\u00e9sentation de l&rsquo;esprit vibrant de Barcelone, con\u00e7u pour capturer l&rsquo;essence de la ville dans chaque d\u00e9tail. Sa finition beige offre un fond neutre qui fait ressortir le design color\u00e9, o\u00f9 de joyeuses salamandres et des fleurs, avec un effet peint \u00e0 la main par des experts, donnent vie \u00e0 la pi\u00e8ce. Avec un int\u00e9rieur rouge intense, ce bol est non seulement visuellement frappant, mais aussi fonctionnel, id\u00e9al aussi bien pour d\u00e9corer la cuisine que pour servir des ap\u00e9ritifs en toute occasion.<\/p>\n<p>Les salamandres, symbole de cr\u00e9ativit\u00e9 et de nature, \u00e9voquent la c\u00e9l\u00e8bre mosa\u00efque de Gaud\u00ed, une ic\u00f4ne de l&rsquo;art moderniste barcelonais. La combinaison de graphismes vibrants et joyeux refl\u00e8te la riche culture et le style innovant qui caract\u00e9risent Barcelone, faisant de ce bol un souvenir authentique et repr\u00e9sentatif de la ville. Parfait comme cadeau ou souvenir, ce bol en c\u00e9ramique est un excellent exemple de la mani\u00e8re dont les \u00e9l\u00e9ments traditionnels peuvent s&rsquo;entrelacer avec la contemporan\u00e9it\u00e9, offrant aux touristes une pi\u00e8ce qui \u00e9voque leurs exp\u00e9riences dans la ville.<\/p>\n<p>Chez Ol\u00e9 Mosaic, nous sommes des distributeurs de souvenirs en gros et nous proposons des produits authentiques qui c\u00e9l\u00e8brent le patrimoine culturel de l&rsquo;Espagne. Ce bol en c\u00e9ramique de Barcelone est un choix id\u00e9al pour les boutiques de cadeaux touristiques \u00e0 la recherche d&rsquo;articles uniques et de haute qualit\u00e9.<\/p>\n","protected":false},"excerpt":{"rendered":"<p>Bol en c\u00e9ramique de 10 cm, d\u00e9cor\u00e9 d&rsquo;un design color\u00e9 de salamandres et de fleurs repr\u00e9sentant l&rsquo;esprit vibrant de Barcelone. Ce bol, avec sa finition beige et son int\u00e9rieur rouge, affiche des graphismes joyeux peints \u00e0 la main qui \u00e9voquent la c\u00e9l\u00e8bre mosa\u00efque de Gaud\u00ed. Id\u00e9al comme pi\u00e8ce d\u00e9corative ou pour une utilisation en cuisine, son style singulier capture l&rsquo;essence de la ville et sa riche culture. Parfait pour offrir ou comme souvenir.<\/p>\n","protected":false},"featured_media":7540,"template":"","meta":{"_acf_changed":false},"product_brand":[],"product_cat":[521],"product_tag":[530,585],"class_list":{"0":"post-27691","1":"product","2":"type-product","3":"status-publish","4":"has-post-thumbnail","6":"product_cat-bols","7":"product_tag-animaux","8":"product_tag-ceramique","9":"pa_ciudad-barcelona","10":"pa_motivo-salamandres","11":"pa_pais-espana","13":"first","14":"instock","15":"shipping-taxable","16":"product-type-simple"},"acf":[],"_links":{"self":[{"href":"https:\/\/olemosaic.com\/fr\/wp-json\/wp\/v2\/product\/27691","targetHints":{"allow":["GET"]}}],"collection":[{"href":"https:\/\/olemosaic.com\/fr\/wp-json\/wp\/v2\/product"}],"about":[{"href":"https:\/\/olemosaic.com\/fr\/wp-json\/wp\/v2\/types\/product"}],"wp:featuredmedia":[{"embeddable":true,"href":"https:\/\/olemosaic.com\/fr\/wp-json\/wp\/v2\/media\/7540"}],"wp:attachment":[{"href":"https:\/\/olemosaic.com\/fr\/wp-json\/wp\/v2\/media?parent=27691"}],"wp:term":[{"taxonomy":"product_brand","embeddable":true,"href":"https:\/\/olemosaic.com\/fr\/wp-json\/wp\/v2\/product_brand?post=27691"},{"taxonomy":"product_cat","embeddable":true,"href":"https:\/\/olemosaic.com\/fr\/wp-json\/wp\/v2\/product_cat?post=27691"},{"taxonomy":"product_tag","embeddable":true,"href":"https:\/\/olemosaic.com\/fr\/wp-json\/wp\/v2\/product_tag?post=27691"}],"curies":[{"name":"wp","href":"https:\/\/api.w.org\/{rel}","templated":true}]}}