{"id":27675,"date":"2025-02-20T23:29:27","date_gmt":"2025-02-20T22:29:27","guid":{"rendered":"http:\/\/olemosaic.com\/producto\/bol-de-ceramica-de-10-cm-punt-de-trobada-beige\/"},"modified":"2025-07-25T22:48:14","modified_gmt":"2025-07-25T20:48:14","slug":"bol-en-ceramique-de-10-cm-punt-de-trobada-beige","status":"publish","type":"product","link":"https:\/\/olemosaic.com\/fr\/produit\/bol-en-ceramique-de-10-cm-punt-de-trobada-beige\/","title":{"rendered":"Bol en c\u00e9ramique de 10 cm. Punt de trobada. Beige"},"content":{"rendered":"<p>Ce bol en c\u00e9ramique de 10 cm est une magnifique pi\u00e8ce inspir\u00e9e de l&rsquo;art moderne, qui capture l&rsquo;essence du folklore espagnol \u00e0 travers son design vibrant. Avec une finition en beige doux, l&rsquo;int\u00e9rieur du bol d\u00e9ploie une mosa\u00efque attrayante de couleurs comprenant le rouge, le vert, le bleu et le noir, pr\u00e9sentant des formes abstraites qui \u00e9voquent la cr\u00e9ativit\u00e9 caract\u00e9ristique de la culture espagnole. Le bord bleu ressort avec \u00e9l\u00e9gance, offrant un contraste parfait avec l&rsquo;int\u00e9rieur color\u00e9 et ajoutant une touche distinctive \u00e0 cette pi\u00e8ce fonctionnelle.<\/p>\n<p>Peint \u00e0 la main par des artisans, chaque bol est une \u0153uvre unique, remplie de d\u00e9tails artistiques qui lui conf\u00e8rent un caract\u00e8re exceptionnel, en faisant non seulement un ustensile utile pour servir des ap\u00e9ritifs, mais aussi un \u00e9l\u00e9ment d\u00e9coratif attrayant pour n&rsquo;importe quel foyer. Ce souvenir authentique est un symbole du riche h\u00e9ritage culturel de l&rsquo;Espagne, id\u00e9al pour les touristes qui souhaitent emporter un souvenir de leur voyage.<\/p>\n<p>Chez Ol\u00e9 Mosaic, nous nous sp\u00e9cialisons dans la distribution de souvenirs en gros, et ce bol en c\u00e9ramique est une option parfaite pour les boutiques de cadeaux touristiques qui souhaitent proposer des produits authentiques avec une signification culturelle. Notre engagement en tant que grossiste en c\u00e9ramique garantit la qualit\u00e9 et un design tr\u00e8s sp\u00e9cial dans chacune de nos pi\u00e8ces.<\/p>\n","protected":false},"excerpt":{"rendered":"<p>Bol en c\u00e9ramique de 10 cm, finition de couleur beige avec un design vibrant inspir\u00e9 de l&rsquo;art moderne. Ce bol attrayant pr\u00e9sente des motifs color\u00e9s, avec des formes abstraites en rouge, vert, bleu et noir, qui \u00e9voquent l&rsquo;essence de la cr\u00e9ativit\u00e9 et du folklore espagnol. Son bord bleu ajoute une touche distinctive, tandis que la surface au design artisanal, peinte \u00e0 la main, souligne les d\u00e9tails artistiques. Id\u00e9al pour servir des ap\u00e9ritifs ou comme pi\u00e8ce d\u00e9corative dans n&rsquo;importe quel foyer.<\/p>\n","protected":false},"featured_media":10051,"template":"","meta":{"_acf_changed":false},"product_brand":[],"product_cat":[521],"product_tag":[585],"class_list":{"0":"post-27675","1":"product","2":"type-product","3":"status-publish","4":"has-post-thumbnail","6":"product_cat-bols","7":"product_tag-ceramique","8":"pa_motivo-punt-de-trobada","10":"first","11":"instock","12":"shipping-taxable","13":"product-type-simple"},"acf":[],"_links":{"self":[{"href":"https:\/\/olemosaic.com\/fr\/wp-json\/wp\/v2\/product\/27675","targetHints":{"allow":["GET"]}}],"collection":[{"href":"https:\/\/olemosaic.com\/fr\/wp-json\/wp\/v2\/product"}],"about":[{"href":"https:\/\/olemosaic.com\/fr\/wp-json\/wp\/v2\/types\/product"}],"wp:featuredmedia":[{"embeddable":true,"href":"https:\/\/olemosaic.com\/fr\/wp-json\/wp\/v2\/media\/10051"}],"wp:attachment":[{"href":"https:\/\/olemosaic.com\/fr\/wp-json\/wp\/v2\/media?parent=27675"}],"wp:term":[{"taxonomy":"product_brand","embeddable":true,"href":"https:\/\/olemosaic.com\/fr\/wp-json\/wp\/v2\/product_brand?post=27675"},{"taxonomy":"product_cat","embeddable":true,"href":"https:\/\/olemosaic.com\/fr\/wp-json\/wp\/v2\/product_cat?post=27675"},{"taxonomy":"product_tag","embeddable":true,"href":"https:\/\/olemosaic.com\/fr\/wp-json\/wp\/v2\/product_tag?post=27675"}],"curies":[{"name":"wp","href":"https:\/\/api.w.org\/{rel}","templated":true}]}}