{"id":27672,"date":"2025-02-20T22:29:27","date_gmt":"2025-02-20T22:29:27","guid":{"rendered":"http:\/\/olemosaic.com\/producto\/bol-de-ceramica-de-10-cm-salamandra-mallorca-beige\/"},"modified":"2025-07-25T20:35:20","modified_gmt":"2025-07-25T18:35:20","slug":"bol-en-ceramique-de-10-cm-salamandre-majorque-beige","status":"publish","type":"product","link":"https:\/\/olemosaic.com\/fr\/produit\/bol-en-ceramique-de-10-cm-salamandre-majorque-beige\/","title":{"rendered":"Bol en c\u00e9ramique de 10 cm. Salamandre. Majorque. Beige"},"content":{"rendered":"<p>Ce bol en c\u00e9ramique de 10 cm est un charmant souvenir de Majorque qui capture l&rsquo;essence vibrante de cette \u00eele des Bal\u00e9ares. D\u00e9cor\u00e9 de motifs artistiques de salamandres, son design pr\u00e9sente un fond blanc qui fait ressortir une mosa\u00efque color\u00e9e de salamandres dans les tons bleus, rouges et verts, qui s&rsquo;entrelacent joyeusement parmi des fleurs multicolores, cr\u00e9ant un v\u00e9ritable festin visuel. Le mot \u00ab\u00a0MALLORCA\u00a0\u00bb appara\u00eet dans des lettres amusantes et joyeuses, ajoutant une touche ludique \u00e0 cette pi\u00e8ce. Le bord ext\u00e9rieur, d&rsquo;une douce couleur beige, encadre avec \u00e9l\u00e9gance l&rsquo;int\u00e9rieur color\u00e9, faisant de ce bol non seulement un objet fonctionnel, mais aussi une pi\u00e8ce d\u00e9corative id\u00e9ale pour n&rsquo;importe quel environnement.<\/p>\n<p>Avec sa riche connexion culturelle, ce bol est un excellent rappel de la biodiversit\u00e9 et du folklore de Majorque, o\u00f9 les salamandres symbolisent la vie et la richesse naturelle de l&rsquo;\u00eele. Ce produit d&rsquo;Ol\u00e9 Mosaic est parfait pour les touristes \u00e0 la recherche de souvenirs authentiques de Majorque ou d&rsquo;un cadeau qui capture l&rsquo;essence de leur exp\u00e9rience sur l&rsquo;\u00eele. En tant que grossistes en c\u00e9ramique, nous proposons des pi\u00e8ces uniques qui repr\u00e9sentent la tradition artisanale locale. Ce bol en c\u00e9ramique n&rsquo;est pas seulement un souvenir de Majorque, mais aussi un \u00e9l\u00e9ment d\u00e9coratif remarquable qui ajoutera une touche distinctive \u00e0 n&rsquo;importe quel foyer.<\/p>\n","protected":false},"excerpt":{"rendered":"<p>Bol en c\u00e9ramique de 10 cm orn\u00e9 de salamandres color\u00e9es dans un design vibrant inspir\u00e9 de Majorque. Ce magnifique bol pr\u00e9sente un fond blanc d\u00e9cor\u00e9 de mosa\u00efques de salamandres dans les tons bleus, rouges et verts, accompagn\u00e9es de fleurs multicolores. Le mot \u00ab\u00a0MALLORCA\u00a0\u00bb se distingue par une typographie joyeuse, le tout compl\u00e9t\u00e9 par un bord ext\u00e9rieur de couleur beige. Id\u00e9al comme souvenir ou pour donner une touche distinctive \u00e0 votre maison.<\/p>\n","protected":false},"featured_media":7727,"template":"","meta":{"_acf_changed":false},"product_brand":[],"product_cat":[521],"product_tag":[530,585],"class_list":{"0":"post-27672","1":"product","2":"type-product","3":"status-publish","4":"has-post-thumbnail","6":"product_cat-bols","7":"product_tag-animaux","8":"product_tag-ceramique","9":"pa_ciudad-mallorca","10":"pa_motivo-salamandres","11":"pa_pais-espana","13":"first","14":"instock","15":"shipping-taxable","16":"product-type-simple"},"acf":[],"_links":{"self":[{"href":"https:\/\/olemosaic.com\/fr\/wp-json\/wp\/v2\/product\/27672","targetHints":{"allow":["GET"]}}],"collection":[{"href":"https:\/\/olemosaic.com\/fr\/wp-json\/wp\/v2\/product"}],"about":[{"href":"https:\/\/olemosaic.com\/fr\/wp-json\/wp\/v2\/types\/product"}],"wp:featuredmedia":[{"embeddable":true,"href":"https:\/\/olemosaic.com\/fr\/wp-json\/wp\/v2\/media\/7727"}],"wp:attachment":[{"href":"https:\/\/olemosaic.com\/fr\/wp-json\/wp\/v2\/media?parent=27672"}],"wp:term":[{"taxonomy":"product_brand","embeddable":true,"href":"https:\/\/olemosaic.com\/fr\/wp-json\/wp\/v2\/product_brand?post=27672"},{"taxonomy":"product_cat","embeddable":true,"href":"https:\/\/olemosaic.com\/fr\/wp-json\/wp\/v2\/product_cat?post=27672"},{"taxonomy":"product_tag","embeddable":true,"href":"https:\/\/olemosaic.com\/fr\/wp-json\/wp\/v2\/product_tag?post=27672"}],"curies":[{"name":"wp","href":"https:\/\/api.w.org\/{rel}","templated":true}]}}