{"id":27671,"date":"2025-02-20T23:29:27","date_gmt":"2025-02-20T22:29:27","guid":{"rendered":"http:\/\/olemosaic.com\/producto\/bol-de-ceramica-de-10-cm-panoramica-barcelona-beige-2\/"},"modified":"2025-07-25T20:21:48","modified_gmt":"2025-07-25T18:21:48","slug":"bol-en-ceramique-de-10-cm-panoramique-barcelone-beige-2","status":"publish","type":"product","link":"https:\/\/olemosaic.com\/fr\/produit\/bol-en-ceramique-de-10-cm-panoramique-barcelone-beige-2\/","title":{"rendered":"Bol en c\u00e9ramique de 10 cm. Panoramique. Sagrada Familia. Barcelone. Beige"},"content":{"rendered":"<p>Ce bol en c\u00e9ramique de 10 cm est un charmant souvenir de Barcelone qui capture l&rsquo;essence artistique et architecturale de la ville. Avec une vue panoramique color\u00e9e qui inclut l&#8217;embl\u00e9matique Sagrada Familia et d&rsquo;autres monuments c\u00e9l\u00e8bres, cette pi\u00e8ce est con\u00e7ue pour attirer les regards et \u00e9veiller les souvenirs de cette m\u00e9tropole vibrante. Les dessins \u00e9clatants qui ornent l&rsquo;ext\u00e9rieur du bol sont une c\u00e9l\u00e9bration de l&rsquo;art moderniste, avec une utilisation ing\u00e9nieuse des couleurs qui s&rsquo;entrelacent pour repr\u00e9senter la diversit\u00e9 culturelle de Barcelone. L&rsquo;int\u00e9rieur beige du bol, contrast\u00e9 par un bord rouge, ajoute une touche \u00e9l\u00e9gante et accueillante, ce qui en fait un objet d\u00e9coratif id\u00e9al ou une pi\u00e8ce fonctionnelle pour servir des ap\u00e9ritifs.<\/p>\n<p>Le texte \u00ab\u00a0Barcelona\u00a0\u00bb, encadr\u00e9 par des motifs culturels, invite les touristes \u00e0 emporter un petit morceau de cette ville merveilleuse chez eux. Ce bol n&rsquo;est pas seulement un souvenir attrayant, mais aussi un symbole du riche h\u00e9ritage artistique de la r\u00e9gion, parfait pour ceux qui cherchent \u00e0 capturer l&rsquo;essence de Barcelone de mani\u00e8re authentique et esth\u00e9tique. Chez Ol\u00e9 Mosaic, votre distributeur de souvenirs en gros, ce bol repr\u00e9sente une option parfaite pour les boutiques de cadeaux touristiques \u00e0 la recherche de produits de qualit\u00e9 refl\u00e9tant la culture locale et l&rsquo;art de Barcelone.<\/p>\n","protected":false},"excerpt":{"rendered":"<p>Bol en c\u00e9ramique de 10 cm avec une charmante vue panoramique de Barcelone. Cette pi\u00e8ce pr\u00e9sente un design color\u00e9 qui met en valeur la c\u00e9l\u00e8bre Sagrada Familia et d&rsquo;autres monuments embl\u00e9matiques de la ville. Le bol est d\u00e9cor\u00e9 de dessins vibrants et du mot \u00ab\u00a0Barcelona\u00a0\u00bb, encadr\u00e9 par des motifs culturels. Avec un int\u00e9rieur beige et des d\u00e9tails en rouge, il est id\u00e9al pour servir ou comme objet d\u00e9coratif, capturant l&rsquo;essence de l&rsquo;art et de l&rsquo;architecture moderniste de la ville.<\/p>\n","protected":false},"featured_media":7708,"template":"","meta":{"_acf_changed":false},"product_brand":[],"product_cat":[521],"product_tag":[585],"class_list":{"0":"post-27671","1":"product","2":"type-product","3":"status-publish","4":"has-post-thumbnail","6":"product_cat-bols","7":"product_tag-ceramique","8":"pa_ciudad-barcelona","9":"pa_motivo-panoramas","10":"pa_pais-espana","12":"first","13":"instock","14":"shipping-taxable","15":"product-type-simple"},"acf":[],"_links":{"self":[{"href":"https:\/\/olemosaic.com\/fr\/wp-json\/wp\/v2\/product\/27671","targetHints":{"allow":["GET"]}}],"collection":[{"href":"https:\/\/olemosaic.com\/fr\/wp-json\/wp\/v2\/product"}],"about":[{"href":"https:\/\/olemosaic.com\/fr\/wp-json\/wp\/v2\/types\/product"}],"wp:featuredmedia":[{"embeddable":true,"href":"https:\/\/olemosaic.com\/fr\/wp-json\/wp\/v2\/media\/7708"}],"wp:attachment":[{"href":"https:\/\/olemosaic.com\/fr\/wp-json\/wp\/v2\/media?parent=27671"}],"wp:term":[{"taxonomy":"product_brand","embeddable":true,"href":"https:\/\/olemosaic.com\/fr\/wp-json\/wp\/v2\/product_brand?post=27671"},{"taxonomy":"product_cat","embeddable":true,"href":"https:\/\/olemosaic.com\/fr\/wp-json\/wp\/v2\/product_cat?post=27671"},{"taxonomy":"product_tag","embeddable":true,"href":"https:\/\/olemosaic.com\/fr\/wp-json\/wp\/v2\/product_tag?post=27671"}],"curies":[{"name":"wp","href":"https:\/\/api.w.org\/{rel}","templated":true}]}}